{"id":1761,"date":"2025-04-24T08:31:19","date_gmt":"2025-04-24T08:31:19","guid":{"rendered":"https:\/\/wordpress.themeholy.com\/piller\/?page_id=1761"},"modified":"2026-01-22T19:16:12","modified_gmt":"2026-01-22T19:16:12","slug":"servicios","status":"publish","type":"page","link":"https:\/\/mickeyshomes.com\/es\/services\/","title":{"rendered":"Servicios"},"content":{"rendered":"<div data-elementor-type=\"wp-page\" data-elementor-id=\"1761\" class=\"elementor elementor-1761\" data-elementor-post-type=\"page\">\n\t\t\t\t<div class=\"elementor-element elementor-element-9fa073b e-flex e-con-boxed e-con e-parent\" data-id=\"9fa073b\" data-element_type=\"container\" data-e-type=\"container\">\n\t\t\t\t\t<div class=\"e-con-inner\">\n\t\t\r\n\t\t<div class=\"elementor-element elementor-element-83ff2b1 elementor-widget elementor-widget-pillerservice\" data-id=\"83ff2b1\" data-element_type=\"widget\" data-e-type=\"widget\" data-widget_type=\"pillerservice.default\">\n\t\t\t\t<div class=\"elementor-widget-container\">\n\t\t\t\t\t<div class=\"row gy-40 justify-content-center\"><div class=\"col-xl-4 col-md-6 th-service-loop fadeinup wow\"><div class=\"service-card\"><div class=\"box-thumb\"><a href=\"https:\/\/mickeyshomes.com\/es\/gestion-inmobiliaria\/\"><img decoding=\"async\" src=\"https:\/\/mickeyshomes.com\/wp-content\/uploads\/2025\/12\/Property-Management.png\" alt=\"Gesti\u00f3n de la propiedad\"  \/><\/a><\/div><div class=\"box-content\"><div class=\"icon-wrap\"><div class=\"icon\"><img decoding=\"async\" src=\"https:\/\/mickeyshomes.com\/wp-content\/uploads\/2026\/01\/house.png\" alt=\"casa\"  \/><\/div><div class=\"number\"><h3>01<\/h3><\/div><\/div><h3 class=\"box-title\"><a href=\"https:\/\/mickeyshomes.com\/es\/gestion-inmobiliaria\/\">Gesti\u00f3n de la propiedad<\/a><\/h3><p class=\"box-text\">Servicio completo de administraci\u00f3n de propiedades para viviendas unifamiliares, condominios y propiedades de unidades m\u00faltiples, dise\u00f1ado para proteger su inversi\u00f3n y maximizar el valor a largo plazo.<\/p><\/div><\/div><\/div><div class=\"col-xl-4 col-md-6 th-service-loop fadeinup wow\"><div class=\"service-card\"><div class=\"box-thumb\"><a href=\"https:\/\/mickeyshomes.com\/es\/marketing-inmobiliario\/\"><img decoding=\"async\" src=\"https:\/\/mickeyshomes.com\/wp-content\/uploads\/2025\/12\/Real-Estate-Marketing.png\" alt=\"Marketing inmobiliario\"  \/><\/a><\/div><div class=\"box-content\"><div class=\"icon-wrap\"><div class=\"icon\"><img decoding=\"async\" src=\"https:\/\/mickeyshomes.com\/wp-content\/uploads\/2026\/01\/marketing-F.png\" alt=\"marketing F\"  \/><\/div><div class=\"number\"><h3>02<\/h3><\/div><\/div><h3 class=\"box-title\"><a href=\"https:\/\/mickeyshomes.com\/es\/marketing-inmobiliario\/\">Marketing inmobiliario<\/a><\/h3><p class=\"box-text\">Promocionamos su propiedad mediante fotos profesionales, listados detallados, visitas virtuales y plataformas de alto tr\u00e1fico para atraer inquilinos de calidad y reducir el tiempo de desocupaci\u00f3n.<\/p><\/div><\/div><\/div><div class=\"col-xl-4 col-md-6 th-service-loop fadeinup wow\"><div class=\"service-card\"><div class=\"box-thumb\"><a href=\"https:\/\/mickeyshomes.com\/es\/seleccion-de-inquilinos\/\"><img decoding=\"async\" src=\"https:\/\/mickeyshomes.com\/wp-content\/uploads\/2025\/12\/Tenant-Screening.png\" alt=\"Selecci\u00f3n de inquilinos\"  \/><\/a><\/div><div class=\"box-content\"><div class=\"icon-wrap\"><div class=\"icon\"><img decoding=\"async\" src=\"https:\/\/mickeyshomes.com\/wp-content\/uploads\/2026\/01\/Tenant.png\" alt=\"Inquilino\"  \/><\/div><div class=\"number\"><h3>03<\/h3><\/div><\/div><h3 class=\"box-title\"><a href=\"https:\/\/mickeyshomes.com\/es\/seleccion-de-inquilinos\/\">Selecci\u00f3n de inquilinos<\/a><\/h3><p class=\"box-text\">Todos los solicitantes son examinados cuidadosamente mediante comprobaciones de cr\u00e9dito, informes de antecedentes, historial de alquiler y verificaci\u00f3n de ingresos para garantizar inquilinos fiables.<\/p><\/div><\/div><\/div><div class=\"col-xl-4 col-md-6 th-service-loop fadeinup wow\"><div class=\"service-card\"><div class=\"box-thumb\"><a href=\"https:\/\/mickeyshomes.com\/es\/cobro-de-alquileres\/\"><img decoding=\"async\" src=\"https:\/\/mickeyshomes.com\/wp-content\/uploads\/2025\/12\/Rent-Collection.png\" alt=\"Cobro de alquileres\"  \/><\/a><\/div><div class=\"box-content\"><div class=\"icon-wrap\"><div class=\"icon\"><img decoding=\"async\" src=\"https:\/\/mickeyshomes.com\/wp-content\/uploads\/2026\/01\/Rent-.png\" alt=\"Alquiler \"  \/><\/div><div class=\"number\"><h3>04<\/h3><\/div><\/div><h3 class=\"box-title\"><a href=\"https:\/\/mickeyshomes.com\/es\/cobro-de-alquileres\/\">Cobro de alquileres<\/a><\/h3><p class=\"box-text\">Garantizamos un flujo de caja constante con pagos seguros en l\u00ednea, recordatorios autom\u00e1ticos, aplicaci\u00f3n de recargos por demora y desembolsos r\u00e1pidos al propietario.<\/p><\/div><\/div><\/div><div class=\"col-xl-4 col-md-6 th-service-loop fadeinup wow\"><div class=\"service-card\"><div class=\"box-thumb\"><a href=\"https:\/\/mickeyshomes.com\/es\/reparaciones-de-mantenimiento\/\"><img decoding=\"async\" src=\"https:\/\/mickeyshomes.com\/wp-content\/uploads\/2025\/12\/Maintenance-and-Repairs.png\" alt=\"Mantenimiento y reparaciones\"  \/><\/a><\/div><div class=\"box-content\"><div class=\"icon-wrap\"><div class=\"icon\"><img decoding=\"async\" src=\"https:\/\/mickeyshomes.com\/wp-content\/uploads\/2026\/01\/Maintenance.png\" alt=\"Mantenimiento\"  \/><\/div><div class=\"number\"><h3>05<\/h3><\/div><\/div><h3 class=\"box-title\"><a href=\"https:\/\/mickeyshomes.com\/es\/reparaciones-de-mantenimiento\/\">Mantenimiento y reparaciones<\/a><\/h3><p class=\"box-text\">Desde el mantenimiento rutinario hasta las reparaciones de emergencia 24\/7, mantenemos su propiedad en las mejores condiciones a la vez que protegemos su activo.\n\n<\/p><\/div><\/div><\/div><div class=\"col-xl-4 col-md-6 th-service-loop fadeinup wow\"><div class=\"service-card\"><div class=\"box-thumb\"><a href=\"https:\/\/mickeyshomes.com\/es\/informes-financieros\/\"><img decoding=\"async\" src=\"https:\/\/mickeyshomes.com\/wp-content\/uploads\/2025\/12\/Financial-Reports.png\" alt=\"Informes financieros\"  \/><\/a><\/div><div class=\"box-content\"><div class=\"icon-wrap\"><div class=\"icon\"><img decoding=\"async\" src=\"https:\/\/mickeyshomes.com\/wp-content\/uploads\/2026\/01\/Financial-Report.png\" alt=\"Informe financiero\"  \/><\/div><div class=\"number\"><h3>06<\/h3><\/div><\/div><h3 class=\"box-title\"><a href=\"https:\/\/mickeyshomes.com\/es\/informes-financieros\/\">Informes financieros<\/a><\/h3><p class=\"box-text\">Acceda a datos financieros en tiempo real, declaraciones de ingresos y gastos, registros de mantenimiento y documentos listos para la declaraci\u00f3n de impuestos a trav\u00e9s de su portal seguro de propietario.<\/p><\/div><\/div><\/div><\/div><script>\r\n\tjQuery(document).ready(function($) {\r\n\t\t\/\/ Set the number of items to show initially and load on each click\r\n\t\tvar itemsToShow = 9;\r\n\t\tvar itemsPerLoad = 3; \r\n\t\tvar currentIndex = itemsToShow;\r\n\t\r\n\t\t\/\/ Hide items beyond the initial count\r\n\t\t$('.th-service-loop').slice(itemsToShow).hide();      \r\n\t\r\n\t\t\/\/ Attach a click event to the \"Load More\" button\r\n\t\t$('#load-more-service-btn').on('click', function() {\r\n\t\t\t\/\/ Show the next batch of items\r\n\t\t\t$('.th-service-loop').slice(currentIndex, currentIndex + itemsPerLoad).fadeIn();\r\n\t\t\t\r\n\t\t\t\/\/ Update the current index\r\n\t\t\tcurrentIndex += itemsPerLoad;\r\n\t\r\n\t\t\t\/\/ Hide the \"Load More\" button if all items are displayed\r\n\t\t\tif (currentIndex >= $('.th-service-loop').length) {\r\n\t\t\t\t$('#load-more-service-btn').hide();\r\n\t\t\t}\r\n\t\t});\r\n\t});\r\n<\/script>\r\n\r\n\t\t\t\t\t\t<\/div>\n\t\t\t\t<\/div>\n\t\t\t\t\t<\/div>\n\t\t\t\t<\/div>\n\t\t\t\t<\/div>","protected":false},"excerpt":{"rendered":"<p>01 Property Management Full-service property management for single-family homes, condos, and multi-unit properties, designed to protect your investment and maximize long-term value. 02 Property Marketing We promote your property using professional photos, detailed listings, virtual tours, and high-traffic platforms to attract quality tenants and reduce vacancy time. 03 Tenant Screening Every applicant is carefully screened&#8230;<\/p>","protected":false},"author":1,"featured_media":0,"parent":0,"menu_order":0,"comment_status":"closed","ping_status":"closed","template":"template-builder.php","meta":{"_joinchat":[],"footnotes":""},"class_list":["post-1761","page","type-page","status-publish","hentry"],"_links":{"self":[{"href":"https:\/\/mickeyshomes.com\/es\/wp-json\/wp\/v2\/pages\/1761","targetHints":{"allow":["GET"]}}],"collection":[{"href":"https:\/\/mickeyshomes.com\/es\/wp-json\/wp\/v2\/pages"}],"about":[{"href":"https:\/\/mickeyshomes.com\/es\/wp-json\/wp\/v2\/types\/page"}],"author":[{"embeddable":true,"href":"https:\/\/mickeyshomes.com\/es\/wp-json\/wp\/v2\/users\/1"}],"replies":[{"embeddable":true,"href":"https:\/\/mickeyshomes.com\/es\/wp-json\/wp\/v2\/comments?post=1761"}],"version-history":[{"count":0,"href":"https:\/\/mickeyshomes.com\/es\/wp-json\/wp\/v2\/pages\/1761\/revisions"}],"wp:attachment":[{"href":"https:\/\/mickeyshomes.com\/es\/wp-json\/wp\/v2\/media?parent=1761"}],"curies":[{"name":"wp","href":"https:\/\/api.w.org\/{rel}","templated":true}]}}