{"id":1988,"date":"2025-04-27T08:34:36","date_gmt":"2025-04-27T08:34:36","guid":{"rendered":"https:\/\/wordpress.themeholy.com\/piller\/?page_id=1988"},"modified":"2026-01-28T04:11:03","modified_gmt":"2026-01-28T04:11:03","slug":"preguntas-frecuentes","status":"publish","type":"page","link":"https:\/\/mickeyshomes.com\/es\/owner-faqs\/","title":{"rendered":"Preguntas frecuentes de los propietarios"},"content":{"rendered":"<div data-elementor-type=\"wp-page\" data-elementor-id=\"1988\" class=\"elementor elementor-1988\" data-elementor-post-type=\"page\">\n\t\t\t\t<div class=\"elementor-element elementor-element-d82ceca e-flex e-con-boxed e-con e-parent\" data-id=\"d82ceca\" data-element_type=\"container\" data-e-type=\"container\">\n\t\t\t\t\t<div class=\"e-con-inner\">\n\t\t<div class=\"elementor-element elementor-element-574b9df e-con-full e-flex e-con e-child\" data-id=\"574b9df\" data-element_type=\"container\" data-e-type=\"container\">\n\t\t\r\n\t\t<div class=\"elementor-element elementor-element-8d2ad62 elementor-widget elementor-widget-pillersectiontitle\" data-id=\"8d2ad62\" data-element_type=\"widget\" data-e-type=\"widget\" data-widget_type=\"pillersectiontitle.default\">\n\t\t\t\t<div class=\"elementor-widget-container\">\n\t\t\t\t\t\t\t<div class=\"title-area text-left\">\r\n\t\t\t<span class=\"sub-title text-anime-style-1\"><span class=\"double-line\"><\/span>PREGUNTAS FRECUENTES<\/span><h2 class=\"sec-title text-anime-style-2\">Preguntas frecuentes de los propietarios<\/h2><p>\u00bfQu\u00e9 le gustar\u00eda saber sobre la gesti\u00f3n inmobiliaria?\nEncuentre respuestas claras sobre c\u00f3mo gestionamos su alquiler, protegemos su inversi\u00f3n y le ayudamos a maximizar los ingresos con servicios profesionales de administraci\u00f3n de propiedades.\n<\/p>\t\t<\/div>\r\n\r\n\t\t\t\t\t<\/div>\n\t\t\t\t<\/div>\n\t\t\t\t<div class=\"elementor-element elementor-element-3527998 elementor-widget elementor-widget-pillerbutton\" data-id=\"3527998\" data-element_type=\"widget\" data-e-type=\"widget\" data-widget_type=\"pillerbutton.default\">\n\t\t\t\t<div class=\"elementor-widget-container\">\n\t\t\t\t\t<div class=\"btn-wrapper\"><a class=\"th-btn th_btn pill\" href=\"https:\/\/wordpress.themehour.net\/piller\/contact\/\">Consulta gratuita<\/a><\/div>\t\t\t\t<\/div>\n\t\t\t\t<\/div>\n\t\t\t\t<div class=\"elementor-element elementor-element-da69440 elementor-widget elementor-widget-pillercontactinfo\" data-id=\"da69440\" data-element_type=\"widget\" data-e-type=\"widget\" data-widget_type=\"pillercontactinfo.default\">\n\t\t\t\t<div class=\"elementor-widget-container\">\n\t\t\t\t\t<div class=\"widget bg-smoke faq\"><div class=\"th-widget-contact\"><div class=\"info-box\"><div class=\"info-box_icon\"><i class=\"fas fa-phone\"><\/i><\/div><div class=\"info-box_text desc\"><a href=\"tel:+1 352-348-8033\" class=\"info-box_link\">+1 352-348-8033<\/a><\/div><\/div><div class=\"info-box\"><div class=\"info-box_icon\"><i class=\"fas fa-envelope\"><\/i><\/div><div class=\"info-box_text desc\"><a href=\"mailto:info@mickeyshomes.com\" class=\"info-box_link\"> info@mickeyshomes.com<\/a><\/div><\/div><div class=\"info-box\"><div class=\"info-box_icon\"><i class=\"fas fa-location-dot\"><\/i><\/div><div class=\"info-box_text desc\">4904 Cape Hatteras Dr, Clermont, FL 34714<\/div><\/div><\/div><\/div>\t\t\t\t<\/div>\n\t\t\t\t<\/div>\n\t\t\t\t<\/div>\n\t\t<div class=\"elementor-element elementor-element-aefe5d4 e-con-full e-flex e-con e-child\" data-id=\"aefe5d4\" data-element_type=\"container\" data-e-type=\"container\">\n\t\t\t\t<div class=\"elementor-element elementor-element-ab5325a elementor-widget elementor-widget-pillerfaq\" data-id=\"ab5325a\" data-element_type=\"widget\" data-e-type=\"widget\" data-widget_type=\"pillerfaq.default\">\n\t\t\t\t<div class=\"elementor-widget-container\">\n\t\t\t\t\t<div class=\"th-faq-wrapper\"><div class=\"accordion-1 accordion\" id=\"faqAccordion1\"><div class=\"accordion-card active wow fadeinup\"  data-wow-delay=\"0.1s\"><div class=\"accordion-header\" id=\"collapse-item-69e16938aabb4\"><button class=\"accordion-button\" type=\"button\" data-bs-toggle=\"collapse\" data-bs-target=\"#collapse-69e16938aabb4\" aria-expanded=\"true\" aria-controls=\"collapse-69e16938aabb4\"><span class=\"serial-numb\">1. <\/span>  \u00bfQu\u00e9 diferencia a mickey's home part de otras empresas?<\/button><\/div><div id=\"collapse-69e16938aabb4\" class=\"accordion-collapse collapse show\" aria-labelledby=\"collapse-item-69e16938aabb4\" data-bs-parent=\"#faqAccordion1\"><div class=\"accordion-body\"><div class=\"faq-text\"><p>En <strong data-start=\"152\" data-end=\"169\">La casa de Mickey<\/strong>, Tratamos cada propiedad como si fuera nuestra, independientemente de su valor. Nuestro enfoque se basa en la transparencia, la comunicaci\u00f3n receptiva y la satisfacci\u00f3n del cliente a largo plazo. Nos centramos no s\u00f3lo en satisfacer las necesidades de los propietarios, sino tambi\u00e9n en establecer relaciones positivas con los inquilinos. Mediante una gesti\u00f3n pr\u00e1ctica y una resoluci\u00f3n eficaz de los problemas, protegemos su inversi\u00f3n y contribuimos a que rinda al m\u00e1ximo.<\/p><\/div><\/div><\/div><\/div><div class=\"accordion-card  wow fadeinup\"  data-wow-delay=\"0.3s\"><div class=\"accordion-header\" id=\"collapse-item-69e16938aad20\"><button class=\"accordion-button collapsed\" type=\"button\" data-bs-toggle=\"collapse\" data-bs-target=\"#collapse-69e16938aad20\" aria-expanded=\"false\" aria-controls=\"collapse-69e16938aad20\"><span class=\"serial-numb\">2. <\/span> \u00bfC\u00f3mo me mantendr\u00e1 informado Mickey's Home sobre mi propiedad?<\/button><\/div><div id=\"collapse-69e16938aad20\" class=\"accordion-collapse collapse\" aria-labelledby=\"collapse-item-69e16938aad20\" data-bs-parent=\"#faqAccordion1\"><div class=\"accordion-body\"><div class=\"faq-text\"><p>En <strong data-start=\"149\" data-end=\"166\">La casa de Mickey<\/strong>, Cada propietario cuenta con el apoyo de dos gestores de propiedad dedicados y puede ponerse en contacto con nosotros f\u00e1cilmente por tel\u00e9fono, correo electr\u00f3nico o mensaje de texto. Damos prioridad a la comunicaci\u00f3n clara, honesta y oportuna. Recibir\u00e1 actualizaciones peri\u00f3dicas, informes financieros detallados y acceso completo al rendimiento de su propiedad a trav\u00e9s de nuestro portal del propietario. Si surge algo importante, nos ponemos en contacto con usted inmediatamente, para que siempre est\u00e9 informado y nunca le pille desprevenido.<\/p><\/div><\/div><\/div><\/div><div class=\"accordion-card  wow fadeinup\"  data-wow-delay=\"0.5s\"><div class=\"accordion-header\" id=\"collapse-item-69e16938aaded\"><button class=\"accordion-button collapsed\" type=\"button\" data-bs-toggle=\"collapse\" data-bs-target=\"#collapse-69e16938aaded\" aria-expanded=\"false\" aria-controls=\"collapse-69e16938aaded\"><span class=\"serial-numb\">3. <\/span> \u00bfQu\u00e9 servicios ofrece Mickey's Home a los propietarios?<\/button><\/div><div id=\"collapse-69e16938aaded\" class=\"accordion-collapse collapse\" aria-labelledby=\"collapse-item-69e16938aaded\" data-bs-parent=\"#faqAccordion1\"><div class=\"accordion-body\"><div class=\"faq-text\"><p>En <strong data-start=\"113\" data-end=\"130\">La casa de Mickey<\/strong>, Nos encargamos de todos los aspectos de su alquiler, desde el marketing y la selecci\u00f3n de inquilinos hasta el mantenimiento, el cobro de alquileres, las inspecciones y la gesti\u00f3n de arrendamientos. Nuestra misi\u00f3n es hacer que la propiedad sea sencilla y sin preocupaciones, al tiempo que le ayudamos a generar ingresos constantes y a largo plazo de su inversi\u00f3n.<\/p><\/div><\/div><\/div><\/div><div class=\"accordion-card  wow fadeinup\"  data-wow-delay=\"0.7s\"><div class=\"accordion-header\" id=\"collapse-item-69e16938aae87\"><button class=\"accordion-button collapsed\" type=\"button\" data-bs-toggle=\"collapse\" data-bs-target=\"#collapse-69e16938aae87\" aria-expanded=\"false\" aria-controls=\"collapse-69e16938aae87\"><span class=\"serial-numb\">4. <\/span>  \u00bfC\u00f3mo selecciona Mickey's Home a los posibles inquilinos?<\/button><\/div><div id=\"collapse-69e16938aae87\" class=\"accordion-collapse collapse\" aria-labelledby=\"collapse-item-69e16938aae87\" data-bs-parent=\"#faqAccordion1\"><div class=\"accordion-body\"><div class=\"faq-text\"><p>En <strong data-start=\"118\" data-end=\"135\">La casa de Mickey<\/strong>, Utilizamos un exhaustivo proceso de selecci\u00f3n que incluye la comprobaci\u00f3n de antecedentes, la evaluaci\u00f3n del cr\u00e9dito, la verificaci\u00f3n de los ingresos y el empleo, y la revisi\u00f3n del historial de alquiler. Solo aprobamos a inquilinos que cumplen nuestros elevados est\u00e1ndares de fiabilidad, responsabilidad y estabilidad a largo plazo.<\/p><\/div><\/div><\/div><\/div><div class=\"accordion-card  wow fadeinup\"  data-wow-delay=\"0.9s\"><div class=\"accordion-header\" id=\"collapse-item-69e16938aaf12\"><button class=\"accordion-button collapsed\" type=\"button\" data-bs-toggle=\"collapse\" data-bs-target=\"#collapse-69e16938aaf12\" aria-expanded=\"false\" aria-controls=\"collapse-69e16938aaf12\"><span class=\"serial-numb\">5. <\/span>  \u00bfTendr\u00e9 yo la \u00faltima palabra sobre la aprobaci\u00f3n de un inquilino?<\/button><\/div><div id=\"collapse-69e16938aaf12\" class=\"accordion-collapse collapse\" aria-labelledby=\"collapse-item-69e16938aaf12\" data-bs-parent=\"#faqAccordion1\"><div class=\"accordion-body\"><div class=\"faq-text\"><p>En <strong data-start=\"108\" data-end=\"125\">La casa de Mickey<\/strong>, nos encargamos de todo el proceso de selecci\u00f3n de inquilinos, pero usted siempre tiene la opci\u00f3n de participar en la aprobaci\u00f3n final. Le proporcionamos todos los detalles relevantes para que pueda tomar una decisi\u00f3n segura e informada.<\/p><\/div><\/div><\/div><\/div><div class=\"accordion-card  wow fadeinup\"  data-wow-delay=\"1.1s\"><div class=\"accordion-header\" id=\"collapse-item-69e16938aaf9a\"><button class=\"accordion-button collapsed\" type=\"button\" data-bs-toggle=\"collapse\" data-bs-target=\"#collapse-69e16938aaf9a\" aria-expanded=\"false\" aria-controls=\"collapse-69e16938aaf9a\"><span class=\"serial-numb\">6. <\/span>  \u00bfC\u00f3mo gestiona Mickey's Home el mantenimiento y las reparaciones?<\/button><\/div><div id=\"collapse-69e16938aaf9a\" class=\"accordion-collapse collapse\" aria-labelledby=\"collapse-item-69e16938aaf9a\" data-bs-parent=\"#faqAccordion1\"><div class=\"accordion-body\"><div class=\"faq-text\"><p>En <strong data-start=\"110\" data-end=\"127\">La casa de Mickey<\/strong>, Los inquilinos pueden enviar solicitudes de mantenimiento a trav\u00e9s de nuestro portal en l\u00ednea o ponerse en contacto con nuestra l\u00ednea de mantenimiento 24 horas. Esto nos permite responder r\u00e1pidamente y hacer un seguimiento exhaustivo de cada solicitud. Solo trabajamos con proveedores autorizados y asegurados, y siempre le mantenemos informado y aprobamos cualquier reparaci\u00f3n o gasto importante antes de seguir adelante.<\/p><\/div><\/div><\/div><\/div><div class=\"accordion-card  wow fadeinup\"  data-wow-delay=\"1.3s\"><div class=\"accordion-header\" id=\"collapse-item-69e16938ab021\"><button class=\"accordion-button collapsed\" type=\"button\" data-bs-toggle=\"collapse\" data-bs-target=\"#collapse-69e16938ab021\" aria-expanded=\"false\" aria-controls=\"collapse-69e16938ab021\"><span class=\"serial-numb\">7. <\/span> \u00bfCu\u00e1les son los gastos de gesti\u00f3n de Mickey's Home?<\/button><\/div><div id=\"collapse-69e16938ab021\" class=\"accordion-collapse collapse\" aria-labelledby=\"collapse-item-69e16938ab021\" data-bs-parent=\"#faqAccordion1\"><div class=\"accordion-body\"><div class=\"faq-text\"><p>En <strong data-start=\"113\" data-end=\"130\">La casa de Mickey<\/strong>, nuestros precios son claros, competitivos y totalmente transparentes. Nos tomamos el tiempo necesario para explicarle nuestra estructura de tarifas, de modo que siempre sepa exactamente a qu\u00e9 atenerse, sin costes ocultos. Usted s\u00f3lo paga por los servicios que utiliza, y no cobramos honorarios de gesti\u00f3n hasta que un inquilino se coloca en su propiedad.<\/p><\/div><\/div><\/div><\/div><div class=\"accordion-card  wow fadeinup\"  data-wow-delay=\"1.5s\"><div class=\"accordion-header\" id=\"collapse-item-69e16938ab0a5\"><button class=\"accordion-button collapsed\" type=\"button\" data-bs-toggle=\"collapse\" data-bs-target=\"#collapse-69e16938ab0a5\" aria-expanded=\"false\" aria-controls=\"collapse-69e16938ab0a5\"><span class=\"serial-numb\">8. <\/span> \u00bfCu\u00e1ndo env\u00eda Mickey's Home los pagos a los propietarios?<\/button><\/div><div id=\"collapse-69e16938ab0a5\" class=\"accordion-collapse collapse\" aria-labelledby=\"collapse-item-69e16938ab0a5\" data-bs-parent=\"#faqAccordion1\"><div class=\"accordion-body\"><div class=\"faq-text\"><p>En <strong data-start=\"113\" data-end=\"130\">La casa de Mickey<\/strong>, los pagos a los propietarios se env\u00edan mensualmente mediante dep\u00f3sito directo. La mayor\u00eda de los pagos se procesan entre el 5 y el 10 de cada mes. Tambi\u00e9n tendr\u00e1s acceso 24\/7 a tus estados de ingresos y gastos a trav\u00e9s de nuestro portal seguro para propietarios, lo que te proporcionar\u00e1 una visibilidad financiera total en todo momento.<\/p><\/div><\/div><\/div><\/div><div class=\"accordion-card  wow fadeinup\"  data-wow-delay=\"1.7s\"><div class=\"accordion-header\" id=\"collapse-item-69e16938ab130\"><button class=\"accordion-button collapsed\" type=\"button\" data-bs-toggle=\"collapse\" data-bs-target=\"#collapse-69e16938ab130\" aria-expanded=\"false\" aria-controls=\"collapse-69e16938ab130\"><span class=\"serial-numb\">9. <\/span> \u00bfPuedo utilizar mis propios contratistas o proveedores?<\/button><\/div><div id=\"collapse-69e16938ab130\" class=\"accordion-collapse collapse\" aria-labelledby=\"collapse-item-69e16938ab130\" data-bs-parent=\"#faqAccordion1\"><div class=\"accordion-body\"><div class=\"faq-text\"><p data-start=\"105\" data-end=\"327\">En <strong data-start=\"108\" data-end=\"125\">La casa de Mickey<\/strong>, Si lo desea, puede recurrir a sus propios proveedores o contratistas. Solo tiene que dec\u00edrnoslo con antelaci\u00f3n y nos coordinaremos con ellos para garantizar que todo se lleve a cabo de forma eficaz y sin complicaciones.<\/p><\/div><\/div><\/div><\/div><div class=\"accordion-card  wow fadeinup\"  data-wow-delay=\"1.9s\"><div class=\"accordion-header\" id=\"collapse-item-69e16938ab1d8\"><button class=\"accordion-button collapsed\" type=\"button\" data-bs-toggle=\"collapse\" data-bs-target=\"#collapse-69e16938ab1d8\" aria-expanded=\"false\" aria-controls=\"collapse-69e16938ab1d8\"><span class=\"serial-numb\">10. <\/span> \u00bfEn cu\u00e1nto tiempo pueden empezar a gestionar mi propiedad?<\/button><\/div><div id=\"collapse-69e16938ab1d8\" class=\"accordion-collapse collapse\" aria-labelledby=\"collapse-item-69e16938ab1d8\" data-bs-parent=\"#faqAccordion1\"><div class=\"accordion-body\"><div class=\"faq-text\"><p>Podemos empezar tan pronto como hayamos completado una revisi\u00f3n inicial de la propiedad y firmado un acuerdo de gesti\u00f3n. La mayor\u00eda de las propiedades se ponen en marcha en pocos d\u00edas laborables.<\/p><\/div><\/div><\/div><\/div><\/div><\/div>\t\t\t\t<\/div>\n\t\t\t\t<\/div>\n\t\t\t\t<\/div>\n\t\t\t\t\t<\/div>\n\t\t\t\t<\/div>\n\t\t\t\t<\/div>","protected":false},"excerpt":{"rendered":"<p>FAQ Owner Frequently Asked Questions What would you like to know about property management? Find clear answers about how we manage your rental, protect your investment, and help you maximize income with professional property management services. Free Consultation +1 352-348-8033 info@mickeyshomes.com4904 Cape Hatteras Dr, Clermont, FL 34714 1. What sets mickey\u00b4s home part from other&#8230;<\/p>","protected":false},"author":1,"featured_media":0,"parent":0,"menu_order":0,"comment_status":"closed","ping_status":"closed","template":"template-builder.php","meta":{"_joinchat":[],"footnotes":""},"class_list":["post-1988","page","type-page","status-publish","hentry"],"_links":{"self":[{"href":"https:\/\/mickeyshomes.com\/es\/wp-json\/wp\/v2\/pages\/1988","targetHints":{"allow":["GET"]}}],"collection":[{"href":"https:\/\/mickeyshomes.com\/es\/wp-json\/wp\/v2\/pages"}],"about":[{"href":"https:\/\/mickeyshomes.com\/es\/wp-json\/wp\/v2\/types\/page"}],"author":[{"embeddable":true,"href":"https:\/\/mickeyshomes.com\/es\/wp-json\/wp\/v2\/users\/1"}],"replies":[{"embeddable":true,"href":"https:\/\/mickeyshomes.com\/es\/wp-json\/wp\/v2\/comments?post=1988"}],"version-history":[{"count":0,"href":"https:\/\/mickeyshomes.com\/es\/wp-json\/wp\/v2\/pages\/1988\/revisions"}],"wp:attachment":[{"href":"https:\/\/mickeyshomes.com\/es\/wp-json\/wp\/v2\/media?parent=1988"}],"curies":[{"name":"wp","href":"https:\/\/api.w.org\/{rel}","templated":true}]}}