{"id":3904,"date":"2025-03-20T03:52:17","date_gmt":"2025-03-20T03:52:17","guid":{"rendered":"https:\/\/wordpress.themeholy.com\/piller\/?page_id=25"},"modified":"2025-12-23T22:59:03","modified_gmt":"2025-12-23T22:59:03","slug":"blog","status":"publish","type":"page","link":"https:\/\/mickeyshomes.com\/es\/blog\/","title":{"rendered":"Blog"},"content":{"rendered":"<div data-elementor-type=\"wp-page\" data-elementor-id=\"3904\" class=\"elementor elementor-3904\" data-elementor-post-type=\"page\">\n\t\t\t\t<div class=\"elementor-element elementor-element-413a76c e-flex e-con-boxed e-con e-parent\" data-id=\"413a76c\" data-element_type=\"container\" data-e-type=\"container\">\n\t\t\t\t\t<div class=\"e-con-inner\">\n\t\t\r\n\t\t<div class=\"elementor-element elementor-element-9abee9a elementor-widget elementor-widget-pillerblogpage\" data-id=\"9abee9a\" data-element_type=\"widget\" data-e-type=\"widget\" data-widget_type=\"pillerblogpage.default\">\n\t\t\t\t<div class=\"elementor-widget-container\">\n\t\t\t\t\t<div class=\"row gy-30\"><div class=\"col-lg-4 col-md-6 wow fadeinup\"><div class=\"blog-card\"><div class=\"blog-img\"><a href=\"https:\/\/mickeyshomes.com\/es\/the-building-into-housing-stocks-and-how-to-trade-sector\/\"><img fetchpriority=\"high\" decoding=\"async\" width=\"1072\" height=\"482\" src=\"https:\/\/mickeyshomes.com\/wp-content\/uploads\/2025\/03\/The-Building-into-housing-stocks-and-how-to-trade-sector.jpg\" class=\"attachment-post-thumbnail size-post-thumbnail wp-post-image\" alt=\"\" srcset=\"https:\/\/mickeyshomes.com\/wp-content\/uploads\/2025\/03\/The-Building-into-housing-stocks-and-how-to-trade-sector.jpg 1072w, https:\/\/mickeyshomes.com\/wp-content\/uploads\/2025\/03\/The-Building-into-housing-stocks-and-how-to-trade-sector-300x135.jpg 300w, https:\/\/mickeyshomes.com\/wp-content\/uploads\/2025\/03\/The-Building-into-housing-stocks-and-how-to-trade-sector-1024x460.jpg 1024w, https:\/\/mickeyshomes.com\/wp-content\/uploads\/2025\/03\/The-Building-into-housing-stocks-and-how-to-trade-sector-768x345.jpg 768w, https:\/\/mickeyshomes.com\/wp-content\/uploads\/2025\/03\/The-Building-into-housing-stocks-and-how-to-trade-sector-600x270.jpg 600w\" sizes=\"(max-width: 1072px) 100vw, 1072px\" \/><\/a><div class=\"date\"><a href=\"https:\/\/mickeyshomes.com\/es\/2025\/03\/20\/\">20 de marzo<\/a><\/div><\/div><div class=\"blog-content\"><div class=\"blog-meta\"><a href=\"https:\/\/mickeyshomes.com\/es\/profile\/jhony-alvarez\/\"><i class=\"fa-solid fa-user\"><\/i>By Jhony \u00c1lvarez<\/a><a href=\"#\"><i class=\"fa-solid fa-comments\"><\/i>3 Comments <\/a><\/div><h3 class=\"box-title\"><a href=\"https:\/\/mickeyshomes.com\/es\/the-building-into-housing-stocks-and-how-to-trade-sector\/\">El edificio en acciones de vivienda y c\u00f3mo negociar el<\/a><\/h3><a href=\"https:\/\/mickeyshomes.com\/es\/the-building-into-housing-stocks-and-how-to-trade-sector\/\" class=\"th-btn pill style3\">Seguir leyendo<\/a><\/div><\/div><\/div><div class=\"col-lg-4 col-md-6 wow fadeinup\"><div class=\"blog-card\"><div class=\"blog-img\"><a href=\"https:\/\/mickeyshomes.com\/es\/best-reliable-real-estate-agent-what-you-need-to-know\/\"><img decoding=\"async\" width=\"1072\" height=\"482\" src=\"https:\/\/mickeyshomes.com\/wp-content\/uploads\/2025\/03\/Best-Reliable-Real-Estate-Agent.-What-You-Need-to-Know.jpg\" class=\"attachment-post-thumbnail size-post-thumbnail wp-post-image\" alt=\"\" srcset=\"https:\/\/mickeyshomes.com\/wp-content\/uploads\/2025\/03\/Best-Reliable-Real-Estate-Agent.-What-You-Need-to-Know.jpg 1072w, https:\/\/mickeyshomes.com\/wp-content\/uploads\/2025\/03\/Best-Reliable-Real-Estate-Agent.-What-You-Need-to-Know-300x135.jpg 300w, https:\/\/mickeyshomes.com\/wp-content\/uploads\/2025\/03\/Best-Reliable-Real-Estate-Agent.-What-You-Need-to-Know-1024x460.jpg 1024w, https:\/\/mickeyshomes.com\/wp-content\/uploads\/2025\/03\/Best-Reliable-Real-Estate-Agent.-What-You-Need-to-Know-768x345.jpg 768w, https:\/\/mickeyshomes.com\/wp-content\/uploads\/2025\/03\/Best-Reliable-Real-Estate-Agent.-What-You-Need-to-Know-600x270.jpg 600w\" sizes=\"(max-width: 1072px) 100vw, 1072px\" \/><\/a><div class=\"date\"><a href=\"https:\/\/mickeyshomes.com\/es\/2025\/03\/20\/\">20 de marzo<\/a><\/div><\/div><div class=\"blog-content\"><div class=\"blog-meta\"><a href=\"https:\/\/mickeyshomes.com\/es\/profile\/jhony-alvarez\/\"><i class=\"fa-solid fa-user\"><\/i>By Jhony \u00c1lvarez<\/a><a href=\"#\"><i class=\"fa-solid fa-comments\"><\/i>3 Comments <\/a><\/div><h3 class=\"box-title\"><a href=\"https:\/\/mickeyshomes.com\/es\/best-reliable-real-estate-agent-what-you-need-to-know\/\">El mejor agente inmobiliario fiable. Lo que debe saber<\/a><\/h3><a href=\"https:\/\/mickeyshomes.com\/es\/best-reliable-real-estate-agent-what-you-need-to-know\/\" class=\"th-btn pill style3\">Seguir leyendo<\/a><\/div><\/div><\/div><div class=\"col-lg-4 col-md-6 wow fadeinup\"><div class=\"blog-card\"><div class=\"blog-img\"><a href=\"https:\/\/mickeyshomes.com\/es\/navigating-housing-stocks-building-profits-in-real-estate\/\"><img decoding=\"async\" width=\"1072\" height=\"482\" src=\"https:\/\/mickeyshomes.com\/wp-content\/uploads\/2025\/03\/Navigating-Housing-Stocks-Building-Profits-in-Real-Estate.jpg\" class=\"attachment-post-thumbnail size-post-thumbnail wp-post-image\" alt=\"\" srcset=\"https:\/\/mickeyshomes.com\/wp-content\/uploads\/2025\/03\/Navigating-Housing-Stocks-Building-Profits-in-Real-Estate.jpg 1072w, https:\/\/mickeyshomes.com\/wp-content\/uploads\/2025\/03\/Navigating-Housing-Stocks-Building-Profits-in-Real-Estate-300x135.jpg 300w, https:\/\/mickeyshomes.com\/wp-content\/uploads\/2025\/03\/Navigating-Housing-Stocks-Building-Profits-in-Real-Estate-1024x460.jpg 1024w, https:\/\/mickeyshomes.com\/wp-content\/uploads\/2025\/03\/Navigating-Housing-Stocks-Building-Profits-in-Real-Estate-768x345.jpg 768w, https:\/\/mickeyshomes.com\/wp-content\/uploads\/2025\/03\/Navigating-Housing-Stocks-Building-Profits-in-Real-Estate-600x270.jpg 600w\" sizes=\"(max-width: 1072px) 100vw, 1072px\" \/><\/a><div class=\"date\"><a href=\"https:\/\/mickeyshomes.com\/es\/2025\/03\/20\/\">20 de marzo<\/a><\/div><\/div><div class=\"blog-content\"><div class=\"blog-meta\"><a href=\"https:\/\/mickeyshomes.com\/es\/profile\/jhony-alvarez\/\"><i class=\"fa-solid fa-user\"><\/i>By Jhony \u00c1lvarez<\/a><a href=\"#\"><i class=\"fa-solid fa-comments\"><\/i>3 Comments <\/a><\/div><h3 class=\"box-title\"><a href=\"https:\/\/mickeyshomes.com\/es\/navigating-housing-stocks-building-profits-in-real-estate\/\">Navegar por los mercados inmobiliarios Generar beneficios en el sector inmobiliario<\/a><\/h3><a href=\"https:\/\/mickeyshomes.com\/es\/navigating-housing-stocks-building-profits-in-real-estate\/\" class=\"th-btn pill style3\">Seguir leyendo<\/a><\/div><\/div><\/div><div class=\"text-center\"><\/div><\/div>\t\t\t\t<\/div>\n\t\t\t\t<\/div>\n\t\t\t\t\t<\/div>\n\t\t\t\t<\/div>\n\t\t\t\t<\/div>","protected":false},"excerpt":{"rendered":"<p>20 MarBy Jhony \u00c1lvarez3 Comments The Building into housing stocks and how to trade sector Read More20 MarBy Jhony \u00c1lvarez3 Comments Best Reliable Real Estate Agent. What You Need to Know Read More20 MarBy Jhony \u00c1lvarez3 Comments Navigating Housing Stocks Building Profits in Real Estate Read More<\/p>","protected":false},"author":1,"featured_media":0,"parent":0,"menu_order":0,"comment_status":"closed","ping_status":"closed","template":"template-builder.php","meta":{"_joinchat":[],"footnotes":""},"class_list":["post-3904","page","type-page","status-publish","hentry","th-blog blog-single has-post-thumbnail"],"_links":{"self":[{"href":"https:\/\/mickeyshomes.com\/es\/wp-json\/wp\/v2\/pages\/3904","targetHints":{"allow":["GET"]}}],"collection":[{"href":"https:\/\/mickeyshomes.com\/es\/wp-json\/wp\/v2\/pages"}],"about":[{"href":"https:\/\/mickeyshomes.com\/es\/wp-json\/wp\/v2\/types\/page"}],"author":[{"embeddable":true,"href":"https:\/\/mickeyshomes.com\/es\/wp-json\/wp\/v2\/users\/1"}],"replies":[{"embeddable":true,"href":"https:\/\/mickeyshomes.com\/es\/wp-json\/wp\/v2\/comments?post=3904"}],"version-history":[{"count":0,"href":"https:\/\/mickeyshomes.com\/es\/wp-json\/wp\/v2\/pages\/3904\/revisions"}],"wp:attachment":[{"href":"https:\/\/mickeyshomes.com\/es\/wp-json\/wp\/v2\/media?parent=3904"}],"curies":[{"name":"wp","href":"https:\/\/api.w.org\/{rel}","templated":true}]}}