{"id":413,"date":"2025-04-10T06:17:26","date_gmt":"2025-04-10T06:17:26","guid":{"rendered":"https:\/\/wordpress.themeholy.com\/piller\/single-location\/"},"modified":"2026-01-26T04:27:10","modified_gmt":"2026-01-26T04:27:10","slug":"florida-central","status":"publish","type":"page","link":"https:\/\/mickeyshomes.com\/es\/central-florida\/","title":{"rendered":"Floria central"},"content":{"rendered":"<div data-elementor-type=\"wp-page\" data-elementor-id=\"413\" class=\"elementor elementor-413\" data-elementor-post-type=\"page\">\n\t\t\t\t<div class=\"elementor-element elementor-element-52ee047 e-flex e-con-boxed e-con e-parent\" data-id=\"52ee047\" data-element_type=\"container\" data-e-type=\"container\">\n\t\t\t\t\t<div class=\"e-con-inner\">\n\t\t\t\t<div class=\"elementor-element elementor-element-1570fc0 animated-slow elementor-invisible elementor-widget elementor-widget-heading\" data-id=\"1570fc0\" data-element_type=\"widget\" data-e-type=\"widget\" data-settings=\"{&quot;_animation&quot;:&quot;fadeInLeft&quot;,&quot;_animation_mobile&quot;:&quot;none&quot;}\" data-widget_type=\"heading.default\">\n\t\t\t\t\t<h2 class=\"elementor-heading-title elementor-size-default\">Perm\u00edtanos gestionar su propiedad de alquiler en Florida Central<\/h2>\t\t\t\t<\/div>\n\t\t\r\n\t\t<div class=\"elementor-element elementor-element-5186376 animated-slow elementor-invisible elementor-widget elementor-widget-text-editor\" data-id=\"5186376\" data-element_type=\"widget\" data-e-type=\"widget\" data-settings=\"{&quot;_animation&quot;:&quot;fadeInRight&quot;,&quot;_animation_mobile&quot;:&quot;none&quot;}\" data-widget_type=\"text-editor.default\">\n\t\t\t\t\t\t\t\t\t<p data-start=\"291\" data-end=\"618\">Mickey's Homes Property Management proporciona servicios profesionales y fiables de gesti\u00f3n de propiedades en todo <strong data-start=\"397\" data-end=\"416\">Florida Central<\/strong>, incluyendo <strong data-start=\"428\" data-end=\"490\">Kissimmee, Winter Garden, Davenport, Orlando y Clermont<\/strong>, dise\u00f1ado para ayudar a los propietarios de inmuebles de alquiler a aumentar la rentabilidad, proteger sus inversiones y simplificar las operaciones cotidianas.<\/p><p data-start=\"620\" data-end=\"997\">Nuestras soluciones de gesti\u00f3n de la propiedad de la Florida Central est\u00e1n dise\u00f1ados para satisfacer las necesidades de los propietarios e inquilinos, asegurando que cada propiedad se maneja con cuidado, precisi\u00f3n y experiencia en el mercado local. Desde la colocaci\u00f3n de inquilinos y la gesti\u00f3n de arrendamientos hasta el mantenimiento y los informes financieros, gestionamos todos los aspectos de su alquiler para que pueda disfrutar de tranquilidad e ingresos constantes.<\/p>\t\t\t\t\t\t\t\t<\/div>\n\t\t\t\t<div class=\"elementor-element elementor-element-59a7438 animated-slow elementor-invisible elementor-widget elementor-widget-heading\" data-id=\"59a7438\" data-element_type=\"widget\" data-e-type=\"widget\" data-settings=\"{&quot;_animation&quot;:&quot;fadeInLeft&quot;,&quot;_animation_mobile&quot;:&quot;none&quot;}\" data-widget_type=\"heading.default\">\n\t\t\t\t\t<h2 class=\"elementor-heading-title elementor-size-default\">Por qu\u00e9 elegir nuestros servicios de administraci\u00f3n de propiedades en Florida Central<\/h2>\t\t\t\t<\/div>\n\t\t\t\t<div class=\"elementor-element elementor-element-7b701cb animated-slow elementor-invisible elementor-widget elementor-widget-text-editor\" data-id=\"7b701cb\" data-element_type=\"widget\" data-e-type=\"widget\" data-settings=\"{&quot;_animation&quot;:&quot;fadeInRight&quot;,&quot;_animation_mobile&quot;:&quot;none&quot;}\" data-widget_type=\"text-editor.default\">\n\t\t\t\t\t\t\t\t\t<p data-start=\"380\" data-end=\"618\">En Mickey's Homes Property Management, entendemos la din\u00e1mica \u00fanica del mercado de alquiler de la Florida Central. Nuestro equipo utiliza la experiencia local, sistemas probados, y la gesti\u00f3n pr\u00e1ctica para ofrecer resultados reales para los propietarios a trav\u00e9s de Kissimmee, Winter Garden, Davenport, Orlando y Clermont.<\/p><p data-start=\"380\" data-end=\"618\">Ayudamos a los propietarios a conseguir:<\/p>\t\t\t\t\t\t\t\t<\/div>\n\t\t\t\t<div class=\"elementor-element elementor-element-6322edf animated-slow elementor-icon-list--layout-traditional elementor-list-item-link-full_width elementor-invisible elementor-widget elementor-widget-icon-list\" data-id=\"6322edf\" data-element_type=\"widget\" data-e-type=\"widget\" data-settings=\"{&quot;_animation&quot;:&quot;fadeInLeft&quot;,&quot;_animation_mobile&quot;:&quot;none&quot;}\" data-widget_type=\"icon-list.default\">\n\t\t\t\t\t\t\t<ul class=\"elementor-icon-list-items\">\n\t\t\t\t\t\t\t<li class=\"elementor-icon-list-item\">\n\t\t\t\t\t\t\t\t\t\t\t<span class=\"elementor-icon-list-icon\">\n\t\t\t\t\t\t\t<svg aria-hidden=\"true\" class=\"e-font-icon-svg e-far-check-circle\" viewbox=\"0 0 512 512\" xmlns=\"http:\/\/www.w3.org\/2000\/svg\"><path d=\"M256 8C119.033 8 8 119.033 8 256s111.033 248 248 248 248-111.033 248-248S392.967 8 256 8zm0 48c110.532 0 200 89.451 200 200 0 110.532-89.451 200-200 200-110.532 0-200-89.451-200-200 0-110.532 89.451-200 200-200m140.204 130.267l-22.536-22.718c-4.667-4.705-12.265-4.736-16.97-.068L215.346 303.697l-59.792-60.277c-4.667-4.705-12.265-4.736-16.97-.069l-22.719 22.536c-4.705 4.667-4.736 12.265-.068 16.971l90.781 91.516c4.667 4.705 12.265 4.736 16.97.068l172.589-171.204c4.704-4.668 4.734-12.266.067-16.971z\"><\/path><\/svg>\t\t\t\t\t\t<\/span>\n\t\t\t\t\t\t\t\t\t\t<span class=\"elementor-icon-list-text\">Mayor retenci\u00f3n de inquilinos<\/span>\n\t\t\t\t\t\t\t\t\t<\/li>\n\t\t\t\t\t\t\t\t<li class=\"elementor-icon-list-item\">\n\t\t\t\t\t\t\t\t\t\t\t<span class=\"elementor-icon-list-icon\">\n\t\t\t\t\t\t\t<svg aria-hidden=\"true\" class=\"e-font-icon-svg e-far-check-circle\" viewbox=\"0 0 512 512\" xmlns=\"http:\/\/www.w3.org\/2000\/svg\"><path d=\"M256 8C119.033 8 8 119.033 8 256s111.033 248 248 248 248-111.033 248-248S392.967 8 256 8zm0 48c110.532 0 200 89.451 200 200 0 110.532-89.451 200-200 200-110.532 0-200-89.451-200-200 0-110.532 89.451-200 200-200m140.204 130.267l-22.536-22.718c-4.667-4.705-12.265-4.736-16.97-.068L215.346 303.697l-59.792-60.277c-4.667-4.705-12.265-4.736-16.97-.069l-22.719 22.536c-4.705 4.667-4.736 12.265-.068 16.971l90.781 91.516c4.667 4.705 12.265 4.736 16.97.068l172.589-171.204c4.704-4.668 4.734-12.266.067-16.971z\"><\/path><\/svg>\t\t\t\t\t\t<\/span>\n\t\t\t\t\t\t\t\t\t\t<span class=\"elementor-icon-list-text\">Reducci\u00f3n de vacantes<\/span>\n\t\t\t\t\t\t\t\t\t<\/li>\n\t\t\t\t\t\t\t\t<li class=\"elementor-icon-list-item\">\n\t\t\t\t\t\t\t\t\t\t\t<span class=\"elementor-icon-list-icon\">\n\t\t\t\t\t\t\t<svg aria-hidden=\"true\" class=\"e-font-icon-svg e-far-check-circle\" viewbox=\"0 0 512 512\" xmlns=\"http:\/\/www.w3.org\/2000\/svg\"><path d=\"M256 8C119.033 8 8 119.033 8 256s111.033 248 248 248 248-111.033 248-248S392.967 8 256 8zm0 48c110.532 0 200 89.451 200 200 0 110.532-89.451 200-200 200-110.532 0-200-89.451-200-200 0-110.532 89.451-200 200-200m140.204 130.267l-22.536-22.718c-4.667-4.705-12.265-4.736-16.97-.068L215.346 303.697l-59.792-60.277c-4.667-4.705-12.265-4.736-16.97-.069l-22.719 22.536c-4.705 4.667-4.736 12.265-.068 16.971l90.781 91.516c4.667 4.705 12.265 4.736 16.97.068l172.589-171.204c4.704-4.668 4.734-12.266.067-16.971z\"><\/path><\/svg>\t\t\t\t\t\t<\/span>\n\t\t\t\t\t\t\t\t\t\t<span class=\"elementor-icon-list-text\">Aumento de los ingresos por alquiler<\/span>\n\t\t\t\t\t\t\t\t\t<\/li>\n\t\t\t\t\t\t\t\t<li class=\"elementor-icon-list-item\">\n\t\t\t\t\t\t\t\t\t\t\t<span class=\"elementor-icon-list-icon\">\n\t\t\t\t\t\t\t<svg aria-hidden=\"true\" class=\"e-font-icon-svg e-far-check-circle\" viewbox=\"0 0 512 512\" xmlns=\"http:\/\/www.w3.org\/2000\/svg\"><path d=\"M256 8C119.033 8 8 119.033 8 256s111.033 248 248 248 248-111.033 248-248S392.967 8 256 8zm0 48c110.532 0 200 89.451 200 200 0 110.532-89.451 200-200 200-110.532 0-200-89.451-200-200 0-110.532 89.451-200 200-200m140.204 130.267l-22.536-22.718c-4.667-4.705-12.265-4.736-16.97-.068L215.346 303.697l-59.792-60.277c-4.667-4.705-12.265-4.736-16.97-.069l-22.719 22.536c-4.705 4.667-4.736 12.265-.068 16.971l90.781 91.516c4.667 4.705 12.265 4.736 16.97.068l172.589-171.204c4.704-4.668 4.734-12.266.067-16.971z\"><\/path><\/svg>\t\t\t\t\t\t<\/span>\n\t\t\t\t\t\t\t\t\t\t<span class=\"elementor-icon-list-text\">Buen funcionamiento diario<\/span>\n\t\t\t\t\t\t\t\t\t<\/li>\n\t\t\t\t\t\t\t\t<li class=\"elementor-icon-list-item\">\n\t\t\t\t\t\t\t\t\t\t\t<span class=\"elementor-icon-list-icon\">\n\t\t\t\t\t\t\t<svg aria-hidden=\"true\" class=\"e-font-icon-svg e-far-check-circle\" viewbox=\"0 0 512 512\" xmlns=\"http:\/\/www.w3.org\/2000\/svg\"><path d=\"M256 8C119.033 8 8 119.033 8 256s111.033 248 248 248 248-111.033 248-248S392.967 8 256 8zm0 48c110.532 0 200 89.451 200 200 0 110.532-89.451 200-200 200-110.532 0-200-89.451-200-200 0-110.532 89.451-200 200-200m140.204 130.267l-22.536-22.718c-4.667-4.705-12.265-4.736-16.97-.068L215.346 303.697l-59.792-60.277c-4.667-4.705-12.265-4.736-16.97-.069l-22.719 22.536c-4.705 4.667-4.736 12.265-.068 16.971l90.781 91.516c4.667 4.705 12.265 4.736 16.97.068l172.589-171.204c4.704-4.668 4.734-12.266.067-16.971z\"><\/path><\/svg>\t\t\t\t\t\t<\/span>\n\t\t\t\t\t\t\t\t\t\t<span class=\"elementor-icon-list-text\">Protecci\u00f3n de activos a largo plazo<\/span>\n\t\t\t\t\t\t\t\t\t<\/li>\n\t\t\t\t\t\t<\/ul>\n\t\t\t\t\t\t<\/div>\n\t\t\t\t<div class=\"elementor-element elementor-element-2f42104 animated-slow elementor-invisible elementor-widget elementor-widget-text-editor\" data-id=\"2f42104\" data-element_type=\"widget\" data-e-type=\"widget\" data-settings=\"{&quot;_animation&quot;:&quot;fadeInRight&quot;,&quot;_animation_mobile&quot;:&quot;none&quot;}\" data-widget_type=\"text-editor.default\">\n\t\t\t\t\t\t\t\t\t<p data-start=\"1413\" data-end=\"1560\">Nuestro objetivo es crear una experiencia de alquiler rentable y sin estr\u00e9s para los propietarios, a la vez que proporcionamos a los inquilinos un lugar de alta calidad donde vivir.<\/p>\t\t\t\t\t\t\t\t<\/div>\n\t\t\t\t\t<\/div>\n\t\t\t\t<\/div>\n\t\t<div class=\"elementor-element elementor-element-8168522 animated-slow e-flex e-con-boxed elementor-invisible e-con e-parent\" data-id=\"8168522\" data-element_type=\"container\" data-e-type=\"container\" data-settings=\"{&quot;animation&quot;:&quot;fadeInLeft&quot;}\">\n\t\t\t\t\t<div class=\"e-con-inner\">\n\t\t<div class=\"elementor-element elementor-element-c8a6497 e-con-full e-flex e-con e-child\" data-id=\"c8a6497\" data-element_type=\"container\" data-e-type=\"container\">\n\t\t\t\t<div class=\"elementor-element elementor-element-259a54f elementor-widget elementor-widget-heading\" data-id=\"259a54f\" data-element_type=\"widget\" data-e-type=\"widget\" data-widget_type=\"heading.default\">\n\t\t\t\t\t<h2 class=\"elementor-heading-title elementor-size-default\">Acerca de Florida Central<\/h2>\t\t\t\t<\/div>\n\t\t\t\t<div class=\"elementor-element elementor-element-98e7d80 elementor-widget elementor-widget-text-editor\" data-id=\"98e7d80\" data-element_type=\"widget\" data-e-type=\"widget\" data-widget_type=\"text-editor.default\">\n\t\t\t\t\t\t\t\t\t<p data-start=\"1721\" data-end=\"2072\">Florida Central es uno de los mercados inmobiliarios de m\u00e1s r\u00e1pido crecimiento en los Estados Unidos, impulsado por el fuerte crecimiento de la poblaci\u00f3n, el turismo de clase mundial y la expansi\u00f3n de las comunidades residenciales. Ciudades como <strong data-start=\"1917\" data-end=\"1979\">Orlando, Kissimmee, Davenport, Winter Garden y Clermont<\/strong> ofrecen excelentes oportunidades tanto para alquileres a largo plazo como para propiedades vacacionales a corto plazo.<\/p><p data-start=\"2074\" data-end=\"2335\">Gracias a su proximidad a las principales autopistas, parques tem\u00e1ticos, centros de negocios y barrios suburbanos en expansi\u00f3n, Florida Central sigue atrayendo a inquilinos, viajeros e inversores, lo que la convierte en una regi\u00f3n ideal para la inversi\u00f3n inmobiliaria y la gesti\u00f3n profesional de propiedades.<\/p>\t\t\t\t\t\t\t\t<\/div>\n\t\t\t\t<\/div>\n\t\t<div class=\"elementor-element elementor-element-dc2aed2 e-con-full e-flex e-con e-child\" data-id=\"dc2aed2\" data-element_type=\"container\" data-e-type=\"container\">\n\t\t\t\t<div class=\"elementor-element elementor-element-fc9e781 elementor-widget elementor-widget-image\" data-id=\"fc9e781\" data-element_type=\"widget\" data-e-type=\"widget\" data-widget_type=\"image.default\">\n\t\t\t\t\t\t\t\t\t\t\t\t\t\t\t<img fetchpriority=\"high\" decoding=\"async\" width=\"1072\" height=\"482\" src=\"https:\/\/mickeyshomes.com\/wp-content\/uploads\/2026\/01\/florida.png\" class=\"attachment-full size-full wp-image-6449\" alt=\"\" srcset=\"https:\/\/mickeyshomes.com\/wp-content\/uploads\/2026\/01\/florida.png 1072w, https:\/\/mickeyshomes.com\/wp-content\/uploads\/2026\/01\/florida-300x135.png 300w, https:\/\/mickeyshomes.com\/wp-content\/uploads\/2026\/01\/florida-1024x460.png 1024w, https:\/\/mickeyshomes.com\/wp-content\/uploads\/2026\/01\/florida-768x345.png 768w, https:\/\/mickeyshomes.com\/wp-content\/uploads\/2026\/01\/florida-600x270.png 600w\" sizes=\"(max-width: 1072px) 100vw, 1072px\" \/>\t\t\t\t\t\t\t\t\t\t\t\t\t\t\t<\/div>\n\t\t\t\t<\/div>\n\t\t\t\t\t<\/div>\n\t\t\t\t<\/div>\n\t\t<div class=\"elementor-element elementor-element-3dfaf81 animated-slow e-flex e-con-boxed elementor-invisible e-con e-parent\" data-id=\"3dfaf81\" data-element_type=\"container\" data-e-type=\"container\" data-settings=\"{&quot;animation&quot;:&quot;fadeInRight&quot;}\">\n\t\t\t\t\t<div class=\"e-con-inner\">\n\t\t<div class=\"elementor-element elementor-element-5c18408 e-con-full e-flex e-con e-child\" data-id=\"5c18408\" data-element_type=\"container\" data-e-type=\"container\">\n\t\t\t\t<div class=\"elementor-element elementor-element-3e59ae9 elementor-widget elementor-widget-heading\" data-id=\"3e59ae9\" data-element_type=\"widget\" data-e-type=\"widget\" data-widget_type=\"heading.default\">\n\t\t\t\t\t<h2 class=\"elementor-heading-title elementor-size-default\">\u00bfListo para empezar?<\/h2>\t\t\t\t<\/div>\n\t\t\t\t<div class=\"elementor-element elementor-element-db657a4 elementor-widget elementor-widget-text-editor\" data-id=\"db657a4\" data-element_type=\"widget\" data-e-type=\"widget\" data-widget_type=\"text-editor.default\">\n\t\t\t\t\t\t\t\t\t<p data-start=\"2372\" data-end=\"2541\">Si es propietario de una vivienda unifamiliar, un piso o un piso de alquiler en cualquier lugar de <strong data-start=\"2450\" data-end=\"2469\">Florida Central<\/strong>, Nuestro equipo profesional de gesti\u00f3n inmobiliaria est\u00e1 aqu\u00ed para ayudarle a alcanzar el \u00e9xito.<\/p><p data-start=\"2543\" data-end=\"2718\">Solicite su <strong data-start=\"2556\" data-end=\"2586\">Consulta inmobiliaria GRATUITA<\/strong> hoy mismo y descubra c\u00f3mo Mickey's Homes Property Management puede ayudarle a aumentar sus ingresos, reducir el estr\u00e9s y proteger su inversi\u00f3n.<\/p>\t\t\t\t\t\t\t\t<\/div>\n\t\t\t\t<\/div>\n\t\t\t\t\t<\/div>\n\t\t\t\t<\/div>\n\t\t\t\t<\/div>","protected":false},"excerpt":{"rendered":"<p>Perm\u00edtanos administrar su propiedad de alquiler en Florida Central Mickey's Homes Property Management ofrece servicios de administraci\u00f3n de propiedades profesionales y confiables en toda Florida Central, incluyendo Kissimmee, Winter Garden, Davenport, Orlando y Clermont, dise\u00f1ados para ayudar a los propietarios de propiedades de alquiler a aumentar la rentabilidad, proteger sus inversiones y simplificar las operaciones diarias. Nuestras soluciones de gesti\u00f3n de la propiedad de la Florida Central est\u00e1n...<\/p>","protected":false},"author":1,"featured_media":0,"parent":0,"menu_order":0,"comment_status":"closed","ping_status":"closed","template":"redux-templates_full_width","meta":{"_joinchat":[],"footnotes":""},"class_list":["post-413","page","type-page","status-publish","hentry"],"_links":{"self":[{"href":"https:\/\/mickeyshomes.com\/es\/wp-json\/wp\/v2\/pages\/413","targetHints":{"allow":["GET"]}}],"collection":[{"href":"https:\/\/mickeyshomes.com\/es\/wp-json\/wp\/v2\/pages"}],"about":[{"href":"https:\/\/mickeyshomes.com\/es\/wp-json\/wp\/v2\/types\/page"}],"author":[{"embeddable":true,"href":"https:\/\/mickeyshomes.com\/es\/wp-json\/wp\/v2\/users\/1"}],"replies":[{"embeddable":true,"href":"https:\/\/mickeyshomes.com\/es\/wp-json\/wp\/v2\/comments?post=413"}],"version-history":[{"count":0,"href":"https:\/\/mickeyshomes.com\/es\/wp-json\/wp\/v2\/pages\/413\/revisions"}],"wp:attachment":[{"href":"https:\/\/mickeyshomes.com\/es\/wp-json\/wp\/v2\/media?parent=413"}],"curies":[{"name":"wp","href":"https:\/\/api.w.org\/{rel}","templated":true}]}}