{"id":5168,"date":"2025-12-23T21:59:45","date_gmt":"2025-12-23T21:59:45","guid":{"rendered":"https:\/\/mickeyshomes.com\/?page_id=5168"},"modified":"2026-01-28T04:11:11","modified_gmt":"2026-01-28T04:11:11","slug":"preguntas-mas-frecuentes","status":"publish","type":"page","link":"https:\/\/mickeyshomes.com\/es\/tenant-faqs\/","title":{"rendered":"Preguntas frecuentes de los inquilinos"},"content":{"rendered":"<div data-elementor-type=\"wp-page\" data-elementor-id=\"5168\" class=\"elementor elementor-5168\" data-elementor-post-type=\"page\">\n\t\t\t\t<div class=\"elementor-element elementor-element-d82ceca e-flex e-con-boxed e-con e-parent\" data-id=\"d82ceca\" data-element_type=\"container\" data-e-type=\"container\">\n\t\t\t\t\t<div class=\"e-con-inner\">\n\t\t<div class=\"elementor-element elementor-element-574b9df e-con-full e-flex e-con e-child\" data-id=\"574b9df\" data-element_type=\"container\" data-e-type=\"container\">\n\t\t\r\n\t\t<div class=\"elementor-element elementor-element-8d2ad62 elementor-widget elementor-widget-pillersectiontitle\" data-id=\"8d2ad62\" data-element_type=\"widget\" data-e-type=\"widget\" data-widget_type=\"pillersectiontitle.default\">\n\t\t\t\t<div class=\"elementor-widget-container\">\n\t\t\t\t\t\t\t<div class=\"title-area text-left\">\r\n\t\t\t<span class=\"sub-title text-anime-style-1\"><span class=\"double-line\"><\/span>PREGUNTAS FRECUENTES<\/span><h2 class=\"sec-title text-anime-style-2\">Preguntas frecuentes de los inquilinos<\/h2><p>\u00bfQu\u00e9 le gustar\u00eda saber sobre el alquiler con Mickey's Homes?\nEncuentre respuestas \u00fatiles sobre arrendamiento, pagos, mantenimiento y su experiencia como inquilino en una de nuestras propiedades de alquiler gestionadas.\n<\/p>\t\t<\/div>\r\n\r\n\t\t\t\t\t<\/div>\n\t\t\t\t<\/div>\n\t\t\t\t<div class=\"elementor-element elementor-element-3527998 elementor-widget elementor-widget-pillerbutton\" data-id=\"3527998\" data-element_type=\"widget\" data-e-type=\"widget\" data-widget_type=\"pillerbutton.default\">\n\t\t\t\t<div class=\"elementor-widget-container\">\n\t\t\t\t\t<div class=\"btn-wrapper\"><a class=\"th-btn th_btn pill\" href=\"https:\/\/wordpress.themehour.net\/piller\/contact\/\">Contacto<\/a><\/div>\t\t\t\t<\/div>\n\t\t\t\t<\/div>\n\t\t\t\t<div class=\"elementor-element elementor-element-da69440 elementor-widget elementor-widget-pillercontactinfo\" data-id=\"da69440\" data-element_type=\"widget\" data-e-type=\"widget\" data-widget_type=\"pillercontactinfo.default\">\n\t\t\t\t<div class=\"elementor-widget-container\">\n\t\t\t\t\t<div class=\"widget bg-smoke faq\"><div class=\"th-widget-contact\"><div class=\"info-box\"><div class=\"info-box_icon\"><i class=\"fas fa-phone\"><\/i><\/div><div class=\"info-box_text desc\"><a href=\"tel:+1 352-348-8033\" class=\"info-box_link\">+1 352-348-8033<\/a><\/div><\/div><div class=\"info-box\"><div class=\"info-box_icon\"><i class=\"fas fa-envelope\"><\/i><\/div><div class=\"info-box_text desc\"><a href=\"mailto:info@mickeyshomes.com\" class=\"info-box_link\"> info@mickeyshomes.com<\/a><\/div><\/div><div class=\"info-box\"><div class=\"info-box_icon\"><i class=\"fas fa-location-dot\"><\/i><\/div><div class=\"info-box_text desc\">4904 Cape Hatteras Dr, Clermont, FL 34714<\/div><\/div><\/div><\/div>\t\t\t\t<\/div>\n\t\t\t\t<\/div>\n\t\t\t\t<\/div>\n\t\t<div class=\"elementor-element elementor-element-aefe5d4 e-con-full e-flex e-con e-child\" data-id=\"aefe5d4\" data-element_type=\"container\" data-e-type=\"container\">\n\t\t\t\t<div class=\"elementor-element elementor-element-ab5325a elementor-widget elementor-widget-pillerfaq\" data-id=\"ab5325a\" data-element_type=\"widget\" data-e-type=\"widget\" data-widget_type=\"pillerfaq.default\">\n\t\t\t\t<div class=\"elementor-widget-container\">\n\t\t\t\t\t<div class=\"th-faq-wrapper\"><div class=\"accordion-1 accordion\" id=\"faqAccordion1\"><div class=\"accordion-card active wow fadeinup\"  data-wow-delay=\"0.1s\"><div class=\"accordion-header\" id=\"collapse-item-69e16d283f677\"><button class=\"accordion-button\" type=\"button\" data-bs-toggle=\"collapse\" data-bs-target=\"#collapse-69e16d283f677\" aria-expanded=\"true\" aria-controls=\"collapse-69e16d283f677\"><span class=\"serial-numb\">1. <\/span>  \u00bfCu\u00e1l es el proceso para solicitar un alquiler?<\/button><\/div><div id=\"collapse-69e16d283f677\" class=\"accordion-collapse collapse show\" aria-labelledby=\"collapse-item-69e16d283f677\" data-bs-parent=\"#faqAccordion1\"><div class=\"accordion-body\"><div class=\"faq-text\"><p>Para solicitar con <strong data-start=\"121\" data-end=\"138\">La casa de Mickey<\/strong>, Debe tener al menos 18 a\u00f1os y presentar su solicitud a trav\u00e9s de nuestro portal seguro en l\u00ednea. Cada adulto que vaya a vivir en la vivienda debe cumplimentar su propia solicitud. Para evitar tasas de solicitud innecesarias, solo procesamos un grupo de solicitudes a la vez para cada propiedad.<\/p><\/div><\/div><\/div><\/div><div class=\"accordion-card  wow fadeinup\"  data-wow-delay=\"0.3s\"><div class=\"accordion-header\" id=\"collapse-item-69e16d283f864\"><button class=\"accordion-button collapsed\" type=\"button\" data-bs-toggle=\"collapse\" data-bs-target=\"#collapse-69e16d283f864\" aria-expanded=\"false\" aria-controls=\"collapse-69e16d283f864\"><span class=\"serial-numb\">2. <\/span> \u00bfPuedo solicitar una vivienda sin verla en persona?<\/button><\/div><div id=\"collapse-69e16d283f864\" class=\"accordion-collapse collapse\" aria-labelledby=\"collapse-item-69e16d283f864\" data-bs-parent=\"#faqAccordion1\"><div class=\"accordion-body\"><div class=\"faq-text\"><p>S\u00ed, si no eres de aqu\u00ed, <strong data-start=\"132\" data-end=\"149\">La casa de Mickey<\/strong> ofrece visitas virtuales y en l\u00ednea con uno de nuestros gestores de propiedades a trav\u00e9s de videollamadas en directo, para que pueda ver la vivienda desde cualquier lugar antes de solicitarla.<\/p><\/div><\/div><\/div><\/div><div class=\"accordion-card  wow fadeinup\"  data-wow-delay=\"0.5s\"><div class=\"accordion-header\" id=\"collapse-item-69e16d283f94f\"><button class=\"accordion-button collapsed\" type=\"button\" data-bs-toggle=\"collapse\" data-bs-target=\"#collapse-69e16d283f94f\" aria-expanded=\"false\" aria-controls=\"collapse-69e16d283f94f\"><span class=\"serial-numb\">3. <\/span> \u00bfC\u00f3mo solicito una visita a una vivienda de alquiler?<\/button><\/div><div id=\"collapse-69e16d283f94f\" class=\"accordion-collapse collapse\" aria-labelledby=\"collapse-item-69e16d283f94f\" data-bs-parent=\"#faqAccordion1\"><div class=\"accordion-body\"><div class=\"faq-text\"><p data-start=\"110\" data-end=\"315\">Para concertar una cita con <strong data-start=\"137\" data-end=\"154\">La casa de Mickey<\/strong>, Simplemente ll\u00e1menos o env\u00edenos un correo electr\u00f3nico utilizando los datos de contacto que aparecen en cada anuncio. Nuestro equipo le responder\u00e1 r\u00e1pidamente para coordinar una visita que se ajuste a su horario.<\/p><\/div><\/div><\/div><\/div><div class=\"accordion-card  wow fadeinup\"  data-wow-delay=\"0.7s\"><div class=\"accordion-header\" id=\"collapse-item-69e16d283fa36\"><button class=\"accordion-button collapsed\" type=\"button\" data-bs-toggle=\"collapse\" data-bs-target=\"#collapse-69e16d283fa36\" aria-expanded=\"false\" aria-controls=\"collapse-69e16d283fa36\"><span class=\"serial-numb\">4. <\/span>  \u00bfEs necesario un contrato de arrendamiento para alquilar una vivienda?<\/button><\/div><div id=\"collapse-69e16d283fa36\" class=\"accordion-collapse collapse\" aria-labelledby=\"collapse-item-69e16d283fa36\" data-bs-parent=\"#faqAccordion1\"><div class=\"accordion-body\"><div class=\"faq-text\"><p>S\u00ed. Todos los inquilinos deben firmar un contrato de arrendamiento, ya sea en l\u00ednea o en persona con cita previa. La mayor\u00eda de nuestros contratos de alquiler son de 12 meses y describen las responsabilidades tanto del inquilino como del equipo de gesti\u00f3n durante su estancia.<\/p><\/div><\/div><\/div><\/div><div class=\"accordion-card  wow fadeinup\"  data-wow-delay=\"0.9s\"><div class=\"accordion-header\" id=\"collapse-item-69e16d283faee\"><button class=\"accordion-button collapsed\" type=\"button\" data-bs-toggle=\"collapse\" data-bs-target=\"#collapse-69e16d283faee\" aria-expanded=\"false\" aria-controls=\"collapse-69e16d283faee\"><span class=\"serial-numb\">5. <\/span> \u00bfCu\u00e1l es la fianza exigida?<\/button><\/div><div id=\"collapse-69e16d283faee\" class=\"accordion-collapse collapse\" aria-labelledby=\"collapse-item-69e16d283faee\" data-bs-parent=\"#faqAccordion1\"><div class=\"accordion-body\"><div class=\"faq-text\"><p>El dep\u00f3sito de garant\u00eda se basa en los resultados de la solicitud y los antecedentes. Nuestro sistema nos permite calcular los factores de riesgo y, por lo general, el importe del dep\u00f3sito oscila entre 1 y 2 meses de alquiler. Deber\u00e1 abonarse \u00edntegramente antes de la fecha de entrada.<\/p><\/div><\/div><\/div><\/div><div class=\"accordion-card  wow fadeinup\"  data-wow-delay=\"1.1s\"><div class=\"accordion-header\" id=\"collapse-item-69e16d283fb88\"><button class=\"accordion-button collapsed\" type=\"button\" data-bs-toggle=\"collapse\" data-bs-target=\"#collapse-69e16d283fb88\" aria-expanded=\"false\" aria-controls=\"collapse-69e16d283fb88\"><span class=\"serial-numb\">6. <\/span>  \u00bfCu\u00e1ndo hay que pagar el alquiler y qu\u00e9 formas de pago se aceptan?<\/button><\/div><div id=\"collapse-69e16d283fb88\" class=\"accordion-collapse collapse\" aria-labelledby=\"collapse-item-69e16d283fb88\" data-bs-parent=\"#faqAccordion1\"><div class=\"accordion-body\"><div class=\"faq-text\"><p data-start=\"107\" data-end=\"221\">El alquiler vence el primer d\u00eda de cada mes. <strong data-start=\"151\" data-end=\"168\">La casa de Mickey<\/strong> ofrece m\u00faltiples formas de pago seguras y c\u00f3modas:<\/p><ul data-start=\"223\" data-end=\"422\"><li data-start=\"223\" data-end=\"263\"><p data-start=\"225\" data-end=\"263\">Pague en l\u00ednea a trav\u00e9s de nuestro portal del inquilino<\/p><\/li><li data-start=\"264\" data-end=\"364\"><p data-start=\"266\" data-end=\"364\">Env\u00ede un cheque o giro postal a nuestra oficina (incluya la direcci\u00f3n de su propiedad y el n\u00famero de unidad)<\/p><\/li><li data-start=\"365\" data-end=\"422\"><p data-start=\"367\" data-end=\"422\">Realice un pago en persona en cualquier Regions o Chase Bank<\/p><\/li><\/ul><\/div><\/div><\/div><\/div><div class=\"accordion-card  wow fadeinup\"  data-wow-delay=\"1.3s\"><div class=\"accordion-header\" id=\"collapse-item-69e16d283fd19\"><button class=\"accordion-button collapsed\" type=\"button\" data-bs-toggle=\"collapse\" data-bs-target=\"#collapse-69e16d283fd19\" aria-expanded=\"false\" aria-controls=\"collapse-69e16d283fd19\"><span class=\"serial-numb\">7. <\/span>\u00bfPuede subirme el alquiler?<\/button><\/div><div id=\"collapse-69e16d283fd19\" class=\"accordion-collapse collapse\" aria-labelledby=\"collapse-item-69e16d283fd19\" data-bs-parent=\"#faqAccordion1\"><div class=\"accordion-body\"><div class=\"faq-text\"><p>En <strong data-start=\"108\" data-end=\"125\">La casa de Mickey<\/strong>, Los cambios en el alquiler suelen revisarse al final del contrato. Los ajustes se basan en las condiciones actuales del mercado y en evaluaciones internas, y siempre recibir\u00e1 un preaviso antes de que cualquier cambio entre en vigor.<\/p><\/div><\/div><\/div><\/div><div class=\"accordion-card  wow fadeinup\"  data-wow-delay=\"1.5s\"><div class=\"accordion-header\" id=\"collapse-item-69e16d283fdd7\"><button class=\"accordion-button collapsed\" type=\"button\" data-bs-toggle=\"collapse\" data-bs-target=\"#collapse-69e16d283fdd7\" aria-expanded=\"false\" aria-controls=\"collapse-69e16d283fdd7\"><span class=\"serial-numb\">8. <\/span> \u00bfSe puede renunciar a los recargos por demora?<\/button><\/div><div id=\"collapse-69e16d283fdd7\" class=\"accordion-collapse collapse\" aria-labelledby=\"collapse-item-69e16d283fdd7\" data-bs-parent=\"#faqAccordion1\"><div class=\"accordion-body\"><div class=\"faq-text\"><p>No. No podemos eximir del pago de los alquileres atrasados, ya que nuestra pol\u00edtica debe aplicarse de forma coherente y justa para todos los residentes.<\/p><\/div><\/div><\/div><\/div><div class=\"accordion-card  wow fadeinup\"  data-wow-delay=\"1.7s\"><div class=\"accordion-header\" id=\"collapse-item-69e16d283fe79\"><button class=\"accordion-button collapsed\" type=\"button\" data-bs-toggle=\"collapse\" data-bs-target=\"#collapse-69e16d283fe79\" aria-expanded=\"false\" aria-controls=\"collapse-69e16d283fe79\"><span class=\"serial-numb\">9. <\/span>\u00bfQu\u00e9 pasa si no puedo pagar el alquiler a tiempo?<\/button><\/div><div id=\"collapse-69e16d283fe79\" class=\"accordion-collapse collapse\" aria-labelledby=\"collapse-item-69e16d283fe79\" data-bs-parent=\"#faqAccordion1\"><div class=\"accordion-body\"><div class=\"faq-text\"><p>Si prev\u00e9 un retraso en el pago, p\u00f3ngase en contacto inmediatamente con nuestro equipo de cuentas por cobrar. Ignorar el problema puede acarrear cargos adicionales o posibles incumplimientos del contrato de alquiler.<\/p><\/div><\/div><\/div><\/div><div class=\"accordion-card  wow fadeinup\"  data-wow-delay=\"1.9s\"><div class=\"accordion-header\" id=\"collapse-item-69e16d283ff1e\"><button class=\"accordion-button collapsed\" type=\"button\" data-bs-toggle=\"collapse\" data-bs-target=\"#collapse-69e16d283ff1e\" aria-expanded=\"false\" aria-controls=\"collapse-69e16d283ff1e\"><span class=\"serial-numb\">10. <\/span> \u00bfSe admiten compa\u00f1eros de piso?<\/button><\/div><div id=\"collapse-69e16d283ff1e\" class=\"accordion-collapse collapse\" aria-labelledby=\"collapse-item-69e16d283ff1e\" data-bs-parent=\"#faqAccordion1\"><div class=\"accordion-body\"><div class=\"faq-text\"><p>S\u00ed, se permiten compa\u00f1eros de piso, pero cada ocupante debe completar el proceso completo de solicitud y aprobaci\u00f3n. Esto incluye la presentaci\u00f3n de una solicitud, el pago de la cuota requerida y la superaci\u00f3n de los requisitos de selecci\u00f3n. Cualquier ocupante no autorizado se considera una violaci\u00f3n del contrato de arrendamiento.<\/p><\/div><\/div><\/div><\/div><div class=\"accordion-card  wow fadeinup\"  data-wow-delay=\"2.1s\"><div class=\"accordion-header\" id=\"collapse-item-69e16d283ffb2\"><button class=\"accordion-button collapsed\" type=\"button\" data-bs-toggle=\"collapse\" data-bs-target=\"#collapse-69e16d283ffb2\" aria-expanded=\"false\" aria-controls=\"collapse-69e16d283ffb2\"><span class=\"serial-numb\">11. <\/span> \u00bfQu\u00e9 se considera una emergencia de mantenimiento?<\/button><\/div><div id=\"collapse-69e16d283ffb2\" class=\"accordion-collapse collapse\" aria-labelledby=\"collapse-item-69e16d283ffb2\" data-bs-parent=\"#faqAccordion1\"><div class=\"accordion-body\"><div class=\"faq-text\"><p data-start=\"107\" data-end=\"268\">En <strong data-start=\"110\" data-end=\"127\">La casa de Mickey<\/strong>, Una emergencia de mantenimiento es cualquier situaci\u00f3n que ponga en peligro la seguridad o pueda causar da\u00f1os materiales importantes. Esto incluye cuestiones como:<\/p><ul data-start=\"270\" data-end=\"420\"><li data-start=\"270\" data-end=\"307\"><p data-start=\"272\" data-end=\"307\">Rotura de tuber\u00edas o fugas de agua activas<\/p><\/li><li data-start=\"308\" data-end=\"376\"><p data-start=\"310\" data-end=\"376\">Aver\u00edas de la calefacci\u00f3n o el aire acondicionado en caso de temperaturas extremas<\/p><\/li><li data-start=\"377\" data-end=\"420\"><p data-start=\"379\" data-end=\"420\">Incendios o escapes de gas (llame siempre primero al 911)<\/p><\/li><\/ul><p data-start=\"422\" data-end=\"506\">Para cualquier situaci\u00f3n urgente, p\u00f3ngase en contacto inmediatamente con nuestra l\u00ednea de mantenimiento de urgencias.<\/p><\/div><\/div><\/div><\/div><div class=\"accordion-card  wow fadeinup\"  data-wow-delay=\"2.3s\"><div class=\"accordion-header\" id=\"collapse-item-69e16d2840154\"><button class=\"accordion-button collapsed\" type=\"button\" data-bs-toggle=\"collapse\" data-bs-target=\"#collapse-69e16d2840154\" aria-expanded=\"false\" aria-controls=\"collapse-69e16d2840154\"><span class=\"serial-numb\">12. <\/span> \u00bfCu\u00e1l es la pol\u00edtica de mascotas de Mickey's Home?<\/button><\/div><div id=\"collapse-69e16d2840154\" class=\"accordion-collapse collapse\" aria-labelledby=\"collapse-item-69e16d2840154\" data-bs-parent=\"#faqAccordion1\"><div class=\"accordion-body\"><div class=\"faq-text\"><p>En <strong data-start=\"108\" data-end=\"125\">La casa de Mickey<\/strong>, La pol\u00edtica sobre mascotas depende del contrato de alquiler espec\u00edfico. Si actualmente tiene una mascota y desea a\u00f1adir otra, debe ponerse en contacto con nuestra oficina para su aprobaci\u00f3n en primer lugar. Todas las solicitudes de mascotas se revisan caso por caso de acuerdo con los t\u00e9rminos de su contrato de arrendamiento.<\/p><\/div><\/div><\/div><\/div><div class=\"accordion-card  wow fadeinup\"  data-wow-delay=\"2.5s\"><div class=\"accordion-header\" id=\"collapse-item-69e16d284022b\"><button class=\"accordion-button collapsed\" type=\"button\" data-bs-toggle=\"collapse\" data-bs-target=\"#collapse-69e16d284022b\" aria-expanded=\"false\" aria-controls=\"collapse-69e16d284022b\"><span class=\"serial-numb\">13. <\/span> \u00bfPuedo cambiar las cerraduras?<\/button><\/div><div id=\"collapse-69e16d284022b\" class=\"accordion-collapse collapse\" aria-labelledby=\"collapse-item-69e16d284022b\" data-bs-parent=\"#faqAccordion1\"><div class=\"accordion-body\"><div class=\"faq-text\"><p data-start=\"110\" data-end=\"380\">En <strong data-start=\"113\" data-end=\"130\">La casa de Mickey<\/strong>, Los inquilinos no pueden cambiar ni a\u00f1adir cerraduras sin autorizaci\u00f3n por escrito. Si desea que se instalen cerraduras nuevas, le rogamos que lo solicite con antelaci\u00f3n. Todos los cambios de cerraduras deben ser realizados por un contratista autorizado, y el coste correr\u00e1 a cargo del inquilino.<\/p><\/div><\/div><\/div><\/div><div class=\"accordion-card  wow fadeinup\"  data-wow-delay=\"2.7s\"><div class=\"accordion-header\" id=\"collapse-item-69e16d284030b\"><button class=\"accordion-button collapsed\" type=\"button\" data-bs-toggle=\"collapse\" data-bs-target=\"#collapse-69e16d284030b\" aria-expanded=\"false\" aria-controls=\"collapse-69e16d284030b\"><span class=\"serial-numb\">14. <\/span> \u00bfPuede la administraci\u00f3n entrar en mi casa cuando no estoy presente?<\/button><\/div><div id=\"collapse-69e16d284030b\" class=\"accordion-collapse collapse\" aria-labelledby=\"collapse-item-69e16d284030b\" data-bs-parent=\"#faqAccordion1\"><div class=\"accordion-body\"><div class=\"faq-text\"><p>S\u00ed. <strong data-start=\"110\" data-end=\"127\">La casa de Mickey<\/strong> puede entrar en la propiedad con la debida antelaci\u00f3n cuando sea necesario para reparaciones, inspecciones o acceso de proveedores de servicios como profesionales de seguros o mantenimiento. Siempre que sea posible, haremos todo lo posible para programar las visitas cuando un residente est\u00e9 disponible.<\/p><\/div><\/div><\/div><\/div><div class=\"accordion-card  wow fadeinup\"  data-wow-delay=\"2.9s\"><div class=\"accordion-header\" id=\"collapse-item-69e16d28403b9\"><button class=\"accordion-button collapsed\" type=\"button\" data-bs-toggle=\"collapse\" data-bs-target=\"#collapse-69e16d28403b9\" aria-expanded=\"false\" aria-controls=\"collapse-69e16d28403b9\"><span class=\"serial-numb\">15. <\/span>\u00bfNecesito un seguro de alquiler?<\/button><\/div><div id=\"collapse-69e16d28403b9\" class=\"accordion-collapse collapse\" aria-labelledby=\"collapse-item-69e16d28403b9\" data-bs-parent=\"#faqAccordion1\"><div class=\"accordion-body\"><div class=\"faq-text\"><p>S\u00ed. Se requiere seguro de inquilinos antes de mudarse. Usted tendr\u00e1 que proporcionar una prueba de cobertura antes de recibir sus llaves.<\/p><\/div><\/div><\/div><\/div><\/div><\/div>\t\t\t\t<\/div>\n\t\t\t\t<\/div>\n\t\t\t\t<\/div>\n\t\t\t\t\t<\/div>\n\t\t\t\t<\/div>\n\t\t\t\t<\/div>","protected":false},"excerpt":{"rendered":"<p>FAQ Tenant Frequently Asked Questions What would you like to know about renting with Mickey\u2019s Homes? Find helpful answers about leasing, payments, maintenance, and your experience as a tenant in one of our managed rental properties. Contact Support +1 352-348-8033 info@mickeyshomes.com4904 Cape Hatteras Dr, Clermont, FL 34714 1. What is the process to apply for&#8230;<\/p>","protected":false},"author":1,"featured_media":0,"parent":0,"menu_order":0,"comment_status":"closed","ping_status":"closed","template":"template-builder.php","meta":{"_joinchat":[],"footnotes":""},"class_list":["post-5168","page","type-page","status-publish","hentry"],"_links":{"self":[{"href":"https:\/\/mickeyshomes.com\/es\/wp-json\/wp\/v2\/pages\/5168","targetHints":{"allow":["GET"]}}],"collection":[{"href":"https:\/\/mickeyshomes.com\/es\/wp-json\/wp\/v2\/pages"}],"about":[{"href":"https:\/\/mickeyshomes.com\/es\/wp-json\/wp\/v2\/types\/page"}],"author":[{"embeddable":true,"href":"https:\/\/mickeyshomes.com\/es\/wp-json\/wp\/v2\/users\/1"}],"replies":[{"embeddable":true,"href":"https:\/\/mickeyshomes.com\/es\/wp-json\/wp\/v2\/comments?post=5168"}],"version-history":[{"count":0,"href":"https:\/\/mickeyshomes.com\/es\/wp-json\/wp\/v2\/pages\/5168\/revisions"}],"wp:attachment":[{"href":"https:\/\/mickeyshomes.com\/es\/wp-json\/wp\/v2\/media?parent=5168"}],"curies":[{"name":"wp","href":"https:\/\/api.w.org\/{rel}","templated":true}]}}