{"id":1761,"date":"2025-04-24T08:31:19","date_gmt":"2025-04-24T08:31:19","guid":{"rendered":"https:\/\/wordpress.themeholy.com\/piller\/?page_id=1761"},"modified":"2026-01-22T19:16:12","modified_gmt":"2026-01-22T19:16:12","slug":"servicos","status":"publish","type":"page","link":"https:\/\/mickeyshomes.com\/pt\/services\/","title":{"rendered":"Servi\u00e7os"},"content":{"rendered":"<div data-elementor-type=\"wp-page\" data-elementor-id=\"1761\" class=\"elementor elementor-1761\" data-elementor-post-type=\"page\">\n\t\t\t\t<div class=\"elementor-element elementor-element-9fa073b e-flex e-con-boxed e-con e-parent\" data-id=\"9fa073b\" data-element_type=\"container\" data-e-type=\"container\">\n\t\t\t\t\t<div class=\"e-con-inner\">\n\t\t\r\n\t\t<div class=\"elementor-element elementor-element-83ff2b1 elementor-widget elementor-widget-pillerservice\" data-id=\"83ff2b1\" data-element_type=\"widget\" data-e-type=\"widget\" data-widget_type=\"pillerservice.default\">\n\t\t\t\t<div class=\"elementor-widget-container\">\n\t\t\t\t\t<div class=\"row gy-40 justify-content-center\"><div class=\"col-xl-4 col-md-6 th-service-loop fadeinup wow\"><div class=\"service-card\"><div class=\"box-thumb\"><a href=\"https:\/\/mickeyshomes.com\/pt\/gestao-do-patrimonio\/\"><img decoding=\"async\" src=\"https:\/\/mickeyshomes.com\/wp-content\/uploads\/2025\/12\/Property-Management.png\" alt=\"Gest\u00e3o de im\u00f3veis\"  \/><\/a><\/div><div class=\"box-content\"><div class=\"icon-wrap\"><div class=\"icon\"><img decoding=\"async\" src=\"https:\/\/mickeyshomes.com\/wp-content\/uploads\/2026\/01\/house.png\" alt=\"casa\"  \/><\/div><div class=\"number\"><h3>01<\/h3><\/div><\/div><h3 class=\"box-title\"><a href=\"https:\/\/mickeyshomes.com\/pt\/gestao-do-patrimonio\/\">Gest\u00e3o de im\u00f3veis<\/a><\/h3><p class=\"box-text\">Servi\u00e7o completo de gest\u00e3o de propriedades para casas unifamiliares, condom\u00ednios e propriedades com v\u00e1rias unidades, concebido para proteger o seu investimento e maximizar o valor a longo prazo.<\/p><\/div><\/div><\/div><div class=\"col-xl-4 col-md-6 th-service-loop fadeinup wow\"><div class=\"service-card\"><div class=\"box-thumb\"><a href=\"https:\/\/mickeyshomes.com\/pt\/marketing-imobiliario\/\"><img decoding=\"async\" src=\"https:\/\/mickeyshomes.com\/wp-content\/uploads\/2025\/12\/Real-Estate-Marketing.png\" alt=\"Marketing imobili\u00e1rio\"  \/><\/a><\/div><div class=\"box-content\"><div class=\"icon-wrap\"><div class=\"icon\"><img decoding=\"async\" src=\"https:\/\/mickeyshomes.com\/wp-content\/uploads\/2026\/01\/marketing-F.png\" alt=\"marketing F\"  \/><\/div><div class=\"number\"><h3>02<\/h3><\/div><\/div><h3 class=\"box-title\"><a href=\"https:\/\/mickeyshomes.com\/pt\/marketing-imobiliario\/\">Marketing imobili\u00e1rio<\/a><\/h3><p class=\"box-text\">Promovemos o seu im\u00f3vel atrav\u00e9s de fotografias profissionais, listagens detalhadas, visitas virtuais e plataformas de elevado tr\u00e1fego para atrair inquilinos de qualidade e reduzir o tempo de desocupa\u00e7\u00e3o.<\/p><\/div><\/div><\/div><div class=\"col-xl-4 col-md-6 th-service-loop fadeinup wow\"><div class=\"service-card\"><div class=\"box-thumb\"><a href=\"https:\/\/mickeyshomes.com\/pt\/rastreio-de-inquilinos\/\"><img decoding=\"async\" src=\"https:\/\/mickeyshomes.com\/wp-content\/uploads\/2025\/12\/Tenant-Screening.png\" alt=\"Sele\u00e7\u00e3o de inquilinos\"  \/><\/a><\/div><div class=\"box-content\"><div class=\"icon-wrap\"><div class=\"icon\"><img decoding=\"async\" src=\"https:\/\/mickeyshomes.com\/wp-content\/uploads\/2026\/01\/Tenant.png\" alt=\"Inquilino\"  \/><\/div><div class=\"number\"><h3>03<\/h3><\/div><\/div><h3 class=\"box-title\"><a href=\"https:\/\/mickeyshomes.com\/pt\/rastreio-de-inquilinos\/\">Sele\u00e7\u00e3o de inquilinos<\/a><\/h3><p class=\"box-text\">Todos os candidatos s\u00e3o cuidadosamente examinados atrav\u00e9s de verifica\u00e7\u00f5es de cr\u00e9dito, relat\u00f3rios de antecedentes, hist\u00f3rico de aluguer e verifica\u00e7\u00e3o de rendimentos para garantir inquilinos fi\u00e1veis.<\/p><\/div><\/div><\/div><div class=\"col-xl-4 col-md-6 th-service-loop fadeinup wow\"><div class=\"service-card\"><div class=\"box-thumb\"><a href=\"https:\/\/mickeyshomes.com\/pt\/cobranca-de-rendas\/\"><img decoding=\"async\" src=\"https:\/\/mickeyshomes.com\/wp-content\/uploads\/2025\/12\/Rent-Collection.png\" alt=\"Cobran\u00e7a de rendas\"  \/><\/a><\/div><div class=\"box-content\"><div class=\"icon-wrap\"><div class=\"icon\"><img decoding=\"async\" src=\"https:\/\/mickeyshomes.com\/wp-content\/uploads\/2026\/01\/Rent-.png\" alt=\"Aluguer \"  \/><\/div><div class=\"number\"><h3>04<\/h3><\/div><\/div><h3 class=\"box-title\"><a href=\"https:\/\/mickeyshomes.com\/pt\/cobranca-de-rendas\/\">Cobran\u00e7a de rendas<\/a><\/h3><p class=\"box-text\">Asseguramos um fluxo de caixa consistente com pagamentos online seguros, lembretes autom\u00e1ticos, aplica\u00e7\u00e3o de taxas de atraso e desembolsos r\u00e1pidos do propriet\u00e1rio.<\/p><\/div><\/div><\/div><div class=\"col-xl-4 col-md-6 th-service-loop fadeinup wow\"><div class=\"service-card\"><div class=\"box-thumb\"><a href=\"https:\/\/mickeyshomes.com\/pt\/reparacoes-de-manutencao\/\"><img decoding=\"async\" src=\"https:\/\/mickeyshomes.com\/wp-content\/uploads\/2025\/12\/Maintenance-and-Repairs.png\" alt=\"Manuten\u00e7\u00e3o e repara\u00e7\u00e3o\"  \/><\/a><\/div><div class=\"box-content\"><div class=\"icon-wrap\"><div class=\"icon\"><img decoding=\"async\" src=\"https:\/\/mickeyshomes.com\/wp-content\/uploads\/2026\/01\/Maintenance.png\" alt=\"Manuten\u00e7\u00e3o\"  \/><\/div><div class=\"number\"><h3>05<\/h3><\/div><\/div><h3 class=\"box-title\"><a href=\"https:\/\/mickeyshomes.com\/pt\/reparacoes-de-manutencao\/\">Manuten\u00e7\u00e3o e repara\u00e7\u00e3o<\/a><\/h3><p class=\"box-text\">Desde a manuten\u00e7\u00e3o de rotina at\u00e9 \u00e0s repara\u00e7\u00f5es de emerg\u00eancia 24 horas por dia, 7 dias por semana, mantemos a sua propriedade nas melhores condi\u00e7\u00f5es, protegendo o seu patrim\u00f3nio.\n\n<\/p><\/div><\/div><\/div><div class=\"col-xl-4 col-md-6 th-service-loop fadeinup wow\"><div class=\"service-card\"><div class=\"box-thumb\"><a href=\"https:\/\/mickeyshomes.com\/pt\/relatorios-financeiros\/\"><img decoding=\"async\" src=\"https:\/\/mickeyshomes.com\/wp-content\/uploads\/2025\/12\/Financial-Reports.png\" alt=\"Relat\u00f3rios financeiros\"  \/><\/a><\/div><div class=\"box-content\"><div class=\"icon-wrap\"><div class=\"icon\"><img decoding=\"async\" src=\"https:\/\/mickeyshomes.com\/wp-content\/uploads\/2026\/01\/Financial-Report.png\" alt=\"Relat\u00f3rio financeiro\"  \/><\/div><div class=\"number\"><h3>06<\/h3><\/div><\/div><h3 class=\"box-title\"><a href=\"https:\/\/mickeyshomes.com\/pt\/relatorios-financeiros\/\">Relat\u00f3rios financeiros<\/a><\/h3><p class=\"box-text\">Aceda a dados financeiros em tempo real, declara\u00e7\u00f5es de rendimentos e despesas, registos de manuten\u00e7\u00e3o e documentos prontos para impostos atrav\u00e9s do seu portal seguro de propriet\u00e1rio.<\/p><\/div><\/div><\/div><\/div><script>\r\n\tjQuery(document).ready(function($) {\r\n\t\t\/\/ Set the number of items to show initially and load on each click\r\n\t\tvar itemsToShow = 9;\r\n\t\tvar itemsPerLoad = 3; \r\n\t\tvar currentIndex = itemsToShow;\r\n\t\r\n\t\t\/\/ Hide items beyond the initial count\r\n\t\t$('.th-service-loop').slice(itemsToShow).hide();      \r\n\t\r\n\t\t\/\/ Attach a click event to the \"Load More\" button\r\n\t\t$('#load-more-service-btn').on('click', function() {\r\n\t\t\t\/\/ Show the next batch of items\r\n\t\t\t$('.th-service-loop').slice(currentIndex, currentIndex + itemsPerLoad).fadeIn();\r\n\t\t\t\r\n\t\t\t\/\/ Update the current index\r\n\t\t\tcurrentIndex += itemsPerLoad;\r\n\t\r\n\t\t\t\/\/ Hide the \"Load More\" button if all items are displayed\r\n\t\t\tif (currentIndex >= $('.th-service-loop').length) {\r\n\t\t\t\t$('#load-more-service-btn').hide();\r\n\t\t\t}\r\n\t\t});\r\n\t});\r\n<\/script>\r\n\r\n\t\t\t\t\t\t<\/div>\n\t\t\t\t<\/div>\n\t\t\t\t\t<\/div>\n\t\t\t\t<\/div>\n\t\t\t\t<\/div>","protected":false},"excerpt":{"rendered":"<p>01 Gest\u00e3o de propriedades Servi\u00e7o completo de gest\u00e3o de propriedades para casas unifamiliares, condom\u00ednios e propriedades com v\u00e1rias unidades, concebido para proteger o seu investimento e maximizar o valor a longo prazo. 02 Marketing de propriedades Promovemos a sua propriedade utilizando fotografias profissionais, listagens detalhadas, visitas virtuais e plataformas de elevado tr\u00e1fego para atrair inquilinos de qualidade e reduzir o tempo de desocupa\u00e7\u00e3o. 03 Sele\u00e7\u00e3o de inquilinos Todos os candidatos s\u00e3o cuidadosamente selecionados...<\/p>","protected":false},"author":1,"featured_media":0,"parent":0,"menu_order":0,"comment_status":"closed","ping_status":"closed","template":"template-builder.php","meta":{"_joinchat":[],"footnotes":""},"class_list":["post-1761","page","type-page","status-publish","hentry"],"_links":{"self":[{"href":"https:\/\/mickeyshomes.com\/pt\/wp-json\/wp\/v2\/pages\/1761","targetHints":{"allow":["GET"]}}],"collection":[{"href":"https:\/\/mickeyshomes.com\/pt\/wp-json\/wp\/v2\/pages"}],"about":[{"href":"https:\/\/mickeyshomes.com\/pt\/wp-json\/wp\/v2\/types\/page"}],"author":[{"embeddable":true,"href":"https:\/\/mickeyshomes.com\/pt\/wp-json\/wp\/v2\/users\/1"}],"replies":[{"embeddable":true,"href":"https:\/\/mickeyshomes.com\/pt\/wp-json\/wp\/v2\/comments?post=1761"}],"version-history":[{"count":0,"href":"https:\/\/mickeyshomes.com\/pt\/wp-json\/wp\/v2\/pages\/1761\/revisions"}],"wp:attachment":[{"href":"https:\/\/mickeyshomes.com\/pt\/wp-json\/wp\/v2\/media?parent=1761"}],"curies":[{"name":"wp","href":"https:\/\/api.w.org\/{rel}","templated":true}]}}