{"id":1988,"date":"2025-04-27T08:34:36","date_gmt":"2025-04-27T08:34:36","guid":{"rendered":"https:\/\/wordpress.themeholy.com\/piller\/?page_id=1988"},"modified":"2026-01-28T04:11:03","modified_gmt":"2026-01-28T04:11:03","slug":"faqs-do-proprietario","status":"publish","type":"page","link":"https:\/\/mickeyshomes.com\/pt\/owner-faqs\/","title":{"rendered":"FAQs do propriet\u00e1rio"},"content":{"rendered":"<div data-elementor-type=\"wp-page\" data-elementor-id=\"1988\" class=\"elementor elementor-1988\" data-elementor-post-type=\"page\">\n\t\t\t\t<div class=\"elementor-element elementor-element-d82ceca e-flex e-con-boxed e-con e-parent\" data-id=\"d82ceca\" data-element_type=\"container\" data-e-type=\"container\">\n\t\t\t\t\t<div class=\"e-con-inner\">\n\t\t<div class=\"elementor-element elementor-element-574b9df e-con-full e-flex e-con e-child\" data-id=\"574b9df\" data-element_type=\"container\" data-e-type=\"container\">\n\t\t\r\n\t\t<div class=\"elementor-element elementor-element-8d2ad62 elementor-widget elementor-widget-pillersectiontitle\" data-id=\"8d2ad62\" data-element_type=\"widget\" data-e-type=\"widget\" data-widget_type=\"pillersectiontitle.default\">\n\t\t\t\t<div class=\"elementor-widget-container\">\n\t\t\t\t\t\t\t<div class=\"title-area text-left\">\r\n\t\t\t<span class=\"sub-title text-anime-style-1\"><span class=\"double-line\"><\/span>FAQ<\/span><h2 class=\"sec-title text-anime-style-2\">Perguntas frequentes do propriet\u00e1rio<\/h2><p>O que gostaria de saber sobre a gest\u00e3o de propriedades?\nEncontre respostas claras sobre como gerimos o seu aluguer, protegemos o seu investimento e ajudamo-lo a maximizar o rendimento com servi\u00e7os profissionais de gest\u00e3o de propriedades.\n<\/p>\t\t<\/div>\r\n\r\n\t\t\t\t\t<\/div>\n\t\t\t\t<\/div>\n\t\t\t\t<div class=\"elementor-element elementor-element-3527998 elementor-widget elementor-widget-pillerbutton\" data-id=\"3527998\" data-element_type=\"widget\" data-e-type=\"widget\" data-widget_type=\"pillerbutton.default\">\n\t\t\t\t<div class=\"elementor-widget-container\">\n\t\t\t\t\t<div class=\"btn-wrapper\"><a class=\"th-btn th_btn pill\" href=\"https:\/\/wordpress.themehour.net\/piller\/contact\/\">Consulta gratuita<\/a><\/div>\t\t\t\t<\/div>\n\t\t\t\t<\/div>\n\t\t\t\t<div class=\"elementor-element elementor-element-da69440 elementor-widget elementor-widget-pillercontactinfo\" data-id=\"da69440\" data-element_type=\"widget\" data-e-type=\"widget\" data-widget_type=\"pillercontactinfo.default\">\n\t\t\t\t<div class=\"elementor-widget-container\">\n\t\t\t\t\t<div class=\"widget bg-smoke faq\"><div class=\"th-widget-contact\"><div class=\"info-box\"><div class=\"info-box_icon\"><i class=\"fas fa-phone\"><\/i><\/div><div class=\"info-box_text desc\"><a href=\"tel:+1 352-348-8033\" class=\"info-box_link\">+1 352-348-8033<\/a><\/div><\/div><div class=\"info-box\"><div class=\"info-box_icon\"><i class=\"fas fa-envelope\"><\/i><\/div><div class=\"info-box_text desc\"><a href=\"mailto:info@mickeyshomes.com\" class=\"info-box_link\"> info@mickeyshomes.com<\/a><\/div><\/div><div class=\"info-box\"><div class=\"info-box_icon\"><i class=\"fas fa-location-dot\"><\/i><\/div><div class=\"info-box_text desc\">4904 Cape Hatteras Dr, Clermont, FL 34714<\/div><\/div><\/div><\/div>\t\t\t\t<\/div>\n\t\t\t\t<\/div>\n\t\t\t\t<\/div>\n\t\t<div class=\"elementor-element elementor-element-aefe5d4 e-con-full e-flex e-con e-child\" data-id=\"aefe5d4\" data-element_type=\"container\" data-e-type=\"container\">\n\t\t\t\t<div class=\"elementor-element elementor-element-ab5325a elementor-widget elementor-widget-pillerfaq\" data-id=\"ab5325a\" data-element_type=\"widget\" data-e-type=\"widget\" data-widget_type=\"pillerfaq.default\">\n\t\t\t\t<div class=\"elementor-widget-container\">\n\t\t\t\t\t<div class=\"th-faq-wrapper\"><div class=\"accordion-1 accordion\" id=\"faqAccordion1\"><div class=\"accordion-card active wow fadeinup\"  data-wow-delay=\"0.1s\"><div class=\"accordion-header\" id=\"collapse-item-69e16f5cb10e4\"><button class=\"accordion-button\" type=\"button\" data-bs-toggle=\"collapse\" data-bs-target=\"#collapse-69e16f5cb10e4\" aria-expanded=\"true\" aria-controls=\"collapse-69e16f5cb10e4\"><span class=\"serial-numb\">1. <\/span>  O que distingue a mickey's home part das outras empresas?<\/button><\/div><div id=\"collapse-69e16f5cb10e4\" class=\"accordion-collapse collapse show\" aria-labelledby=\"collapse-item-69e16f5cb10e4\" data-bs-parent=\"#faqAccordion1\"><div class=\"accordion-body\"><div class=\"faq-text\"><p>Em <strong data-start=\"152\" data-end=\"169\">Casa do Mickey<\/strong>, A nossa abordagem baseia-se na transpar\u00eancia, na comunica\u00e7\u00e3o e na resposta r\u00e1pida e eficaz \u00e0s necessidades do cliente. A nossa abordagem baseia-se na transpar\u00eancia, na comunica\u00e7\u00e3o reactiva e na satisfa\u00e7\u00e3o do cliente a longo prazo. Concentramo-nos n\u00e3o s\u00f3 em satisfazer as necessidades dos propriet\u00e1rios, mas tamb\u00e9m em construir rela\u00e7\u00f5es positivas com os inquilinos. Atrav\u00e9s de uma gest\u00e3o pr\u00e1tica e da resolu\u00e7\u00e3o eficiente de problemas, protegemos o seu investimento e ajudamo-lo a ter o melhor desempenho poss\u00edvel.<\/p><\/div><\/div><\/div><\/div><div class=\"accordion-card  wow fadeinup\"  data-wow-delay=\"0.3s\"><div class=\"accordion-header\" id=\"collapse-item-69e16f5cb1253\"><button class=\"accordion-button collapsed\" type=\"button\" data-bs-toggle=\"collapse\" data-bs-target=\"#collapse-69e16f5cb1253\" aria-expanded=\"false\" aria-controls=\"collapse-69e16f5cb1253\"><span class=\"serial-numb\">2. <\/span> Como \u00e9 que a Mickey's Home me mant\u00e9m informado sobre o meu im\u00f3vel?<\/button><\/div><div id=\"collapse-69e16f5cb1253\" class=\"accordion-collapse collapse\" aria-labelledby=\"collapse-item-69e16f5cb1253\" data-bs-parent=\"#faqAccordion1\"><div class=\"accordion-body\"><div class=\"faq-text\"><p>Em <strong data-start=\"149\" data-end=\"166\">Casa do Mickey<\/strong>, Na nossa empresa, cada propriet\u00e1rio \u00e9 apoiado por dois gestores de propriedades dedicados e pode contactar-nos facilmente por telefone, e-mail ou texto. Damos prioridade a uma comunica\u00e7\u00e3o clara, honesta e atempada. Receber\u00e1 actualiza\u00e7\u00f5es regulares, relat\u00f3rios financeiros detalhados e acesso total ao desempenho da sua propriedade atrav\u00e9s do nosso portal do propriet\u00e1rio. Se surgir algo importante, contactamo-lo imediatamente - para que esteja sempre informado e nunca seja apanhado desprevenido.<\/p><\/div><\/div><\/div><\/div><div class=\"accordion-card  wow fadeinup\"  data-wow-delay=\"0.5s\"><div class=\"accordion-header\" id=\"collapse-item-69e16f5cb1314\"><button class=\"accordion-button collapsed\" type=\"button\" data-bs-toggle=\"collapse\" data-bs-target=\"#collapse-69e16f5cb1314\" aria-expanded=\"false\" aria-controls=\"collapse-69e16f5cb1314\"><span class=\"serial-numb\">3. <\/span> Que servi\u00e7os \u00e9 que a Mickey's Home oferece aos propriet\u00e1rios de im\u00f3veis?<\/button><\/div><div id=\"collapse-69e16f5cb1314\" class=\"accordion-collapse collapse\" aria-labelledby=\"collapse-item-69e16f5cb1314\" data-bs-parent=\"#faqAccordion1\"><div class=\"accordion-body\"><div class=\"faq-text\"><p>Em <strong data-start=\"113\" data-end=\"130\">Casa do Mickey<\/strong>, A nossa empresa, a BF, cuida de todos os aspectos do seu arrendamento - desde a comercializa\u00e7\u00e3o e sele\u00e7\u00e3o de inquilinos at\u00e9 \u00e0 manuten\u00e7\u00e3o, cobran\u00e7a de rendas, inspec\u00e7\u00f5es e gest\u00e3o do arrendamento. A nossa miss\u00e3o \u00e9 tornar a propriedade simples e sem preocupa\u00e7\u00f5es, ao mesmo tempo que o ajudamos a gerar um rendimento est\u00e1vel e a longo prazo do seu investimento.<\/p><\/div><\/div><\/div><\/div><div class=\"accordion-card  wow fadeinup\"  data-wow-delay=\"0.7s\"><div class=\"accordion-header\" id=\"collapse-item-69e16f5cb13c0\"><button class=\"accordion-button collapsed\" type=\"button\" data-bs-toggle=\"collapse\" data-bs-target=\"#collapse-69e16f5cb13c0\" aria-expanded=\"false\" aria-controls=\"collapse-69e16f5cb13c0\"><span class=\"serial-numb\">4. <\/span>  Como \u00e9 que a Casa do Mickey seleciona os potenciais inquilinos?<\/button><\/div><div id=\"collapse-69e16f5cb13c0\" class=\"accordion-collapse collapse\" aria-labelledby=\"collapse-item-69e16f5cb13c0\" data-bs-parent=\"#faqAccordion1\"><div class=\"accordion-body\"><div class=\"faq-text\"><p>Em <strong data-start=\"118\" data-end=\"135\">Casa do Mickey<\/strong>, Utilizamos um processo de sele\u00e7\u00e3o minucioso que inclui verifica\u00e7\u00f5es de antecedentes, avalia\u00e7\u00f5es de cr\u00e9dito, verifica\u00e7\u00e3o de rendimentos e emprego e an\u00e1lises do historial de arrendamento. S\u00f3 aprovamos inquilinos que satisfa\u00e7am os nossos elevados padr\u00f5es de fiabilidade, responsabilidade e estabilidade a longo prazo.<\/p><\/div><\/div><\/div><\/div><div class=\"accordion-card  wow fadeinup\"  data-wow-delay=\"0.9s\"><div class=\"accordion-header\" id=\"collapse-item-69e16f5cb144d\"><button class=\"accordion-button collapsed\" type=\"button\" data-bs-toggle=\"collapse\" data-bs-target=\"#collapse-69e16f5cb144d\" aria-expanded=\"false\" aria-controls=\"collapse-69e16f5cb144d\"><span class=\"serial-numb\">5. <\/span>  Terei a \u00faltima palavra a dizer sobre a aprova\u00e7\u00e3o de um inquilino?<\/button><\/div><div id=\"collapse-69e16f5cb144d\" class=\"accordion-collapse collapse\" aria-labelledby=\"collapse-item-69e16f5cb144d\" data-bs-parent=\"#faqAccordion1\"><div class=\"accordion-body\"><div class=\"faq-text\"><p>Em <strong data-start=\"108\" data-end=\"125\">Casa do Mickey<\/strong>, A nossa empresa, a BF, trata de todo o processo de sele\u00e7\u00e3o de inquilinos, mas tem sempre a op\u00e7\u00e3o de participar na aprova\u00e7\u00e3o final. Fornecemos-lhe todos os pormenores relevantes para que possa tomar uma decis\u00e3o confiante e informada.<\/p><\/div><\/div><\/div><\/div><div class=\"accordion-card  wow fadeinup\"  data-wow-delay=\"1.1s\"><div class=\"accordion-header\" id=\"collapse-item-69e16f5cb14d3\"><button class=\"accordion-button collapsed\" type=\"button\" data-bs-toggle=\"collapse\" data-bs-target=\"#collapse-69e16f5cb14d3\" aria-expanded=\"false\" aria-controls=\"collapse-69e16f5cb14d3\"><span class=\"serial-numb\">6. <\/span>  Como \u00e9 que a Casa do Mickey gere a manuten\u00e7\u00e3o e as repara\u00e7\u00f5es?<\/button><\/div><div id=\"collapse-69e16f5cb14d3\" class=\"accordion-collapse collapse\" aria-labelledby=\"collapse-item-69e16f5cb14d3\" data-bs-parent=\"#faqAccordion1\"><div class=\"accordion-body\"><div class=\"faq-text\"><p>Em <strong data-start=\"110\" data-end=\"127\">Casa do Mickey<\/strong>, Os inquilinos podem apresentar pedidos de manuten\u00e7\u00e3o atrav\u00e9s do nosso portal online ou contactar a nossa linha de manuten\u00e7\u00e3o 24 horas. Isto permite-nos responder rapidamente e acompanhar de perto cada pedido. Trabalhamos apenas com fornecedores licenciados e segurados, e mantemo-lo sempre informado e aprovamos quaisquer repara\u00e7\u00f5es ou despesas importantes antes de avan\u00e7armos.<\/p><\/div><\/div><\/div><\/div><div class=\"accordion-card  wow fadeinup\"  data-wow-delay=\"1.3s\"><div class=\"accordion-header\" id=\"collapse-item-69e16f5cb1558\"><button class=\"accordion-button collapsed\" type=\"button\" data-bs-toggle=\"collapse\" data-bs-target=\"#collapse-69e16f5cb1558\" aria-expanded=\"false\" aria-controls=\"collapse-69e16f5cb1558\"><span class=\"serial-numb\">7. <\/span> Quais s\u00e3o as taxas de gest\u00e3o do Lar do Mickey?<\/button><\/div><div id=\"collapse-69e16f5cb1558\" class=\"accordion-collapse collapse\" aria-labelledby=\"collapse-item-69e16f5cb1558\" data-bs-parent=\"#faqAccordion1\"><div class=\"accordion-body\"><div class=\"faq-text\"><p>Em <strong data-start=\"113\" data-end=\"130\">Casa do Mickey<\/strong>, A nossa pol\u00edtica de pre\u00e7os \u00e9 clara, competitiva e completamente transparente. Dedicamos tempo a explicar a nossa estrutura de taxas para que saiba sempre exatamente o que esperar - sem custos ocultos. S\u00f3 paga pelos servi\u00e7os que utiliza e n\u00e3o cobramos quaisquer taxas de gest\u00e3o at\u00e9 que um inquilino seja colocado na sua propriedade.<\/p><\/div><\/div><\/div><\/div><div class=\"accordion-card  wow fadeinup\"  data-wow-delay=\"1.5s\"><div class=\"accordion-header\" id=\"collapse-item-69e16f5cb15dc\"><button class=\"accordion-button collapsed\" type=\"button\" data-bs-toggle=\"collapse\" data-bs-target=\"#collapse-69e16f5cb15dc\" aria-expanded=\"false\" aria-controls=\"collapse-69e16f5cb15dc\"><span class=\"serial-numb\">8. <\/span> Quando \u00e9 que a Casa do Mickey envia os pagamentos ao propriet\u00e1rio?<\/button><\/div><div id=\"collapse-69e16f5cb15dc\" class=\"accordion-collapse collapse\" aria-labelledby=\"collapse-item-69e16f5cb15dc\" data-bs-parent=\"#faqAccordion1\"><div class=\"accordion-body\"><div class=\"faq-text\"><p>Em <strong data-start=\"113\" data-end=\"130\">Casa do Mickey<\/strong>, Os pagamentos dos propriet\u00e1rios s\u00e3o enviados mensalmente atrav\u00e9s de dep\u00f3sito direto. A maioria dos pagamentos \u00e9 processada entre os dias 5 e 10 de cada m\u00eas. Ter\u00e1 tamb\u00e9m acesso 24 horas por dia, 7 dias por semana, aos seus extractos de receitas e despesas atrav\u00e9s do nosso portal seguro do propriet\u00e1rio, dando-lhe total visibilidade financeira em qualquer altura.<\/p><\/div><\/div><\/div><\/div><div class=\"accordion-card  wow fadeinup\"  data-wow-delay=\"1.7s\"><div class=\"accordion-header\" id=\"collapse-item-69e16f5cb165e\"><button class=\"accordion-button collapsed\" type=\"button\" data-bs-toggle=\"collapse\" data-bs-target=\"#collapse-69e16f5cb165e\" aria-expanded=\"false\" aria-controls=\"collapse-69e16f5cb165e\"><span class=\"serial-numb\">9. <\/span> Posso utilizar os meus pr\u00f3prios contratantes ou fornecedores?<\/button><\/div><div id=\"collapse-69e16f5cb165e\" class=\"accordion-collapse collapse\" aria-labelledby=\"collapse-item-69e16f5cb165e\" data-bs-parent=\"#faqAccordion1\"><div class=\"accordion-body\"><div class=\"faq-text\"><p data-start=\"105\" data-end=\"327\">Em <strong data-start=\"108\" data-end=\"125\">Casa do Mickey<\/strong>, Se preferir, pode utilizar os seus pr\u00f3prios fornecedores ou empreiteiros. Basta informar-nos com anteced\u00eancia e n\u00f3s coordenaremos com eles para garantir que tudo \u00e9 feito de forma eficiente e sem complica\u00e7\u00f5es.<\/p><\/div><\/div><\/div><\/div><div class=\"accordion-card  wow fadeinup\"  data-wow-delay=\"1.9s\"><div class=\"accordion-header\" id=\"collapse-item-69e16f5cb16f5\"><button class=\"accordion-button collapsed\" type=\"button\" data-bs-toggle=\"collapse\" data-bs-target=\"#collapse-69e16f5cb16f5\" aria-expanded=\"false\" aria-controls=\"collapse-69e16f5cb16f5\"><span class=\"serial-numb\">10. <\/span> Com que rapidez podem come\u00e7ar a gerir a minha propriedade?<\/button><\/div><div id=\"collapse-69e16f5cb16f5\" class=\"accordion-collapse collapse\" aria-labelledby=\"collapse-item-69e16f5cb16f5\" data-bs-parent=\"#faqAccordion1\"><div class=\"accordion-body\"><div class=\"faq-text\"><p>Podemos come\u00e7ar assim que tivermos conclu\u00eddo uma an\u00e1lise inicial da propriedade e assinado um contrato de gest\u00e3o. A maioria das propriedades est\u00e1 a funcionar connosco em poucos dias \u00fateis.<\/p><\/div><\/div><\/div><\/div><\/div><\/div>\t\t\t\t<\/div>\n\t\t\t\t<\/div>\n\t\t\t\t<\/div>\n\t\t\t\t\t<\/div>\n\t\t\t\t<\/div>\n\t\t\t\t<\/div>","protected":false},"excerpt":{"rendered":"<p>FAQ Propriet\u00e1rio Perguntas frequentes O que gostaria de saber sobre a gest\u00e3o de propriedades? Encontre respostas claras sobre como gerimos o seu aluguer, protegemos o seu investimento e ajudamo-lo a maximizar o rendimento com servi\u00e7os profissionais de gest\u00e3o de propriedades. Consulta Gratuita +1 352-348-8033 info@mickeyshomes.com4904 Cape Hatteras Dr, Clermont, FL 34714 1. O que diferencia a mickey's home de outras...<\/p>","protected":false},"author":1,"featured_media":0,"parent":0,"menu_order":0,"comment_status":"closed","ping_status":"closed","template":"template-builder.php","meta":{"_joinchat":[],"footnotes":""},"class_list":["post-1988","page","type-page","status-publish","hentry"],"_links":{"self":[{"href":"https:\/\/mickeyshomes.com\/pt\/wp-json\/wp\/v2\/pages\/1988","targetHints":{"allow":["GET"]}}],"collection":[{"href":"https:\/\/mickeyshomes.com\/pt\/wp-json\/wp\/v2\/pages"}],"about":[{"href":"https:\/\/mickeyshomes.com\/pt\/wp-json\/wp\/v2\/types\/page"}],"author":[{"embeddable":true,"href":"https:\/\/mickeyshomes.com\/pt\/wp-json\/wp\/v2\/users\/1"}],"replies":[{"embeddable":true,"href":"https:\/\/mickeyshomes.com\/pt\/wp-json\/wp\/v2\/comments?post=1988"}],"version-history":[{"count":0,"href":"https:\/\/mickeyshomes.com\/pt\/wp-json\/wp\/v2\/pages\/1988\/revisions"}],"wp:attachment":[{"href":"https:\/\/mickeyshomes.com\/pt\/wp-json\/wp\/v2\/media?parent=1988"}],"curies":[{"name":"wp","href":"https:\/\/api.w.org\/{rel}","templated":true}]}}