{"id":1993,"date":"2025-04-27T08:36:18","date_gmt":"2025-04-27T08:36:18","guid":{"rendered":"https:\/\/wordpress.themeholy.com\/piller\/?page_id=1993"},"modified":"2026-01-22T19:10:35","modified_gmt":"2026-01-22T19:10:35","slug":"fixacao-de-precos","status":"publish","type":"page","link":"https:\/\/mickeyshomes.com\/pt\/pricing\/","title":{"rendered":"Pre\u00e7os"},"content":{"rendered":"<div data-elementor-type=\"wp-page\" data-elementor-id=\"1993\" class=\"elementor elementor-1993\" data-elementor-post-type=\"page\">\n\t\t\t\t<div class=\"elementor-element elementor-element-020a878 e-flex e-con-boxed e-con e-parent\" data-id=\"020a878\" data-element_type=\"container\" data-e-type=\"container\">\n\t\t\t\t\t<div class=\"e-con-inner\">\n\t\t\r\n\t\t<div class=\"elementor-element elementor-element-673a7cc elementor-widget elementor-widget-pillerprice\" data-id=\"673a7cc\" data-element_type=\"widget\" data-e-type=\"widget\" data-widget_type=\"pillerprice.default\">\n\t\t\t\t<div class=\"elementor-widget-container\">\n\t\t\t\t\t<div class=\"row gy-4 justify-content-center\"><div class=\"col-xl-4 col-md-6 wow fadeinleft\" data-wow-delay=\"0.1s\"><div class=\"price-card\"><div class=\"price-card_top\"><div class=\"icon\"><img decoding=\"async\" src=\"https:\/\/mickeyshomes.com\/wp-content\/uploads\/2026\/01\/icon-homes.png\" alt=\"casas \u00edcone\"  \/><\/div><h3 class=\"price-card_title\">Gest\u00e3o integral<\/h3><\/div><div class=\"price-card_price-wrap\"><h4 class=\"price-card_price\"><span><\/span>10% Renda bruta<\/h4><p class=\"box-text\">*Descontos para im\u00f3veis superiores a $3.250<\/p><\/div><div class=\"price-card_content\"><div class=\"checklist style7\"><ul>\r\n<li> <i class=\"fa-light fa-circle-check\"><\/i> Portal online do propriet\u00e1rio e do inquilino<\/li>\r\n<li><i class=\"fa-light fa-circle-check\"><\/i> Publicidade e marketing de vagas<\/li>\r\n<li><i class=\"fa-light fa-circle-check\"><\/i> Controlo de cr\u00e9dito, criminal e de despejo do inquilino<\/li>\r\n<li><i class=\"fa-light fa-circle-check\"><\/i> Contrato de arrendamento preparado por um advogado<\/li>\r\n<li><i class=\"fa-light fa-circle-check\"><\/i> Cobran\u00e7a de rendas<\/li>\r\n<li><i class=\"fa-light fa-circle-check\"><\/i>Manuten\u00e7\u00e3o <\/li>\r\n<li><i class=\"fa-light fa-circle-check\"><\/i> Resposta de emerg\u00eancia 24\/7\r\n<\/li>\r\n<li><i class=\"fa-light fa-circle-check\"><\/i> Relat\u00f3rios mensais de contas\r\n<\/li>\r\n<li><i class=\"fa-light fa-circle-check\"><\/i> Fotografias de entrada\/sa\u00edda\r\n<\/li>\r\n<li><i class=\"fa-light fa-circle-check\"><\/i> Declara\u00e7\u00e3o de rendimentos anual para declara\u00e7\u00e3o de impostos<\/li>\r\n<li><i class=\"fa-light fa-circle-check\"><\/i> Inspec\u00e7\u00f5es com fotografias\r\n<\/ul><\/div><a href=\"https:\/\/wa.me\/13523488033\" class=\"w-100 th-btn style3 radius\">Come\u00e7ar a trabalhar<\/a><\/div><\/div><\/div><div class=\"col-xl-4 col-md-6 wow fadeinup\" data-wow-delay=\"0.3s\"><div class=\"price-card  active\"><div class=\"price-card_top\"><div class=\"icon\"><img decoding=\"async\" src=\"https:\/\/mickeyshomes.com\/wp-content\/uploads\/2026\/01\/icon-homes.png\" alt=\"casas \u00edcone\"  \/><\/div><h3 class=\"price-card_title\">Gest\u00e3o limitada<\/h3><\/div><div class=\"price-card_price-wrap\"><h4 class=\"price-card_price\"><span><\/span>7% Renda bruta<\/h4><\/div><div class=\"price-card_content\"><div class=\"checklist style7\"><ul>\r\n<li> <i class=\"fa-light fa-circle-check\"><\/i> Portal online do propriet\u00e1rio e do inquilino<\/li>\r\n<li><i class=\"fa-light fa-circle-check\"><\/i> Publicidade e marketing de vagas<\/li>\r\n<li><i class=\"fa-light fa-circle-check\"><\/i> Controlo de cr\u00e9dito, criminal e de despejo do inquilino<\/li>\r\n<li><i class=\"fa-light fa-circle-check\"><\/i> Contrato de arrendamento preparado por um advogado<\/li>\r\n<li class=\"\"><i class=\"fa-light fa-circle-check\"><\/i> Cobran\u00e7a de rendas<\/li>\r\n<li class=\"\"><i class=\"fa-light fa-circle-check\"><\/i> Mover imagens para dentro\/para fora<\/li>\r\n<\/ul><\/div><a href=\"https:\/\/wa.me\/13523488033\" class=\"w-100 th-btn style3 radius\">Come\u00e7ar a trabalhar<\/a><\/div><\/div><\/div><div class=\"col-xl-4 col-md-6 wow fadeinright\" data-wow-delay=\"0.5s\"><div class=\"price-card\"><div class=\"price-card_top\"><div class=\"icon\"><img decoding=\"async\" src=\"https:\/\/mickeyshomes.com\/wp-content\/uploads\/2026\/01\/icon-homes.png\" alt=\"casas \u00edcone\"  \/><\/div><h3 class=\"price-card_title\">Apenas aluguer<\/h3><\/div><div class=\"price-card_price-wrap\"><h4 class=\"price-card_price\"><span><\/span>1 m\u00eas de renda<\/h4><\/div><div class=\"price-card_content\"><div class=\"checklist style7\"><ul>\r\n<li> <i class=\"fa-light fa-circle-check\"><\/i> Quando pretende um inquilino qualificado, o nosso plano Lease Only \u00e9 uma \u00f3ptima op\u00e7\u00e3o. Anunciamos, mostramos a sua propriedade e examinamos os candidatos para preencher a sua propriedade de aluguer com um inquilino de qualidade.<\/li>\r\n<\/ul><\/div><a href=\"https:\/\/wa.me\/13523488033\" class=\"w-100 th-btn style3 radius\">Come\u00e7ar a trabalhar<\/a><\/div><\/div><\/div><div class=\"col-xl-4 col-md-6 wow fadeinleft\" data-wow-delay=\"0.7s\"><div class=\"price-card\"><div class=\"price-card_top\"><div class=\"icon\"><img decoding=\"async\" src=\"https:\/\/mickeyshomes.com\/wp-content\/uploads\/2026\/01\/icon-homes.png\" alt=\"casas \u00edcone\"  \/><\/div><h3 class=\"price-card_title\">Curta dura\u00e7\u00e3o\/Airbnb<\/h3><\/div><div class=\"price-card_price-wrap\"><h4 class=\"price-card_price\"><span><\/span>30% Renda bruta<\/h4><\/div><div class=\"price-card_content\"><div class=\"checklist style7\"><ul>\r\n<li> <i class=\"fa-light fa-circle-check\"><\/i> Publicidade e marketing de vagas<\/li>\r\n<li><i class=\"fa-light fa-circle-check\"><\/i> Cobran\u00e7a de rendas<\/li>\r\n<li><i class=\"fa-light fa-circle-check\"><\/i> Coordena\u00e7\u00e3o de fornecedores, reservas, calend\u00e1rio, manuten\u00e7\u00e3o e limpeza<\/li>\r\n<li><i class=\"fa-light fa-circle-check\"><\/i> Relat\u00f3rio de inspe\u00e7\u00e3o semestral<\/li>\r\n<\/ul><\/div><a href=\"https:\/\/wa.me\/13523488033\" class=\"w-100 th-btn style3 radius\">Come\u00e7ar a trabalhar<\/a><\/div><\/div><\/div><\/div>\t\t\t\t<\/div>\n\t\t\t\t<\/div>\n\t\t\t\t\t<\/div>\n\t\t\t\t<\/div>\n\t\t\t\t<\/div>","protected":false},"excerpt":{"rendered":"<p>Gest\u00e3o completa 10% Renda bruta *Descontos para propriedades acima de $3,250 Portal online do propriet\u00e1rio e do inquilino Publicidade e marketing de vagas Cr\u00e9dito do inquilino, verifica\u00e7\u00e3o criminal e de despejo Contrato de arrendamento preparado por um advogado Cobran\u00e7a de rendas Manuten\u00e7\u00e3o Resposta de emerg\u00eancia 24 horas por dia, 7 dias por semana Relat\u00f3rio mensal de contas Fotos de entrada e sa\u00edda Declara\u00e7\u00e3o anual de rendimentos para declara\u00e7\u00e3o de impostos Inspec\u00e7\u00f5es com fotos Comece a trabalhar Gest\u00e3o limitada 7% Renda bruta...<\/p>","protected":false},"author":1,"featured_media":0,"parent":0,"menu_order":0,"comment_status":"closed","ping_status":"closed","template":"template-builder.php","meta":{"_joinchat":[],"footnotes":""},"class_list":["post-1993","page","type-page","status-publish","hentry"],"_links":{"self":[{"href":"https:\/\/mickeyshomes.com\/pt\/wp-json\/wp\/v2\/pages\/1993","targetHints":{"allow":["GET"]}}],"collection":[{"href":"https:\/\/mickeyshomes.com\/pt\/wp-json\/wp\/v2\/pages"}],"about":[{"href":"https:\/\/mickeyshomes.com\/pt\/wp-json\/wp\/v2\/types\/page"}],"author":[{"embeddable":true,"href":"https:\/\/mickeyshomes.com\/pt\/wp-json\/wp\/v2\/users\/1"}],"replies":[{"embeddable":true,"href":"https:\/\/mickeyshomes.com\/pt\/wp-json\/wp\/v2\/comments?post=1993"}],"version-history":[{"count":0,"href":"https:\/\/mickeyshomes.com\/pt\/wp-json\/wp\/v2\/pages\/1993\/revisions"}],"wp:attachment":[{"href":"https:\/\/mickeyshomes.com\/pt\/wp-json\/wp\/v2\/media?parent=1993"}],"curies":[{"name":"wp","href":"https:\/\/api.w.org\/{rel}","templated":true}]}}