{"id":3902,"date":"2025-03-20T03:49:12","date_gmt":"2025-03-20T03:49:12","guid":{"rendered":"https:\/\/wordpress.themeholy.com\/piller\/?page_id=19"},"modified":"2026-02-13T05:06:25","modified_gmt":"2026-02-13T05:06:25","slug":"sobre","status":"publish","type":"page","link":"https:\/\/mickeyshomes.com\/pt\/about\/","title":{"rendered":"Sobre n\u00f3s"},"content":{"rendered":"<div data-elementor-type=\"wp-page\" data-elementor-id=\"3902\" class=\"elementor elementor-3902\" data-elementor-post-type=\"page\">\n\t\t\t\t<div class=\"elementor-element elementor-element-f4e2df9 e-flex e-con-boxed e-con e-child\" data-id=\"f4e2df9\" data-element_type=\"container\" data-e-type=\"container\">\n\t\t\t\t\t<div class=\"e-con-inner\">\n\t\t<div class=\"elementor-element elementor-element-0a9741e e-con-full e-flex e-con e-child\" data-id=\"0a9741e\" data-element_type=\"container\" data-e-type=\"container\" data-settings=\"{&quot;background_background&quot;:&quot;classic&quot;}\">\n\t\t<div class=\"elementor-element elementor-element-976192d e-con-full elementor-hidden-mobile e-flex e-con e-child\" data-id=\"976192d\" data-element_type=\"container\" data-e-type=\"container\">\n\t\t\r\n\t\t<div class=\"elementor-element elementor-element-9fff9e0 elementor-widget elementor-widget-pillerimage\" data-id=\"9fff9e0\" data-element_type=\"widget\" data-e-type=\"widget\" data-widget_type=\"pillerimage.default\">\n\t\t\t\t<div class=\"elementor-widget-container\">\n\t\t\t\t\t<div class=\"img-box1 about-1 fadeinup wow\" data-wow-duration=\"1.5s\" data-wow-delay=\"0.3s\"><div class=\"about-logo-wrap-2\"><div class=\"logo-icon-wrap\"><div class=\"logo-icon\"><img decoding=\"async\" src=\"https:\/\/mickeyshomes.com\/wp-content\/uploads\/2025\/03\/mickey&#039;s-logo.png\" alt=\"log\u00f3tipo do mickey\"  \/><\/div><div class=\"logo-icon-wrap__text\"><span class=\"logo-animation\">Servi\u00e7os de gest\u00e3o de propriedades<\/span><\/div><\/div><\/div><div class=\"about-left\"><div class=\"img-box\"><img decoding=\"async\" src=\"https:\/\/wordpress.themehour.net\/piller\/wp-content\/uploads\/2025\/04\/about-1-left-1.jpg\" alt=\"cerca de 1 esquerda 1\"  \/><\/div><div class=\"img-box\"><img decoding=\"async\" src=\"https:\/\/wordpress.themehour.net\/piller\/wp-content\/uploads\/2025\/04\/about-1-left-2.jpg\" alt=\"cerca de 1 esquerda 2\"  \/><\/div><\/div><div class=\"about-middle\"><img decoding=\"async\" src=\"https:\/\/wordpress.themehour.net\/piller\/wp-content\/uploads\/2025\/04\/about-1-middle.jpg\" alt=\"cerca de 1 meio\"  class=\"tilt-active\" \/><\/div><div class=\"about-right\"><div class=\"img-box\"><img decoding=\"async\" src=\"https:\/\/wordpress.themehour.net\/piller\/wp-content\/uploads\/2025\/04\/about-1-right-1.jpg\" alt=\"cerca de 1 direito 1\"  \/><\/div><div class=\"img-box\"><img decoding=\"async\" src=\"https:\/\/wordpress.themehour.net\/piller\/wp-content\/uploads\/2025\/04\/about-1-right-2.jpg\" alt=\"cerca de 1 direito 2\"  \/><\/div><\/div><\/div>\t\t\t\t<\/div>\n\t\t\t\t<\/div>\n\t\t\t\t<\/div>\n\t\t<div class=\"elementor-element elementor-element-560a64b e-con-full e-flex e-con e-child\" data-id=\"560a64b\" data-element_type=\"container\" data-e-type=\"container\">\n\t\t\t\t<div class=\"elementor-element elementor-element-9304a8b elementor-widget elementor-widget-pillersectiontitle\" data-id=\"9304a8b\" data-element_type=\"widget\" data-e-type=\"widget\" data-widget_type=\"pillersectiontitle.default\">\n\t\t\t\t<div class=\"elementor-widget-container\">\n\t\t\t\t\t\t\t<div class=\"title-area text-left\">\r\n\t\t\t<span class=\"sub-title text-anime-style-1\"><span class=\"double-line\"><\/span> Sobre n\u00f3s<\/span><h2 class=\"sec-title text-anime-style-2\">O nosso objetivo<\/h2><p class=\"t\">Aqui explicamos a nossa forma de trabalhar, como abordamos cada projeto e os padr\u00f5es que orientam os nossos servi\u00e7os de aluguel de f\u00e9rias e gest\u00e3o de propriedades.\nO nosso objetivo \u00e9 oferecer qualidade, confian\u00e7a e valor a longo prazo para h\u00f3spedes e propriet\u00e1rios.\n<\/p>\t\t<\/div>\r\n\r\n\t\t\t\t\t<\/div>\n\t\t\t\t<\/div>\n\t\t\t\t<div class=\"elementor-element elementor-element-0059cb8 elementor-widget elementor-widget-pillersectiontitle\" data-id=\"0059cb8\" data-element_type=\"widget\" data-e-type=\"widget\" data-widget_type=\"pillersectiontitle.default\">\n\t\t\t\t<div class=\"elementor-widget-container\">\n\t\t\t\t\t\t\t<div class=\"title-area text-left\">\r\n\t\t\t<h2 class=\"sec-title text-anime-style-2\">A nossa miss\u00e3o<\/h2><p>Proporcionar experi\u00eancias de aluguel de f\u00e9rias fi\u00e1veis e de alta qualidade, atrav\u00e9s de propriedades cuidadosamente selecionadas e de uma gest\u00e3o profissional, garantindo conforto, confian\u00e7a e tranquilidade para h\u00f3spedes e propriet\u00e1rios.. \n<\/p>\t\t<\/div>\r\n\r\n\t\t\t\t\t<\/div>\n\t\t\t\t<\/div>\n\t\t\t\t<div class=\"elementor-element elementor-element-bbd0245 elementor-widget elementor-widget-pillersectiontitle\" data-id=\"bbd0245\" data-element_type=\"widget\" data-e-type=\"widget\" data-widget_type=\"pillersectiontitle.default\">\n\t\t\t\t<div class=\"elementor-widget-container\">\n\t\t\t\t\t\t\t<div class=\"title-area text-left\">\r\n\t\t\t<h2 class=\"sec-title text-anime-style-2\">A nossa vis\u00e3o<\/h2><p>Ser uma refer\u00eancia de confian\u00e7a em aluguel de f\u00e9rias e gest\u00e3o de propriedades, reconhecida pela transpar\u00eancia, experi\u00eancia de mercado e compromisso consistente com a excel\u00eancia do servi\u00e7o e rela\u00e7\u00f5es de longo prazo.\n<\/p>\t\t<\/div>\r\n\r\n\t\t\t\t\t<\/div>\n\t\t\t\t<\/div>\n\t\t\t\t<\/div>\n\t\t\t\t<\/div>\n\t\t\t\t<div class=\"elementor-element elementor-element-3819f14 elementor-widget elementor-widget-pillershapeimage\" data-id=\"3819f14\" data-element_type=\"widget\" data-e-type=\"widget\" data-widget_type=\"pillershapeimage.default\">\n\t\t\t\t<div class=\"elementor-widget-container\">\n\t\t\t\t\t<!-- Image --><div class=\"shape-mockup spin d-lg-block d-none\" data-bottom=\"11%\" data-left=\"5%\"><img decoding=\"async\" class=\"\" src=\"https:\/\/mickeyshomes.com\/wp-content\/uploads\/2026\/01\/icon-homes.png\" alt=\"Shape Image\" ><\/div><!-- End Image -->\t\t\t\t<\/div>\n\t\t\t\t<\/div>\n\t\t\t\t\t<\/div>\n\t\t\t\t<\/div>\n\t\t<div class=\"elementor-element elementor-element-d2b5ecc e-flex e-con-boxed e-con e-parent\" data-id=\"d2b5ecc\" data-element_type=\"container\" data-e-type=\"container\">\n\t\t\t\t\t<div class=\"e-con-inner\">\n\t\t\t\t<div class=\"elementor-element elementor-element-21a7a84 elementor-widget elementor-widget-pillersectiontitle\" data-id=\"21a7a84\" data-element_type=\"widget\" data-e-type=\"widget\" data-widget_type=\"pillersectiontitle.default\">\n\t\t\t\t<div class=\"elementor-widget-container\">\n\t\t\t\t\t\t\t<div class=\"title-area text-center\">\r\n\t\t\t<span class=\"sub-title text-anime-style-2\"><span class=\"double-line\"><\/span> Membros da equipa<\/span><h2 class=\"sec-title text-anime-style-3\">Conhe\u00e7a os nossos agentes de pilar<\/h2>\t\t<\/div>\r\n\r\n\t\t\t\t\t<\/div>\n\t\t\t\t<\/div>\n\t\t\t\t\t<\/div>\n\t\t\t\t<\/div>\n\t\t<div class=\"elementor-element elementor-element-adebed9 e-flex e-con-boxed e-con e-parent\" data-id=\"adebed9\" data-element_type=\"container\" data-e-type=\"container\">\n\t\t\t\t\t<div class=\"e-con-inner\">\n\t\t<div class=\"elementor-element elementor-element-ce3e5be e-con-full elementor-hidden-mobile e-flex e-con e-child\" data-id=\"ce3e5be\" data-element_type=\"container\" data-e-type=\"container\">\n\t\t\t\t<div class=\"elementor-element elementor-element-6d300cf elementor-widget elementor-widget-image\" data-id=\"6d300cf\" data-element_type=\"widget\" data-e-type=\"widget\" data-widget_type=\"image.default\">\n\t\t\t\t\t\t\t\t\t\t\t\t\t\t\t<img fetchpriority=\"high\" decoding=\"async\" width=\"751\" height=\"1001\" src=\"https:\/\/mickeyshomes.com\/wp-content\/uploads\/2026\/01\/foto-de-perfil-3-768x1024.jpeg\" class=\"attachment-large size-large wp-image-6342\" alt=\"\" srcset=\"https:\/\/mickeyshomes.com\/wp-content\/uploads\/2026\/01\/foto-de-perfil-3-768x1024.jpeg 768w, https:\/\/mickeyshomes.com\/wp-content\/uploads\/2026\/01\/foto-de-perfil-3-225x300.jpeg 225w, https:\/\/mickeyshomes.com\/wp-content\/uploads\/2026\/01\/foto-de-perfil-3-600x800.jpeg 600w, https:\/\/mickeyshomes.com\/wp-content\/uploads\/2026\/01\/foto-de-perfil-3.jpeg 960w\" sizes=\"(max-width: 751px) 100vw, 751px\" \/>\t\t\t\t\t\t\t\t\t\t\t\t\t\t\t<\/div>\n\t\t\t\t<\/div>\n\t\t<div class=\"elementor-element elementor-element-9a558bf e-con-full e-flex e-con e-child\" data-id=\"9a558bf\" data-element_type=\"container\" data-e-type=\"container\">\n\t\t\t\t<div class=\"elementor-element elementor-element-6171adc elementor-widget elementor-widget-pillersectiontitle\" data-id=\"6171adc\" data-element_type=\"widget\" data-e-type=\"widget\" data-widget_type=\"pillersectiontitle.default\">\n\t\t\t\t<div class=\"elementor-widget-container\">\n\t\t\t\t\t\t\t<div class=\"title-area text-left\">\r\n\t\t\t<h2 class=\"sec-title text-anime-style-2\">Jhony \u00c1lvarez<\/h2><p>Jhony Alvarez \u00e9 um profissional de gest\u00e3o de propriedades com mais de 21 anos de experi\u00eancia em hotelaria e alugueres de f\u00e9rias. Como gerente da Mickey's Homes Property Management LLC, ele supervisiona as opera\u00e7\u00f5es e a manuten\u00e7\u00e3o de mais de 20 propriedades, garantindo altos padr\u00f5es de qualidade, efici\u00eancia e satisfa\u00e7\u00e3o dos h\u00f3spedes.<\/br><\/br>\n\nCom uma s\u00f3lida experi\u00eancia em manuten\u00e7\u00e3o t\u00e9cnica, coordena\u00e7\u00e3o de equipas e gest\u00e3o de or\u00e7amentos, Jhony combina conhecimentos pr\u00e1ticos com lideran\u00e7a estrat\u00e9gica. Fluente em ingl\u00eas, espanhol e portugu\u00eas, est\u00e1 empenhado em proteger o valor da propriedade e prestar um servi\u00e7o fi\u00e1vel e de alta qualidade<\/p>\t\t<\/div>\r\n\r\n\t\t\t\t\t<\/div>\n\t\t\t\t<\/div>\n\t\t\t\t<div class=\"elementor-element elementor-element-bb8a5c7 elementor-hidden-desktop elementor-hidden-tablet elementor-widget elementor-widget-image\" data-id=\"bb8a5c7\" data-element_type=\"widget\" data-e-type=\"widget\" data-widget_type=\"image.default\">\n\t\t\t\t\t\t\t\t\t\t\t\t\t\t\t<img fetchpriority=\"high\" decoding=\"async\" width=\"751\" height=\"1001\" src=\"https:\/\/mickeyshomes.com\/wp-content\/uploads\/2026\/01\/foto-de-perfil-3-768x1024.jpeg\" class=\"attachment-large size-large wp-image-6342\" alt=\"\" srcset=\"https:\/\/mickeyshomes.com\/wp-content\/uploads\/2026\/01\/foto-de-perfil-3-768x1024.jpeg 768w, https:\/\/mickeyshomes.com\/wp-content\/uploads\/2026\/01\/foto-de-perfil-3-225x300.jpeg 225w, https:\/\/mickeyshomes.com\/wp-content\/uploads\/2026\/01\/foto-de-perfil-3-600x800.jpeg 600w, https:\/\/mickeyshomes.com\/wp-content\/uploads\/2026\/01\/foto-de-perfil-3.jpeg 960w\" sizes=\"(max-width: 751px) 100vw, 751px\" \/>\t\t\t\t\t\t\t\t\t\t\t\t\t\t\t<\/div>\n\t\t<div class=\"elementor-element elementor-element-95793dc e-con-full e-flex e-con e-child\" data-id=\"95793dc\" data-element_type=\"container\" data-e-type=\"container\">\n\t\t\t\t<div class=\"elementor-element elementor-element-017bc65 elementor-position-inline-start elementor-widget__width-initial elementor-mobile-position-inline-start elementor-widget-mobile__width-inherit elementor-view-default elementor-widget elementor-widget-icon-box\" data-id=\"017bc65\" data-element_type=\"widget\" data-e-type=\"widget\" data-widget_type=\"icon-box.default\">\n\t\t\t\t\t\t\t<div class=\"elementor-icon-box-wrapper\">\n\n\t\t\t\t\t\t<div class=\"elementor-icon-box-icon\">\n\t\t\t\t<a href=\"tel:+13523488033\" target=\"_blank\" class=\"elementor-icon\" tabindex=\"-1\" aria-label=\"Telefone\">\n\t\t\t\t<svg aria-hidden=\"true\" class=\"e-font-icon-svg e-fas-phone-alt\" viewbox=\"0 0 512 512\" xmlns=\"http:\/\/www.w3.org\/2000\/svg\"><path d=\"M497.39 361.8l-112-48a24 24 0 0 0-28 6.9l-49.6 60.6A370.66 370.66 0 0 1 130.6 204.11l60.6-49.6a23.94 23.94 0 0 0 6.9-28l-48-112A24.16 24.16 0 0 0 122.6.61l-104 24A24 24 0 0 0 0 48c0 256.5 207.9 464 464 464a24 24 0 0 0 23.4-18.6l24-104a24.29 24.29 0 0 0-14.01-27.6z\"><\/path><\/svg>\t\t\t\t<\/a>\n\t\t\t<\/div>\n\t\t\t\n\t\t\t\t\t\t<div class=\"elementor-icon-box-content\">\n\n\t\t\t\t\t\t\t\t\t<h3 class=\"elementor-icon-box-title\">\n\t\t\t\t\t\t<a href=\"tel:+13523488033\" target=\"_blank\" >\n\t\t\t\t\t\t\tTelefone\t\t\t\t\t\t<\/a>\n\t\t\t\t\t<\/h3>\n\t\t\t\t\n\t\t\t\t\t\t\t\t\t<p class=\"elementor-icon-box-description\">\n\t\t\t\t\t\t1 (352) 348-8033\t\t\t\t\t<\/p>\n\t\t\t\t\n\t\t\t<\/div>\n\t\t\t\n\t\t<\/div>\n\t\t\t\t\t\t<\/div>\n\t\t\t\t<div class=\"elementor-element elementor-element-0c56d6a elementor-position-inline-start elementor-mobile-position-inline-start elementor-view-default elementor-widget elementor-widget-icon-box\" data-id=\"0c56d6a\" data-element_type=\"widget\" data-e-type=\"widget\" data-widget_type=\"icon-box.default\">\n\t\t\t\t\t\t\t<div class=\"elementor-icon-box-wrapper\">\n\n\t\t\t\t\t\t<div class=\"elementor-icon-box-icon\">\n\t\t\t\t<a href=\"mailto:jhony@mickeyshomes.com\" target=\"_blank\" class=\"elementor-icon\" tabindex=\"-1\" aria-label=\"Correio eletr\u00f3nico\">\n\t\t\t\t<svg aria-hidden=\"true\" class=\"e-font-icon-svg e-fas-envelope\" viewbox=\"0 0 512 512\" xmlns=\"http:\/\/www.w3.org\/2000\/svg\"><path d=\"M502.3 190.8c3.9-3.1 9.7-.2 9.7 4.7V400c0 26.5-21.5 48-48 48H48c-26.5 0-48-21.5-48-48V195.6c0-5 5.7-7.8 9.7-4.7 22.4 17.4 52.1 39.5 154.1 113.6 21.1 15.4 56.7 47.8 92.2 47.6 35.7.3 72-32.8 92.3-47.6 102-74.1 131.6-96.3 154-113.7zM256 320c23.2.4 56.6-29.2 73.4-41.4 132.7-96.3 142.8-104.7 173.4-128.7 5.8-4.5 9.2-11.5 9.2-18.9v-19c0-26.5-21.5-48-48-48H48C21.5 64 0 85.5 0 112v19c0 7.4 3.4 14.3 9.2 18.9 30.6 23.9 40.7 32.4 173.4 128.7 16.8 12.2 50.2 41.8 73.4 41.4z\"><\/path><\/svg>\t\t\t\t<\/a>\n\t\t\t<\/div>\n\t\t\t\n\t\t\t\t\t\t<div class=\"elementor-icon-box-content\">\n\n\t\t\t\t\t\t\t\t\t<h3 class=\"elementor-icon-box-title\">\n\t\t\t\t\t\t<a href=\"mailto:jhony@mickeyshomes.com\" target=\"_blank\" >\n\t\t\t\t\t\t\tCorreio eletr\u00f3nico\t\t\t\t\t\t<\/a>\n\t\t\t\t\t<\/h3>\n\t\t\t\t\n\t\t\t\t\t\t\t\t\t<p class=\"elementor-icon-box-description\">\n\t\t\t\t\t\tjhony@mickeyshomes.com\t\t\t\t\t<\/p>\n\t\t\t\t\n\t\t\t<\/div>\n\t\t\t\n\t\t<\/div>\n\t\t\t\t\t\t<\/div>\n\t\t\t\t<\/div>\n\t\t\t\t<\/div>\n\t\t\t\t\t<\/div>\n\t\t\t\t<\/div>\n\t\t<div class=\"elementor-element elementor-element-df3ae9b e-flex e-con-boxed e-con e-parent\" data-id=\"df3ae9b\" data-element_type=\"container\" data-e-type=\"container\" data-settings=\"{&quot;background_background&quot;:&quot;classic&quot;}\">\n\t\t\t\t\t<div class=\"e-con-inner\">\n\t\t\t\t<div class=\"elementor-element elementor-element-4f61a6c animated-slow elementor-invisible elementor-widget elementor-widget-pillercounterup\" data-id=\"4f61a6c\" data-element_type=\"widget\" data-e-type=\"widget\" data-settings=\"{&quot;_animation&quot;:&quot;fadeInUp&quot;}\" data-widget_type=\"pillercounterup.default\">\n\t\t\t\t<div class=\"elementor-widget-container\">\n\t\t\t\t\t <div class=\"counter-card-wrap\"><div class=\"counter-card fadeinup wow\"><div class=\"box-icon\"><img decoding=\"async\" src=\"https:\/\/mickeyshomes.com\/wp-content\/uploads\/2026\/01\/apartment-F.png\" alt=\"apartamento F\"  \/><\/div><div class=\"media-body\"><h2 class=\"box-number num\"><span class=\"counter-number\">1950<\/span>+<\/h2><span class=\"box-text desc\">Entrega do projeto\n\n<\/span><\/div><\/div><div class=\"divider\"><\/div><div class=\"counter-card fadeinup wow\"><div class=\"box-icon\"><img decoding=\"async\" src=\"https:\/\/mickeyshomes.com\/wp-content\/uploads\/2026\/01\/apartment-F.png\" alt=\"apartamento F\"  \/><\/div><div class=\"media-body\"><h2 class=\"box-number num\"><span class=\"counter-number\">2<\/span>M<\/h2><span class=\"box-text desc\">Visitantes mensais\n\n<\/span><\/div><\/div><div class=\"divider\"><\/div><div class=\"counter-card fadeinup wow\"><div class=\"box-icon\"><img decoding=\"async\" src=\"https:\/\/mickeyshomes.com\/wp-content\/uploads\/2026\/01\/apartment-F.png\" alt=\"apartamento F\"  \/><\/div><div class=\"media-body\"><h2 class=\"box-number num\"><span class=\"counter-number\">850<\/span>+<\/h2><span class=\"box-text desc\">Im\u00f3vel pronto\n\n<\/span><\/div><\/div><div class=\"divider\"><\/div><div class=\"counter-card fadeinup wow\"><div class=\"box-icon\"><img decoding=\"async\" src=\"https:\/\/mickeyshomes.com\/wp-content\/uploads\/2026\/01\/apartment-F.png\" alt=\"apartamento F\"  \/><\/div><div class=\"media-body\"><h2 class=\"box-number num\"><span class=\"counter-number\">98<\/span>%<\/h2><span class=\"box-text desc\">Clientes satisfeitos\n\n<\/span><\/div><\/div><div class=\"divider\"><\/div><\/div>\t\t\t\t<\/div>\n\t\t\t\t<\/div>\n\t\t\t\t\t<\/div>\n\t\t\t\t<\/div>\n\t\t<div class=\"elementor-element elementor-element-5e5c102 e-flex e-con-boxed e-con e-parent\" data-id=\"5e5c102\" data-element_type=\"container\" data-e-type=\"container\" data-settings=\"{&quot;background_background&quot;:&quot;classic&quot;}\">\n\t\t\t\t\t<div class=\"e-con-inner\">\n\t\t\t\t<div class=\"elementor-element elementor-element-f3be9bb elementor-widget elementor-widget-pillersectiontitle\" data-id=\"f3be9bb\" data-element_type=\"widget\" data-e-type=\"widget\" data-widget_type=\"pillersectiontitle.default\">\n\t\t\t\t<div class=\"elementor-widget-container\">\n\t\t\t\t\t\t\t<div class=\"title-area text-center\">\r\n\t\t\t<span class=\"sub-title text-anime-style-2\"><span class=\"double-line\"><\/span>Testemunhos<\/span><h2 class=\"sec-title text-anime-style-3\">O que diz o nosso cliente<\/h2>\t\t<\/div>\r\n\r\n\t\t\t\t\t<\/div>\n\t\t\t\t<\/div>\n\t\t\t\t<div class=\"elementor-element elementor-element-0bd4094 animated-slow elementor-invisible elementor-widget elementor-widget-shortcode\" data-id=\"0bd4094\" data-element_type=\"widget\" data-e-type=\"widget\" data-settings=\"{&quot;_animation&quot;:&quot;fadeInLeft&quot;}\" data-widget_type=\"shortcode.default\">\n\t\t\t\t\t\t\t<div class=\"elementor-shortcode\"><div data-src=\"https:\/\/cdn.trustindex.io\/loader.js?0fd8667646d2726b8f060a4c1b6\"><\/div><\/div>\n\t\t\t\t\t\t<\/div>\n\t\t\t\t\t<\/div>\n\t\t\t\t<\/div>\n\t\t<div class=\"elementor-element elementor-element-8784d4d e-flex e-con-boxed e-con e-parent\" data-id=\"8784d4d\" data-element_type=\"container\" data-e-type=\"container\">\n\t\t\t\t\t<div class=\"e-con-inner\">\n\t\t\t\t<div class=\"elementor-element elementor-element-610ea6e elementor-widget elementor-widget-pillersectiontitle\" data-id=\"610ea6e\" data-element_type=\"widget\" data-e-type=\"widget\" data-widget_type=\"pillersectiontitle.default\">\n\t\t\t\t<div class=\"elementor-widget-container\">\n\t\t\t\t\t\t\t<div class=\"title-area text-center\">\r\n\t\t\t<span class=\"sub-title text-anime-style-2\"><span class=\"double-line\"><\/span>Mais bem classificado em Clermont, Fl\u00f3rida - 2025<\/span><h2 class=\"sec-title text-anime-style-3\">Excel\u00eancia na gest\u00e3o de im\u00f3veis<\/h2>\t\t<\/div>\r\n\r\n\t\t\t\t\t<\/div>\n\t\t\t\t<\/div>\n\t\t\t\t<div class=\"elementor-element elementor-element-ed18e08 elementor-widget elementor-widget-image\" data-id=\"ed18e08\" data-element_type=\"widget\" data-e-type=\"widget\" data-widget_type=\"image.default\">\n\t\t\t\t\t\t\t\t\t\t\t\t\t\t\t<img decoding=\"async\" width=\"751\" height=\"940\" src=\"https:\/\/mickeyshomes.com\/wp-content\/uploads\/2026\/01\/WhatsApp-Image-2026-01-30-at-12.21.55-PM.jpeg\" class=\"attachment-large size-large wp-image-7442\" alt=\"\" srcset=\"https:\/\/mickeyshomes.com\/wp-content\/uploads\/2026\/01\/WhatsApp-Image-2026-01-30-at-12.21.55-PM.jpeg 818w, https:\/\/mickeyshomes.com\/wp-content\/uploads\/2026\/01\/WhatsApp-Image-2026-01-30-at-12.21.55-PM-240x300.jpeg 240w, https:\/\/mickeyshomes.com\/wp-content\/uploads\/2026\/01\/WhatsApp-Image-2026-01-30-at-12.21.55-PM-768x961.jpeg 768w, https:\/\/mickeyshomes.com\/wp-content\/uploads\/2026\/01\/WhatsApp-Image-2026-01-30-at-12.21.55-PM-10x12.jpeg 10w\" sizes=\"(max-width: 751px) 100vw, 751px\" \/>\t\t\t\t\t\t\t\t\t\t\t\t\t\t\t<\/div>\n\t\t\t\t\t<\/div>\n\t\t\t\t<\/div>\n\t\t\t\t<\/div>","protected":false},"excerpt":{"rendered":"<p>Servi\u00e7os de gest\u00e3o de propriedades Sobre n\u00f3s O nosso objetivo Aqui definimos porque fazemos o que fazemos, como abordamos cada projeto e os padr\u00f5es que orientam os nossos servi\u00e7os de aluguer de f\u00e9rias e de gest\u00e3o de propriedades. O nosso objetivo \u00e9 oferecer qualidade, confian\u00e7a e valor a longo prazo tanto para os h\u00f3spedes como para os propriet\u00e1rios. A nossa miss\u00e3o Fornecer servi\u00e7os fi\u00e1veis e de alta qualidade...<\/p>","protected":false},"author":1,"featured_media":0,"parent":0,"menu_order":0,"comment_status":"closed","ping_status":"closed","template":"template-builder.php","meta":{"_joinchat":[],"footnotes":""},"class_list":["post-3902","page","type-page","status-publish","hentry"],"_links":{"self":[{"href":"https:\/\/mickeyshomes.com\/pt\/wp-json\/wp\/v2\/pages\/3902","targetHints":{"allow":["GET"]}}],"collection":[{"href":"https:\/\/mickeyshomes.com\/pt\/wp-json\/wp\/v2\/pages"}],"about":[{"href":"https:\/\/mickeyshomes.com\/pt\/wp-json\/wp\/v2\/types\/page"}],"author":[{"embeddable":true,"href":"https:\/\/mickeyshomes.com\/pt\/wp-json\/wp\/v2\/users\/1"}],"replies":[{"embeddable":true,"href":"https:\/\/mickeyshomes.com\/pt\/wp-json\/wp\/v2\/comments?post=3902"}],"version-history":[{"count":0,"href":"https:\/\/mickeyshomes.com\/pt\/wp-json\/wp\/v2\/pages\/3902\/revisions"}],"wp:attachment":[{"href":"https:\/\/mickeyshomes.com\/pt\/wp-json\/wp\/v2\/media?parent=3902"}],"curies":[{"name":"wp","href":"https:\/\/api.w.org\/{rel}","templated":true}]}}