{"id":413,"date":"2025-04-10T06:17:26","date_gmt":"2025-04-10T06:17:26","guid":{"rendered":"https:\/\/wordpress.themeholy.com\/piller\/single-location\/"},"modified":"2026-01-26T04:27:10","modified_gmt":"2026-01-26T04:27:10","slug":"centro-da-florida","status":"publish","type":"page","link":"https:\/\/mickeyshomes.com\/pt\/central-florida\/","title":{"rendered":"Floria Central"},"content":{"rendered":"<div data-elementor-type=\"wp-page\" data-elementor-id=\"413\" class=\"elementor elementor-413\" data-elementor-post-type=\"page\">\n\t\t\t\t<div class=\"elementor-element elementor-element-52ee047 e-flex e-con-boxed e-con e-parent\" data-id=\"52ee047\" data-element_type=\"container\" data-e-type=\"container\">\n\t\t\t\t\t<div class=\"e-con-inner\">\n\t\t\t\t<div class=\"elementor-element elementor-element-1570fc0 animated-slow elementor-invisible elementor-widget elementor-widget-heading\" data-id=\"1570fc0\" data-element_type=\"widget\" data-e-type=\"widget\" data-settings=\"{&quot;_animation&quot;:&quot;fadeInLeft&quot;,&quot;_animation_mobile&quot;:&quot;none&quot;}\" data-widget_type=\"heading.default\">\n\t\t\t\t\t<h2 class=\"elementor-heading-title elementor-size-default\">Deixe-nos gerir a sua propriedade de aluguer na Fl\u00f3rida Central<\/h2>\t\t\t\t<\/div>\n\t\t\r\n\t\t<div class=\"elementor-element elementor-element-5186376 animated-slow elementor-invisible elementor-widget elementor-widget-text-editor\" data-id=\"5186376\" data-element_type=\"widget\" data-e-type=\"widget\" data-settings=\"{&quot;_animation&quot;:&quot;fadeInRight&quot;,&quot;_animation_mobile&quot;:&quot;none&quot;}\" data-widget_type=\"text-editor.default\">\n\t\t\t\t\t\t\t\t\t<p data-start=\"291\" data-end=\"618\">A Mickey's Homes Property Management presta servi\u00e7os profissionais e fi\u00e1veis de gest\u00e3o de propriedades em <strong data-start=\"397\" data-end=\"416\">Fl\u00f3rida Central<\/strong>, incluindo <strong data-start=\"428\" data-end=\"490\">Kissimmee, Winter Garden, Davenport, Orlando e Clermont<\/strong>, concebido para ajudar os propriet\u00e1rios de im\u00f3veis de aluguer a aumentar a rentabilidade, proteger os seus investimentos e simplificar as opera\u00e7\u00f5es quotidianas.<\/p><p data-start=\"620\" data-end=\"997\">As nossas solu\u00e7\u00f5es de gest\u00e3o de propriedades na Fl\u00f3rida Central s\u00e3o adaptadas para satisfazer as necessidades dos propriet\u00e1rios e inquilinos, assegurando que cada propriedade \u00e9 tratada com cuidado, precis\u00e3o e experi\u00eancia no mercado local. Desde a coloca\u00e7\u00e3o de inquilinos e gest\u00e3o de arrendamentos at\u00e9 \u00e0 manuten\u00e7\u00e3o e relat\u00f3rios financeiros, gerimos todos os aspectos do seu arrendamento para que possa desfrutar de paz de esp\u00edrito e rendimentos consistentes.<\/p>\t\t\t\t\t\t\t\t<\/div>\n\t\t\t\t<div class=\"elementor-element elementor-element-59a7438 animated-slow elementor-invisible elementor-widget elementor-widget-heading\" data-id=\"59a7438\" data-element_type=\"widget\" data-e-type=\"widget\" data-settings=\"{&quot;_animation&quot;:&quot;fadeInLeft&quot;,&quot;_animation_mobile&quot;:&quot;none&quot;}\" data-widget_type=\"heading.default\">\n\t\t\t\t\t<h2 class=\"elementor-heading-title elementor-size-default\">Porqu\u00ea escolher os nossos servi\u00e7os de gest\u00e3o de propriedades na Fl\u00f3rida Central<\/h2>\t\t\t\t<\/div>\n\t\t\t\t<div class=\"elementor-element elementor-element-7b701cb animated-slow elementor-invisible elementor-widget elementor-widget-text-editor\" data-id=\"7b701cb\" data-element_type=\"widget\" data-e-type=\"widget\" data-settings=\"{&quot;_animation&quot;:&quot;fadeInRight&quot;,&quot;_animation_mobile&quot;:&quot;none&quot;}\" data-widget_type=\"text-editor.default\">\n\t\t\t\t\t\t\t\t\t<p data-start=\"380\" data-end=\"618\">Na Mickey's Homes Property Management, compreendemos a din\u00e2mica \u00fanica do mercado de arrendamento da Fl\u00f3rida Central. A nossa equipa utiliza a experi\u00eancia local, sistemas comprovados e gest\u00e3o pr\u00e1tica para obter resultados reais para os propriet\u00e1rios de im\u00f3veis em Kissimmee, Winter Garden, Davenport, Orlando e Clermont.<\/p><p data-start=\"380\" data-end=\"618\">Ajudamos os propriet\u00e1rios de im\u00f3veis a alcan\u00e7ar:<\/p>\t\t\t\t\t\t\t\t<\/div>\n\t\t\t\t<div class=\"elementor-element elementor-element-6322edf animated-slow elementor-icon-list--layout-traditional elementor-list-item-link-full_width elementor-invisible elementor-widget elementor-widget-icon-list\" data-id=\"6322edf\" data-element_type=\"widget\" data-e-type=\"widget\" data-settings=\"{&quot;_animation&quot;:&quot;fadeInLeft&quot;,&quot;_animation_mobile&quot;:&quot;none&quot;}\" data-widget_type=\"icon-list.default\">\n\t\t\t\t\t\t\t<ul class=\"elementor-icon-list-items\">\n\t\t\t\t\t\t\t<li class=\"elementor-icon-list-item\">\n\t\t\t\t\t\t\t\t\t\t\t<span class=\"elementor-icon-list-icon\">\n\t\t\t\t\t\t\t<svg aria-hidden=\"true\" class=\"e-font-icon-svg e-far-check-circle\" viewbox=\"0 0 512 512\" xmlns=\"http:\/\/www.w3.org\/2000\/svg\"><path d=\"M256 8C119.033 8 8 119.033 8 256s111.033 248 248 248 248-111.033 248-248S392.967 8 256 8zm0 48c110.532 0 200 89.451 200 200 0 110.532-89.451 200-200 200-110.532 0-200-89.451-200-200 0-110.532 89.451-200 200-200m140.204 130.267l-22.536-22.718c-4.667-4.705-12.265-4.736-16.97-.068L215.346 303.697l-59.792-60.277c-4.667-4.705-12.265-4.736-16.97-.069l-22.719 22.536c-4.705 4.667-4.736 12.265-.068 16.971l90.781 91.516c4.667 4.705 12.265 4.736 16.97.068l172.589-171.204c4.704-4.668 4.734-12.266.067-16.971z\"><\/path><\/svg>\t\t\t\t\t\t<\/span>\n\t\t\t\t\t\t\t\t\t\t<span class=\"elementor-icon-list-text\">Maior reten\u00e7\u00e3o de inquilinos<\/span>\n\t\t\t\t\t\t\t\t\t<\/li>\n\t\t\t\t\t\t\t\t<li class=\"elementor-icon-list-item\">\n\t\t\t\t\t\t\t\t\t\t\t<span class=\"elementor-icon-list-icon\">\n\t\t\t\t\t\t\t<svg aria-hidden=\"true\" class=\"e-font-icon-svg e-far-check-circle\" viewbox=\"0 0 512 512\" xmlns=\"http:\/\/www.w3.org\/2000\/svg\"><path d=\"M256 8C119.033 8 8 119.033 8 256s111.033 248 248 248 248-111.033 248-248S392.967 8 256 8zm0 48c110.532 0 200 89.451 200 200 0 110.532-89.451 200-200 200-110.532 0-200-89.451-200-200 0-110.532 89.451-200 200-200m140.204 130.267l-22.536-22.718c-4.667-4.705-12.265-4.736-16.97-.068L215.346 303.697l-59.792-60.277c-4.667-4.705-12.265-4.736-16.97-.069l-22.719 22.536c-4.705 4.667-4.736 12.265-.068 16.971l90.781 91.516c4.667 4.705 12.265 4.736 16.97.068l172.589-171.204c4.704-4.668 4.734-12.266.067-16.971z\"><\/path><\/svg>\t\t\t\t\t\t<\/span>\n\t\t\t\t\t\t\t\t\t\t<span class=\"elementor-icon-list-text\">Redu\u00e7\u00e3o de vagas<\/span>\n\t\t\t\t\t\t\t\t\t<\/li>\n\t\t\t\t\t\t\t\t<li class=\"elementor-icon-list-item\">\n\t\t\t\t\t\t\t\t\t\t\t<span class=\"elementor-icon-list-icon\">\n\t\t\t\t\t\t\t<svg aria-hidden=\"true\" class=\"e-font-icon-svg e-far-check-circle\" viewbox=\"0 0 512 512\" xmlns=\"http:\/\/www.w3.org\/2000\/svg\"><path d=\"M256 8C119.033 8 8 119.033 8 256s111.033 248 248 248 248-111.033 248-248S392.967 8 256 8zm0 48c110.532 0 200 89.451 200 200 0 110.532-89.451 200-200 200-110.532 0-200-89.451-200-200 0-110.532 89.451-200 200-200m140.204 130.267l-22.536-22.718c-4.667-4.705-12.265-4.736-16.97-.068L215.346 303.697l-59.792-60.277c-4.667-4.705-12.265-4.736-16.97-.069l-22.719 22.536c-4.705 4.667-4.736 12.265-.068 16.971l90.781 91.516c4.667 4.705 12.265 4.736 16.97.068l172.589-171.204c4.704-4.668 4.734-12.266.067-16.971z\"><\/path><\/svg>\t\t\t\t\t\t<\/span>\n\t\t\t\t\t\t\t\t\t\t<span class=\"elementor-icon-list-text\">Aumento das receitas de aluguer<\/span>\n\t\t\t\t\t\t\t\t\t<\/li>\n\t\t\t\t\t\t\t\t<li class=\"elementor-icon-list-item\">\n\t\t\t\t\t\t\t\t\t\t\t<span class=\"elementor-icon-list-icon\">\n\t\t\t\t\t\t\t<svg aria-hidden=\"true\" class=\"e-font-icon-svg e-far-check-circle\" viewbox=\"0 0 512 512\" xmlns=\"http:\/\/www.w3.org\/2000\/svg\"><path d=\"M256 8C119.033 8 8 119.033 8 256s111.033 248 248 248 248-111.033 248-248S392.967 8 256 8zm0 48c110.532 0 200 89.451 200 200 0 110.532-89.451 200-200 200-110.532 0-200-89.451-200-200 0-110.532 89.451-200 200-200m140.204 130.267l-22.536-22.718c-4.667-4.705-12.265-4.736-16.97-.068L215.346 303.697l-59.792-60.277c-4.667-4.705-12.265-4.736-16.97-.069l-22.719 22.536c-4.705 4.667-4.736 12.265-.068 16.971l90.781 91.516c4.667 4.705 12.265 4.736 16.97.068l172.589-171.204c4.704-4.668 4.734-12.266.067-16.971z\"><\/path><\/svg>\t\t\t\t\t\t<\/span>\n\t\t\t\t\t\t\t\t\t\t<span class=\"elementor-icon-list-text\">Opera\u00e7\u00f5es di\u00e1rias sem problemas<\/span>\n\t\t\t\t\t\t\t\t\t<\/li>\n\t\t\t\t\t\t\t\t<li class=\"elementor-icon-list-item\">\n\t\t\t\t\t\t\t\t\t\t\t<span class=\"elementor-icon-list-icon\">\n\t\t\t\t\t\t\t<svg aria-hidden=\"true\" class=\"e-font-icon-svg e-far-check-circle\" viewbox=\"0 0 512 512\" xmlns=\"http:\/\/www.w3.org\/2000\/svg\"><path d=\"M256 8C119.033 8 8 119.033 8 256s111.033 248 248 248 248-111.033 248-248S392.967 8 256 8zm0 48c110.532 0 200 89.451 200 200 0 110.532-89.451 200-200 200-110.532 0-200-89.451-200-200 0-110.532 89.451-200 200-200m140.204 130.267l-22.536-22.718c-4.667-4.705-12.265-4.736-16.97-.068L215.346 303.697l-59.792-60.277c-4.667-4.705-12.265-4.736-16.97-.069l-22.719 22.536c-4.705 4.667-4.736 12.265-.068 16.971l90.781 91.516c4.667 4.705 12.265 4.736 16.97.068l172.589-171.204c4.704-4.668 4.734-12.266.067-16.971z\"><\/path><\/svg>\t\t\t\t\t\t<\/span>\n\t\t\t\t\t\t\t\t\t\t<span class=\"elementor-icon-list-text\">Prote\u00e7\u00e3o de activos a longo prazo<\/span>\n\t\t\t\t\t\t\t\t\t<\/li>\n\t\t\t\t\t\t<\/ul>\n\t\t\t\t\t\t<\/div>\n\t\t\t\t<div class=\"elementor-element elementor-element-2f42104 animated-slow elementor-invisible elementor-widget elementor-widget-text-editor\" data-id=\"2f42104\" data-element_type=\"widget\" data-e-type=\"widget\" data-settings=\"{&quot;_animation&quot;:&quot;fadeInRight&quot;,&quot;_animation_mobile&quot;:&quot;none&quot;}\" data-widget_type=\"text-editor.default\">\n\t\t\t\t\t\t\t\t\t<p data-start=\"1413\" data-end=\"1560\">O nosso objetivo \u00e9 criar uma experi\u00eancia de aluguer rent\u00e1vel e sem stress para os propriet\u00e1rios de im\u00f3veis, proporcionando aos inquilinos um local de elevada qualidade para viver.<\/p>\t\t\t\t\t\t\t\t<\/div>\n\t\t\t\t\t<\/div>\n\t\t\t\t<\/div>\n\t\t<div class=\"elementor-element elementor-element-8168522 animated-slow e-flex e-con-boxed elementor-invisible e-con e-parent\" data-id=\"8168522\" data-element_type=\"container\" data-e-type=\"container\" data-settings=\"{&quot;animation&quot;:&quot;fadeInLeft&quot;}\">\n\t\t\t\t\t<div class=\"e-con-inner\">\n\t\t<div class=\"elementor-element elementor-element-c8a6497 e-con-full e-flex e-con e-child\" data-id=\"c8a6497\" data-element_type=\"container\" data-e-type=\"container\">\n\t\t\t\t<div class=\"elementor-element elementor-element-259a54f elementor-widget elementor-widget-heading\" data-id=\"259a54f\" data-element_type=\"widget\" data-e-type=\"widget\" data-widget_type=\"heading.default\">\n\t\t\t\t\t<h2 class=\"elementor-heading-title elementor-size-default\">Sobre a Fl\u00f3rida Central<\/h2>\t\t\t\t<\/div>\n\t\t\t\t<div class=\"elementor-element elementor-element-98e7d80 elementor-widget elementor-widget-text-editor\" data-id=\"98e7d80\" data-element_type=\"widget\" data-e-type=\"widget\" data-widget_type=\"text-editor.default\">\n\t\t\t\t\t\t\t\t\t<p data-start=\"1721\" data-end=\"2072\">A Fl\u00f3rida Central \u00e9 um dos mercados imobili\u00e1rios de mais r\u00e1pido crescimento nos Estados Unidos, impulsionado por um forte crescimento populacional, turismo de classe mundial e comunidades residenciais em expans\u00e3o. Cidades como <strong data-start=\"1917\" data-end=\"1979\">Orlando, Kissimmee, Davenport, Winter Garden e Clermont<\/strong> oferecem excelentes oportunidades tanto para alugueres de longa dura\u00e7\u00e3o como para propriedades de f\u00e9rias de curta dura\u00e7\u00e3o.<\/p><p data-start=\"2074\" data-end=\"2335\">Com a proximidade das principais auto-estradas, parques tem\u00e1ticos, centros de neg\u00f3cios e bairros suburbanos em crescimento, a Fl\u00f3rida Central continua a atrair inquilinos, viajantes e investidores - tornando-a uma regi\u00e3o ideal para investimentos imobili\u00e1rios e gest\u00e3o profissional de propriedades.<\/p>\t\t\t\t\t\t\t\t<\/div>\n\t\t\t\t<\/div>\n\t\t<div class=\"elementor-element elementor-element-dc2aed2 e-con-full e-flex e-con e-child\" data-id=\"dc2aed2\" data-element_type=\"container\" data-e-type=\"container\">\n\t\t\t\t<div class=\"elementor-element elementor-element-fc9e781 elementor-widget elementor-widget-image\" data-id=\"fc9e781\" data-element_type=\"widget\" data-e-type=\"widget\" data-widget_type=\"image.default\">\n\t\t\t\t\t\t\t\t\t\t\t\t\t\t\t<img fetchpriority=\"high\" decoding=\"async\" width=\"1072\" height=\"482\" src=\"https:\/\/mickeyshomes.com\/wp-content\/uploads\/2026\/01\/florida.png\" class=\"attachment-full size-full wp-image-6449\" alt=\"\" srcset=\"https:\/\/mickeyshomes.com\/wp-content\/uploads\/2026\/01\/florida.png 1072w, https:\/\/mickeyshomes.com\/wp-content\/uploads\/2026\/01\/florida-300x135.png 300w, https:\/\/mickeyshomes.com\/wp-content\/uploads\/2026\/01\/florida-1024x460.png 1024w, https:\/\/mickeyshomes.com\/wp-content\/uploads\/2026\/01\/florida-768x345.png 768w, https:\/\/mickeyshomes.com\/wp-content\/uploads\/2026\/01\/florida-600x270.png 600w\" sizes=\"(max-width: 1072px) 100vw, 1072px\" \/>\t\t\t\t\t\t\t\t\t\t\t\t\t\t\t<\/div>\n\t\t\t\t<\/div>\n\t\t\t\t\t<\/div>\n\t\t\t\t<\/div>\n\t\t<div class=\"elementor-element elementor-element-3dfaf81 animated-slow e-flex e-con-boxed elementor-invisible e-con e-parent\" data-id=\"3dfaf81\" data-element_type=\"container\" data-e-type=\"container\" data-settings=\"{&quot;animation&quot;:&quot;fadeInRight&quot;}\">\n\t\t\t\t\t<div class=\"e-con-inner\">\n\t\t<div class=\"elementor-element elementor-element-5c18408 e-con-full e-flex e-con e-child\" data-id=\"5c18408\" data-element_type=\"container\" data-e-type=\"container\">\n\t\t\t\t<div class=\"elementor-element elementor-element-3e59ae9 elementor-widget elementor-widget-heading\" data-id=\"3e59ae9\" data-element_type=\"widget\" data-e-type=\"widget\" data-widget_type=\"heading.default\">\n\t\t\t\t\t<h2 class=\"elementor-heading-title elementor-size-default\">Pronto para come\u00e7ar?<\/h2>\t\t\t\t<\/div>\n\t\t\t\t<div class=\"elementor-element elementor-element-db657a4 elementor-widget elementor-widget-text-editor\" data-id=\"db657a4\" data-element_type=\"widget\" data-e-type=\"widget\" data-widget_type=\"text-editor.default\">\n\t\t\t\t\t\t\t\t\t<p data-start=\"2372\" data-end=\"2541\">Quer seja propriet\u00e1rio de uma casa unifamiliar, de um condom\u00ednio ou de uma unidade de aluguer em qualquer parte de <strong data-start=\"2450\" data-end=\"2469\">Fl\u00f3rida Central<\/strong>, A nossa equipa profissional de gest\u00e3o de propriedades est\u00e1 aqui para o ajudar a ter sucesso.<\/p><p data-start=\"2543\" data-end=\"2718\">Solicite o seu <strong data-start=\"2556\" data-end=\"2586\">Consulta GRATUITA sobre o im\u00f3vel<\/strong> hoje e descubra como a Mickey's Homes Property Management pode ajud\u00e1-lo a aumentar o rendimento, reduzir o stress e proteger o seu investimento.<\/p>\t\t\t\t\t\t\t\t<\/div>\n\t\t\t\t<\/div>\n\t\t\t\t\t<\/div>\n\t\t\t\t<\/div>\n\t\t\t\t<\/div>","protected":false},"excerpt":{"rendered":"<p>Deixe-nos gerir a sua propriedade de aluguer na Fl\u00f3rida Central A Mickey's Homes Property Management fornece servi\u00e7os de gest\u00e3o de propriedades profissionais e fi\u00e1veis em toda a Fl\u00f3rida Central, incluindo Kissimmee, Winter Garden, Davenport, Orlando e Clermont, concebidos para ajudar os propriet\u00e1rios de propriedades de aluguer a aumentar a rentabilidade, proteger os seus investimentos e simplificar as opera\u00e7\u00f5es do dia a dia. As nossas solu\u00e7\u00f5es de gest\u00e3o de propriedades na Fl\u00f3rida Central s\u00e3o adaptadas para...<\/p>","protected":false},"author":1,"featured_media":0,"parent":0,"menu_order":0,"comment_status":"closed","ping_status":"closed","template":"redux-templates_full_width","meta":{"_joinchat":[],"footnotes":""},"class_list":["post-413","page","type-page","status-publish","hentry"],"_links":{"self":[{"href":"https:\/\/mickeyshomes.com\/pt\/wp-json\/wp\/v2\/pages\/413","targetHints":{"allow":["GET"]}}],"collection":[{"href":"https:\/\/mickeyshomes.com\/pt\/wp-json\/wp\/v2\/pages"}],"about":[{"href":"https:\/\/mickeyshomes.com\/pt\/wp-json\/wp\/v2\/types\/page"}],"author":[{"embeddable":true,"href":"https:\/\/mickeyshomes.com\/pt\/wp-json\/wp\/v2\/users\/1"}],"replies":[{"embeddable":true,"href":"https:\/\/mickeyshomes.com\/pt\/wp-json\/wp\/v2\/comments?post=413"}],"version-history":[{"count":0,"href":"https:\/\/mickeyshomes.com\/pt\/wp-json\/wp\/v2\/pages\/413\/revisions"}],"wp:attachment":[{"href":"https:\/\/mickeyshomes.com\/pt\/wp-json\/wp\/v2\/media?parent=413"}],"curies":[{"name":"wp","href":"https:\/\/api.w.org\/{rel}","templated":true}]}}