{"id":5168,"date":"2025-12-23T21:59:45","date_gmt":"2025-12-23T21:59:45","guid":{"rendered":"https:\/\/mickeyshomes.com\/?page_id=5168"},"modified":"2026-01-28T04:11:11","modified_gmt":"2026-01-28T04:11:11","slug":"faqs-para-inquilinos","status":"publish","type":"page","link":"https:\/\/mickeyshomes.com\/pt\/tenant-faqs\/","title":{"rendered":"FAQs sobre inquilinos"},"content":{"rendered":"<div data-elementor-type=\"wp-page\" data-elementor-id=\"5168\" class=\"elementor elementor-5168\" data-elementor-post-type=\"page\">\n\t\t\t\t<div class=\"elementor-element elementor-element-d82ceca e-flex e-con-boxed e-con e-parent\" data-id=\"d82ceca\" data-element_type=\"container\" data-e-type=\"container\">\n\t\t\t\t\t<div class=\"e-con-inner\">\n\t\t<div class=\"elementor-element elementor-element-574b9df e-con-full e-flex e-con e-child\" data-id=\"574b9df\" data-element_type=\"container\" data-e-type=\"container\">\n\t\t\r\n\t\t<div class=\"elementor-element elementor-element-8d2ad62 elementor-widget elementor-widget-pillersectiontitle\" data-id=\"8d2ad62\" data-element_type=\"widget\" data-e-type=\"widget\" data-widget_type=\"pillersectiontitle.default\">\n\t\t\t\t<div class=\"elementor-widget-container\">\n\t\t\t\t\t\t\t<div class=\"title-area text-left\">\r\n\t\t\t<span class=\"sub-title text-anime-style-1\"><span class=\"double-line\"><\/span>FAQ<\/span><h2 class=\"sec-title text-anime-style-2\">Perguntas mais frequentes dos inquilinos<\/h2><p>O que gostaria de saber sobre o aluguer com a Mickey's Homes?\nEncontre respostas \u00fateis sobre arrendamento, pagamentos, manuten\u00e7\u00e3o e a sua experi\u00eancia como inquilino numa das nossas propriedades de aluguer geridas.\n<\/p>\t\t<\/div>\r\n\r\n\t\t\t\t\t<\/div>\n\t\t\t\t<\/div>\n\t\t\t\t<div class=\"elementor-element elementor-element-3527998 elementor-widget elementor-widget-pillerbutton\" data-id=\"3527998\" data-element_type=\"widget\" data-e-type=\"widget\" data-widget_type=\"pillerbutton.default\">\n\t\t\t\t<div class=\"elementor-widget-container\">\n\t\t\t\t\t<div class=\"btn-wrapper\"><a class=\"th-btn th_btn pill\" href=\"https:\/\/wordpress.themehour.net\/piller\/contact\/\">Apoio ao contacto<\/a><\/div>\t\t\t\t<\/div>\n\t\t\t\t<\/div>\n\t\t\t\t<div class=\"elementor-element elementor-element-da69440 elementor-widget elementor-widget-pillercontactinfo\" data-id=\"da69440\" data-element_type=\"widget\" data-e-type=\"widget\" data-widget_type=\"pillercontactinfo.default\">\n\t\t\t\t<div class=\"elementor-widget-container\">\n\t\t\t\t\t<div class=\"widget bg-smoke faq\"><div class=\"th-widget-contact\"><div class=\"info-box\"><div class=\"info-box_icon\"><i class=\"fas fa-phone\"><\/i><\/div><div class=\"info-box_text desc\"><a href=\"tel:+1 352-348-8033\" class=\"info-box_link\">+1 352-348-8033<\/a><\/div><\/div><div class=\"info-box\"><div class=\"info-box_icon\"><i class=\"fas fa-envelope\"><\/i><\/div><div class=\"info-box_text desc\"><a href=\"mailto:info@mickeyshomes.com\" class=\"info-box_link\"> info@mickeyshomes.com<\/a><\/div><\/div><div class=\"info-box\"><div class=\"info-box_icon\"><i class=\"fas fa-location-dot\"><\/i><\/div><div class=\"info-box_text desc\">4904 Cape Hatteras Dr, Clermont, FL 34714<\/div><\/div><\/div><\/div>\t\t\t\t<\/div>\n\t\t\t\t<\/div>\n\t\t\t\t<\/div>\n\t\t<div class=\"elementor-element elementor-element-aefe5d4 e-con-full e-flex e-con e-child\" data-id=\"aefe5d4\" data-element_type=\"container\" data-e-type=\"container\">\n\t\t\t\t<div class=\"elementor-element elementor-element-ab5325a elementor-widget elementor-widget-pillerfaq\" data-id=\"ab5325a\" data-element_type=\"widget\" data-e-type=\"widget\" data-widget_type=\"pillerfaq.default\">\n\t\t\t\t<div class=\"elementor-widget-container\">\n\t\t\t\t\t<div class=\"th-faq-wrapper\"><div class=\"accordion-1 accordion\" id=\"faqAccordion1\"><div class=\"accordion-card active wow fadeinup\"  data-wow-delay=\"0.1s\"><div class=\"accordion-header\" id=\"collapse-item-69e16d28b7b26\"><button class=\"accordion-button\" type=\"button\" data-bs-toggle=\"collapse\" data-bs-target=\"#collapse-69e16d28b7b26\" aria-expanded=\"true\" aria-controls=\"collapse-69e16d28b7b26\"><span class=\"serial-numb\">1. <\/span>  Qual \u00e9 o processo de candidatura a um aluguer?<\/button><\/div><div id=\"collapse-69e16d28b7b26\" class=\"accordion-collapse collapse show\" aria-labelledby=\"collapse-item-69e16d28b7b26\" data-bs-parent=\"#faqAccordion1\"><div class=\"accordion-body\"><div class=\"faq-text\"><p>Para se candidatar com <strong data-start=\"121\" data-end=\"138\">Casa do Mickey<\/strong>, O candidato deve ter pelo menos 18 anos de idade e apresentar a sua candidatura atrav\u00e9s do nosso portal seguro em linha. Todos os adultos que v\u00e3o viver na casa t\u00eam de preencher a sua pr\u00f3pria candidatura. Para evitar taxas de candidatura desnecess\u00e1rias, apenas processamos um grupo de candidaturas de cada vez para cada propriedade.<\/p><\/div><\/div><\/div><\/div><div class=\"accordion-card  wow fadeinup\"  data-wow-delay=\"0.3s\"><div class=\"accordion-header\" id=\"collapse-item-69e16d28b7c94\"><button class=\"accordion-button collapsed\" type=\"button\" data-bs-toggle=\"collapse\" data-bs-target=\"#collapse-69e16d28b7c94\" aria-expanded=\"false\" aria-controls=\"collapse-69e16d28b7c94\"><span class=\"serial-numb\">2. <\/span> Posso candidatar-me a uma casa sem a ver pessoalmente?<\/button><\/div><div id=\"collapse-69e16d28b7c94\" class=\"accordion-collapse collapse\" aria-labelledby=\"collapse-item-69e16d28b7c94\" data-bs-parent=\"#faqAccordion1\"><div class=\"accordion-body\"><div class=\"faq-text\"><p>Sim - se n\u00e3o for local, <strong data-start=\"132\" data-end=\"149\">Casa do Mickey<\/strong> oferece visitas virtuais e online com um dos nossos gestores de im\u00f3veis atrav\u00e9s de videochamadas em direto, para que possa ver a casa a partir de qualquer lugar antes de se candidatar.<\/p><\/div><\/div><\/div><\/div><div class=\"accordion-card  wow fadeinup\"  data-wow-delay=\"0.5s\"><div class=\"accordion-header\" id=\"collapse-item-69e16d28b7d56\"><button class=\"accordion-button collapsed\" type=\"button\" data-bs-toggle=\"collapse\" data-bs-target=\"#collapse-69e16d28b7d56\" aria-expanded=\"false\" aria-controls=\"collapse-69e16d28b7d56\"><span class=\"serial-numb\">3. <\/span> Como posso solicitar a apresenta\u00e7\u00e3o de uma casa para aluguer?<\/button><\/div><div id=\"collapse-69e16d28b7d56\" class=\"accordion-collapse collapse\" aria-labelledby=\"collapse-item-69e16d28b7d56\" data-bs-parent=\"#faqAccordion1\"><div class=\"accordion-body\"><div class=\"faq-text\"><p data-start=\"110\" data-end=\"315\">Para marcar uma visita com <strong data-start=\"137\" data-end=\"154\">Casa do Mickey<\/strong>Para agendar uma visita com a Casa do Mickey, basta ligar ou enviar um e-mail utilizando os dados de contacto dispon\u00edveis em cada an\u00fancio.\nA nossa equipa responder\u00e1 rapidamente para combinar um hor\u00e1rio que se adapte \u00e0 sua agenda.<\/p><\/div><\/div><\/div><\/div><div class=\"accordion-card  wow fadeinup\"  data-wow-delay=\"0.7s\"><div class=\"accordion-header\" id=\"collapse-item-69e16d28b7df4\"><button class=\"accordion-button collapsed\" type=\"button\" data-bs-toggle=\"collapse\" data-bs-target=\"#collapse-69e16d28b7df4\" aria-expanded=\"false\" aria-controls=\"collapse-69e16d28b7df4\"><span class=\"serial-numb\">4. <\/span>  \u00c9 necess\u00e1rio um contrato de arrendamento para alugar uma casa?<\/button><\/div><div id=\"collapse-69e16d28b7df4\" class=\"accordion-collapse collapse\" aria-labelledby=\"collapse-item-69e16d28b7df4\" data-bs-parent=\"#faqAccordion1\"><div class=\"accordion-body\"><div class=\"faq-text\"><p>Sim. Todos os inquilinos s\u00e3o obrigados a assinar um contrato de arrendamento, seja online ou pessoalmente, mediante marca\u00e7\u00e3o pr\u00e9via. A maior parte dos nossos contratos de arrendamento s\u00e3o de 12 meses e definem as responsabilidades do inquilino e da equipa de gest\u00e3o durante a sua estadia.<\/p><\/div><\/div><\/div><\/div><div class=\"accordion-card  wow fadeinup\"  data-wow-delay=\"0.9s\"><div class=\"accordion-header\" id=\"collapse-item-69e16d28b7e65\"><button class=\"accordion-button collapsed\" type=\"button\" data-bs-toggle=\"collapse\" data-bs-target=\"#collapse-69e16d28b7e65\" aria-expanded=\"false\" aria-controls=\"collapse-69e16d28b7e65\"><span class=\"serial-numb\">5. <\/span> Qual \u00e9 a cau\u00e7\u00e3o exigida?<\/button><\/div><div id=\"collapse-69e16d28b7e65\" class=\"accordion-collapse collapse\" aria-labelledby=\"collapse-item-69e16d28b7e65\" data-bs-parent=\"#faqAccordion1\"><div class=\"accordion-body\"><div class=\"faq-text\"><p>O dep\u00f3sito de seguran\u00e7a baseia-se nos resultados da candidatura e do historial. O nosso sistema permite-nos calcular factores de risco e, normalmente, o montante da cau\u00e7\u00e3o situa-se entre 1 e 2 meses de renda. Este valor deve ser pago na totalidade antes da data de mudan\u00e7a.<\/p><\/div><\/div><\/div><\/div><div class=\"accordion-card  wow fadeinup\"  data-wow-delay=\"1.1s\"><div class=\"accordion-header\" id=\"collapse-item-69e16d28b7ecf\"><button class=\"accordion-button collapsed\" type=\"button\" data-bs-toggle=\"collapse\" data-bs-target=\"#collapse-69e16d28b7ecf\" aria-expanded=\"false\" aria-controls=\"collapse-69e16d28b7ecf\"><span class=\"serial-numb\">6. <\/span>  Qual \u00e9 a data de vencimento da renda e quais os m\u00e9todos de pagamento aceites?<\/button><\/div><div id=\"collapse-69e16d28b7ecf\" class=\"accordion-collapse collapse\" aria-labelledby=\"collapse-item-69e16d28b7ecf\" data-bs-parent=\"#faqAccordion1\"><div class=\"accordion-body\"><div class=\"faq-text\"><p data-start=\"107\" data-end=\"221\">A renda \u00e9 devida no primeiro dia de cada m\u00eas. <strong data-start=\"151\" data-end=\"168\">Casa do Mickey<\/strong> oferece v\u00e1rias formas de pagamento seguras e c\u00f3modas:<\/p><ul data-start=\"223\" data-end=\"422\"><li data-start=\"223\" data-end=\"263\"><p data-start=\"225\" data-end=\"263\">Pagar em linha atrav\u00e9s do nosso portal do inquilino<\/p><\/li><li data-start=\"264\" data-end=\"364\"><p data-start=\"266\" data-end=\"364\">Enviar um cheque ou ordem de pagamento para o nosso escrit\u00f3rio (incluir o endere\u00e7o da propriedade e o n\u00famero da unidade)<\/p><\/li><li data-start=\"365\" data-end=\"422\"><p data-start=\"367\" data-end=\"422\">Efetuar um pagamento pessoalmente em qualquer banco do Regions ou do Chase Bank<\/p><\/li><\/ul><\/div><\/div><\/div><\/div><div class=\"accordion-card  wow fadeinup\"  data-wow-delay=\"1.3s\"><div class=\"accordion-header\" id=\"collapse-item-69e16d28b7ff9\"><button class=\"accordion-button collapsed\" type=\"button\" data-bs-toggle=\"collapse\" data-bs-target=\"#collapse-69e16d28b7ff9\" aria-expanded=\"false\" aria-controls=\"collapse-69e16d28b7ff9\"><span class=\"serial-numb\">7. <\/span>A minha renda pode aumentar?<\/button><\/div><div id=\"collapse-69e16d28b7ff9\" class=\"accordion-collapse collapse\" aria-labelledby=\"collapse-item-69e16d28b7ff9\" data-bs-parent=\"#faqAccordion1\"><div class=\"accordion-body\"><div class=\"faq-text\"><p>Em <strong data-start=\"108\" data-end=\"125\">Casa do Mickey<\/strong>, As altera\u00e7\u00f5es de renda s\u00e3o normalmente revistas no final do seu per\u00edodo de aluguer. Quaisquer ajustamentos baseiam-se nas condi\u00e7\u00f5es actuais do mercado e em avalia\u00e7\u00f5es internas, e o cliente receber\u00e1 sempre um aviso pr\u00e9vio antes de qualquer altera\u00e7\u00e3o entrar em vigor.<\/p><\/div><\/div><\/div><\/div><div class=\"accordion-card  wow fadeinup\"  data-wow-delay=\"1.5s\"><div class=\"accordion-header\" id=\"collapse-item-69e16d28b8085\"><button class=\"accordion-button collapsed\" type=\"button\" data-bs-toggle=\"collapse\" data-bs-target=\"#collapse-69e16d28b8085\" aria-expanded=\"false\" aria-controls=\"collapse-69e16d28b8085\"><span class=\"serial-numb\">8. <\/span> As taxas por atraso podem ser removidas?<\/button><\/div><div id=\"collapse-69e16d28b8085\" class=\"accordion-collapse collapse\" aria-labelledby=\"collapse-item-69e16d28b8085\" data-bs-parent=\"#faqAccordion1\"><div class=\"accordion-body\"><div class=\"faq-text\"><p>N\u00e3o. N\u00e3o podemos renunciar a taxas de aluguer atrasadas, uma vez que a nossa pol\u00edtica deve ser aplicada de forma consistente e justa a todos os residentes.<\/p><\/div><\/div><\/div><\/div><div class=\"accordion-card  wow fadeinup\"  data-wow-delay=\"1.7s\"><div class=\"accordion-header\" id=\"collapse-item-69e16d28b8105\"><button class=\"accordion-button collapsed\" type=\"button\" data-bs-toggle=\"collapse\" data-bs-target=\"#collapse-69e16d28b8105\" aria-expanded=\"false\" aria-controls=\"collapse-69e16d28b8105\"><span class=\"serial-numb\">9. <\/span>E se eu n\u00e3o conseguir pagar a renda a tempo?<\/button><\/div><div id=\"collapse-69e16d28b8105\" class=\"accordion-collapse collapse\" aria-labelledby=\"collapse-item-69e16d28b8105\" data-bs-parent=\"#faqAccordion1\"><div class=\"accordion-body\"><div class=\"faq-text\"><p>Se prev\u00ea um atraso no pagamento, contacte imediatamente a nossa equipa de contas a receber. Ignorar o problema pode resultar em taxas adicionais ou potenciais viola\u00e7\u00f5es do contrato de aluguer.<\/p><\/div><\/div><\/div><\/div><div class=\"accordion-card  wow fadeinup\"  data-wow-delay=\"1.9s\"><div class=\"accordion-header\" id=\"collapse-item-69e16d28b816f\"><button class=\"accordion-button collapsed\" type=\"button\" data-bs-toggle=\"collapse\" data-bs-target=\"#collapse-69e16d28b816f\" aria-expanded=\"false\" aria-controls=\"collapse-69e16d28b816f\"><span class=\"serial-numb\">10. <\/span> S\u00e3o permitidos companheiros de quarto?<\/button><\/div><div id=\"collapse-69e16d28b816f\" class=\"accordion-collapse collapse\" aria-labelledby=\"collapse-item-69e16d28b816f\" data-bs-parent=\"#faqAccordion1\"><div class=\"accordion-body\"><div class=\"faq-text\"><p>Sim, s\u00e3o permitidos companheiros de quarto, mas todos os ocupantes t\u00eam de concluir o processo completo de candidatura e aprova\u00e7\u00e3o. Isso inclui o envio de uma inscri\u00e7\u00e3o, o pagamento da taxa necess\u00e1ria e a aprova\u00e7\u00e3o nos requisitos de triagem. Qualquer ocupante n\u00e3o autorizado \u00e9 considerado uma viola\u00e7\u00e3o do contrato de aluguer.<\/p><\/div><\/div><\/div><\/div><div class=\"accordion-card  wow fadeinup\"  data-wow-delay=\"2.1s\"><div class=\"accordion-header\" id=\"collapse-item-69e16d28b81d7\"><button class=\"accordion-button collapsed\" type=\"button\" data-bs-toggle=\"collapse\" data-bs-target=\"#collapse-69e16d28b81d7\" aria-expanded=\"false\" aria-controls=\"collapse-69e16d28b81d7\"><span class=\"serial-numb\">11. <\/span> O que \u00e9 considerado uma emerg\u00eancia de manuten\u00e7\u00e3o?<\/button><\/div><div id=\"collapse-69e16d28b81d7\" class=\"accordion-collapse collapse\" aria-labelledby=\"collapse-item-69e16d28b81d7\" data-bs-parent=\"#faqAccordion1\"><div class=\"accordion-body\"><div class=\"faq-text\"><p data-start=\"107\" data-end=\"268\">Em <strong data-start=\"110\" data-end=\"127\">Casa do Mickey<\/strong>, Uma emerg\u00eancia de manuten\u00e7\u00e3o \u00e9 qualquer situa\u00e7\u00e3o que ponha em risco a seguran\u00e7a ou possa causar danos materiais significativos. Isto inclui quest\u00f5es como:<\/p><ul data-start=\"270\" data-end=\"420\"><li data-start=\"270\" data-end=\"307\"><p data-start=\"272\" data-end=\"307\">Canos rebentados ou fugas de \u00e1gua activas<\/p><\/li><li data-start=\"308\" data-end=\"376\"><p data-start=\"310\" data-end=\"376\">Falhas no aquecimento ou no ar condicionado durante temperaturas extremas<\/p><\/li><li data-start=\"377\" data-end=\"420\"><p data-start=\"379\" data-end=\"420\">Inc\u00eandio ou fugas de g\u00e1s (ligue sempre primeiro para o 112)<\/p><\/li><\/ul><p data-start=\"422\" data-end=\"506\">Para qualquer situa\u00e7\u00e3o urgente, contacte imediatamente a nossa linha de manuten\u00e7\u00e3o de emerg\u00eancia.<\/p><\/div><\/div><\/div><\/div><div class=\"accordion-card  wow fadeinup\"  data-wow-delay=\"2.3s\"><div class=\"accordion-header\" id=\"collapse-item-69e16d28b8303\"><button class=\"accordion-button collapsed\" type=\"button\" data-bs-toggle=\"collapse\" data-bs-target=\"#collapse-69e16d28b8303\" aria-expanded=\"false\" aria-controls=\"collapse-69e16d28b8303\"><span class=\"serial-numb\">12. <\/span> Qual \u00e9 a pol\u00edtica de animais de estima\u00e7\u00e3o da Mickey's Home?<\/button><\/div><div id=\"collapse-69e16d28b8303\" class=\"accordion-collapse collapse\" aria-labelledby=\"collapse-item-69e16d28b8303\" data-bs-parent=\"#faqAccordion1\"><div class=\"accordion-body\"><div class=\"faq-text\"><p>Em <strong data-start=\"108\" data-end=\"125\">Casa do Mickey<\/strong>, As pol\u00edticas relativas a animais de estima\u00e7\u00e3o dependem do contrato de aluguer espec\u00edfico. Se j\u00e1 tem um animal de estima\u00e7\u00e3o e gostaria de adicionar outro, deve contactar primeiro o nosso escrit\u00f3rio para obter aprova\u00e7\u00e3o. Todos os pedidos de animais de estima\u00e7\u00e3o s\u00e3o analisados caso a caso, de acordo com os termos do seu contrato de arrendamento.<\/p><\/div><\/div><\/div><\/div><div class=\"accordion-card  wow fadeinup\"  data-wow-delay=\"2.5s\"><div class=\"accordion-header\" id=\"collapse-item-69e16d28b8389\"><button class=\"accordion-button collapsed\" type=\"button\" data-bs-toggle=\"collapse\" data-bs-target=\"#collapse-69e16d28b8389\" aria-expanded=\"false\" aria-controls=\"collapse-69e16d28b8389\"><span class=\"serial-numb\">13. <\/span> Posso mudar as fechaduras?<\/button><\/div><div id=\"collapse-69e16d28b8389\" class=\"accordion-collapse collapse\" aria-labelledby=\"collapse-item-69e16d28b8389\" data-bs-parent=\"#faqAccordion1\"><div class=\"accordion-body\"><div class=\"faq-text\"><p data-start=\"110\" data-end=\"380\">Em <strong data-start=\"113\" data-end=\"130\">Casa do Mickey<\/strong>, Os inquilinos n\u00e3o podem mudar ou acrescentar fechaduras sem autoriza\u00e7\u00e3o por escrito. Se pretender instalar novas fechaduras, deve apresentar um pedido com anteced\u00eancia. Todas as mudan\u00e7as de fechaduras devem ser efectuadas por um empreiteiro aprovado e o custo ser\u00e1 da responsabilidade do inquilino.<\/p><\/div><\/div><\/div><\/div><div class=\"accordion-card  wow fadeinup\"  data-wow-delay=\"2.7s\"><div class=\"accordion-header\" id=\"collapse-item-69e16d28b841f\"><button class=\"accordion-button collapsed\" type=\"button\" data-bs-toggle=\"collapse\" data-bs-target=\"#collapse-69e16d28b841f\" aria-expanded=\"false\" aria-controls=\"collapse-69e16d28b841f\"><span class=\"serial-numb\">14. <\/span> A administra\u00e7\u00e3o pode entrar na minha casa quando eu n\u00e3o estou presente?<\/button><\/div><div id=\"collapse-69e16d28b841f\" class=\"accordion-collapse collapse\" aria-labelledby=\"collapse-item-69e16d28b841f\" data-bs-parent=\"#faqAccordion1\"><div class=\"accordion-body\"><div class=\"faq-text\"><p>Sim. <strong data-start=\"110\" data-end=\"127\">Casa do Mickey<\/strong> podem entrar na propriedade com o devido aviso quando necess\u00e1rio para repara\u00e7\u00f5es, inspec\u00e7\u00f5es ou acesso de prestadores de servi\u00e7os, tais como profissionais de seguros ou de manuten\u00e7\u00e3o. Sempre que poss\u00edvel, faremos todos os esfor\u00e7os para agendar visitas quando um residente estiver dispon\u00edvel.<\/p><\/div><\/div><\/div><\/div><div class=\"accordion-card  wow fadeinup\"  data-wow-delay=\"2.9s\"><div class=\"accordion-header\" id=\"collapse-item-69e16d28b84cc\"><button class=\"accordion-button collapsed\" type=\"button\" data-bs-toggle=\"collapse\" data-bs-target=\"#collapse-69e16d28b84cc\" aria-expanded=\"false\" aria-controls=\"collapse-69e16d28b84cc\"><span class=\"serial-numb\">15. <\/span>Preciso de um seguro de arrendamento?<\/button><\/div><div id=\"collapse-69e16d28b84cc\" class=\"accordion-collapse collapse\" aria-labelledby=\"collapse-item-69e16d28b84cc\" data-bs-parent=\"#faqAccordion1\"><div class=\"accordion-body\"><div class=\"faq-text\"><p>Sim. O seguro de arrendamento \u00e9 obrigat\u00f3rio antes da mudan\u00e7a. Ter\u00e1 de apresentar um comprovativo de cobertura antes de receber as suas chaves.<\/p><\/div><\/div><\/div><\/div><\/div><\/div>\t\t\t\t<\/div>\n\t\t\t\t<\/div>\n\t\t\t\t<\/div>\n\t\t\t\t\t<\/div>\n\t\t\t\t<\/div>\n\t\t\t\t<\/div>","protected":false},"excerpt":{"rendered":"<p>FAQ Inquilino Perguntas frequentes O que gostaria de saber sobre o aluguer com a Mickey's Homes? Encontre respostas \u00fateis sobre arrendamento, pagamentos, manuten\u00e7\u00e3o e a sua experi\u00eancia como inquilino numa das nossas propriedades de aluguer geridas. Contacto de Apoio +1 352-348-8033 info@mickeyshomes.com4904 Cape Hatteras Dr, Clermont, FL 34714 1. Qual \u00e9 o processo para se candidatar a...<\/p>","protected":false},"author":1,"featured_media":0,"parent":0,"menu_order":0,"comment_status":"closed","ping_status":"closed","template":"template-builder.php","meta":{"_joinchat":[],"footnotes":""},"class_list":["post-5168","page","type-page","status-publish","hentry"],"_links":{"self":[{"href":"https:\/\/mickeyshomes.com\/pt\/wp-json\/wp\/v2\/pages\/5168","targetHints":{"allow":["GET"]}}],"collection":[{"href":"https:\/\/mickeyshomes.com\/pt\/wp-json\/wp\/v2\/pages"}],"about":[{"href":"https:\/\/mickeyshomes.com\/pt\/wp-json\/wp\/v2\/types\/page"}],"author":[{"embeddable":true,"href":"https:\/\/mickeyshomes.com\/pt\/wp-json\/wp\/v2\/users\/1"}],"replies":[{"embeddable":true,"href":"https:\/\/mickeyshomes.com\/pt\/wp-json\/wp\/v2\/comments?post=5168"}],"version-history":[{"count":0,"href":"https:\/\/mickeyshomes.com\/pt\/wp-json\/wp\/v2\/pages\/5168\/revisions"}],"wp:attachment":[{"href":"https:\/\/mickeyshomes.com\/pt\/wp-json\/wp\/v2\/media?parent=5168"}],"curies":[{"name":"wp","href":"https:\/\/api.w.org\/{rel}","templated":true}]}}